{"id":953,"date":"2015-12-20T01:40:57","date_gmt":"2015-12-20T00:40:57","guid":{"rendered":"http:\/\/alialaoui.com\/?page_id=953"},"modified":"2017-10-21T17:00:50","modified_gmt":"2017-10-21T15:00:50","slug":"nord-du-maroc-2016","status":"publish","type":"page","link":"https:\/\/alialaoui.com\/?page_id=953","title":{"rendered":"Nord du Maroc 2018"},"content":{"rendered":"<p>https:\/\/youtu.be\/54mcOwBT0EY<\/p>\n<p><strong>Participez \u00e0 un voyage exceptionnel \u00e0 la rencontre des traditions musicales marocaines avec Ali Alaoui<\/strong><\/p>\n<p>Au Nord du Maroc, entre les villes imp\u00e9riales de F\u00e8s et de Mekn\u00e8s et les montagnes\u00a0de l\u2019Atlas, vous serez invit\u00e9s \u00e0 un voyage au rythme des musiques populaires,\u00a0des musiques folkloriques ou des musiques de transe, m\u00e9moires profondes\u00a0d\u2019une culture marocaine intimement li\u00e9e \u00e0 la danse.<\/p>\n<p><strong>Ce stage s&rsquo;adresse aux musiciens et danseurs amateurs et professionnels.<\/strong><\/p>\n<p><strong>AAA&amp;D est en cours d\u2019enregistrement aupr\u00e8s de la DIRECCTE en tant qu\u2019organisme de formation. Diff\u00e9rentes prises en charges pourront \u00eatre envisag\u00e9es\u00a0: AFDAS, UNIFORMATION, employeur.<\/strong><\/p>\n<p>Pour recevoir le bulletin d&rsquo;inscription, contactez-nous par mail: contact@alialaoui.com<\/p>\n<p><a href=\"https:\/\/alialaoui.com\/wp-content\/uploads\/2015\/12\/Flyer-stage-2018-1.jpg\" target=\"_blank\" rel=\"noopener noreferrer\"><img loading=\"lazy\" decoding=\"async\" class=\"alignnone wp-image-1247 \" src=\"https:\/\/alialaoui.com\/wp-content\/uploads\/2015\/12\/Flyer-stage-2018-1-211x300.jpg\" alt=\"\" width=\"374\" height=\"532\" srcset=\"https:\/\/alialaoui.com\/wp-content\/uploads\/2015\/12\/Flyer-stage-2018-1-211x300.jpg 211w, https:\/\/alialaoui.com\/wp-content\/uploads\/2015\/12\/Flyer-stage-2018-1.jpg 678w\" sizes=\"auto, (max-width: 374px) 100vw, 374px\" \/><\/a><\/p>\n<p><a href=\"https:\/\/alialaoui.com\/wp-content\/uploads\/2015\/12\/Flyer-stage-2018-2.jpg\" target=\"_blank\" rel=\"noopener noreferrer\"><img loading=\"lazy\" decoding=\"async\" class=\"alignnone wp-image-1248 \" src=\"https:\/\/alialaoui.com\/wp-content\/uploads\/2015\/12\/Flyer-stage-2018-2-210x300.jpg\" alt=\"\" width=\"375\" height=\"535\" srcset=\"https:\/\/alialaoui.com\/wp-content\/uploads\/2015\/12\/Flyer-stage-2018-2-210x300.jpg 210w, https:\/\/alialaoui.com\/wp-content\/uploads\/2015\/12\/Flyer-stage-2018-2.jpg 674w\" sizes=\"auto, (max-width: 375px) 100vw, 375px\" \/><\/a><\/p>\n<p><a href=\"https:\/\/alialaoui.com\/wp-content\/uploads\/2015\/12\/Flyer-stage-2018-3.jpg\" target=\"_blank\" rel=\"noopener noreferrer\"><img loading=\"lazy\" decoding=\"async\" class=\"alignnone wp-image-1249 \" src=\"https:\/\/alialaoui.com\/wp-content\/uploads\/2015\/12\/Flyer-stage-2018-3-211x300.jpg\" alt=\"\" width=\"374\" height=\"532\" srcset=\"https:\/\/alialaoui.com\/wp-content\/uploads\/2015\/12\/Flyer-stage-2018-3-211x300.jpg 211w, https:\/\/alialaoui.com\/wp-content\/uploads\/2015\/12\/Flyer-stage-2018-3.jpg 678w\" sizes=\"auto, (max-width: 374px) 100vw, 374px\" \/><\/a><\/p>\n<p><a href=\"https:\/\/alialaoui.com\/wp-content\/uploads\/2015\/12\/Flyer-stage-2018-4.jpg\" target=\"_blank\" rel=\"noopener noreferrer\"><img loading=\"lazy\" decoding=\"async\" class=\"alignnone wp-image-1250 \" src=\"https:\/\/alialaoui.com\/wp-content\/uploads\/2015\/12\/Flyer-stage-2018-4-212x300.jpg\" alt=\"\" width=\"375\" height=\"531\" srcset=\"https:\/\/alialaoui.com\/wp-content\/uploads\/2015\/12\/Flyer-stage-2018-4-212x300.jpg 212w, https:\/\/alialaoui.com\/wp-content\/uploads\/2015\/12\/Flyer-stage-2018-4.jpg 682w\" sizes=\"auto, (max-width: 375px) 100vw, 375px\" \/><\/a><\/p>\n<p><strong>PROGRAMME<\/strong><\/p>\n<p><strong>FES<\/strong><\/p>\n<p><strong>Culture musicale et rythmique<br \/>\n<\/strong><\/p>\n<p>En d\u00e9but de stage, Ali Alaoui pr\u00e9sentera les diff\u00e9rents aspects de la culture musicale du patrimoine marocain, et plus particuli\u00e8rement les diff\u00e9rents styles qui seront ensuite d\u00e9velopp\u00e9s lors des ateliers avec les musiciens locaux. Il travaillera aussi la culture rythmique \u00e0 travers le corps, la voix et la pratique des percussions.<\/p>\n<p><strong>Musique savante : <\/strong>musique et chant arabo-andalous<\/p>\n<p>C\u2019est \u00e0 partir du XIe si\u00e8cle, dans la ville imp\u00e9riale de F\u00e8s, que s\u2019est forg\u00e9e la tradition musicale classique marocaine, <strong><em>al \u00e2la<\/em><\/strong> et un vaste r\u00e9pertoire de chants d\u2019inspiration soufie.<\/p>\n<p>Les instruments utilis\u00e9s dans un ensemble typique de musique <strong>arabo-andalouse<\/strong> (takht) sont\u00a0: le tar (tambourin arabe) qui est l\u2019instrument ma\u00eetre de l\u2019ensemble car c\u2019est lui qui donne le rythme de base, la darbouka, l\u2019oud (l&rsquo;anc\u00eatre du luth), le <a href=\"http:\/\/dictionnaire.sensagent.leparisien.fr\/Rab%C3%A2b\/fr-fr\/\">rab\u00e2b<\/a>, le nay, le qan\u00fbn.<\/p>\n<p><strong>Musiques et danses de transe<\/strong><\/p>\n<p>La confr\u00e9rie soufie des <strong>A\u00efssawa<\/strong> est c\u00e9l\u00e8bre dans le monde arabe pour sa\u00a0musique spirituelle caract\u00e9ris\u00e9e par l\u2019utilisation du hautbois ghaita, de chants\u00a0collectifs d\u2019hymnes religieux accompagn\u00e9s par un orchestre de percussions\u00a0utilisant des \u00e9l\u00e9ments de polyrythmie.<\/p>\n<p><a href=\"https:\/\/alialaoui.com\/wp-content\/uploads\/2015\/08\/PICT0081.jpg\" target=\"_blank\" rel=\"noopener noreferrer\"><img loading=\"lazy\" decoding=\"async\" class=\"aligncenter wp-image-745\" src=\"https:\/\/alialaoui.com\/wp-content\/uploads\/2015\/08\/PICT0081-300x300.jpg\" alt=\"\" width=\"307\" height=\"307\" srcset=\"https:\/\/alialaoui.com\/wp-content\/uploads\/2015\/08\/PICT0081-300x300.jpg 300w, https:\/\/alialaoui.com\/wp-content\/uploads\/2015\/08\/PICT0081-150x150.jpg 150w, https:\/\/alialaoui.com\/wp-content\/uploads\/2015\/08\/PICT0081-1022x1024.jpg 1022w, https:\/\/alialaoui.com\/wp-content\/uploads\/2015\/08\/PICT0081.jpg 1129w\" sizes=\"auto, (max-width: 307px) 100vw, 307px\" \/><\/a><\/p>\n<p>La confr\u00e9rie soufie<strong> Ahl Touat<\/strong> est originaire d\u2019Ouezzane, centre de p\u00e9lerinage le\u00a0plus important du Maroc. Ses rituels de transe, notamment la danse du b\u00e2ton\u00a0sont spectaculaires.<\/p>\n<p>&nbsp;<\/p>\n<p><a href=\"https:\/\/alialaoui.com\/wp-content\/uploads\/2015\/08\/Img_2109.jpg\" target=\"_blank\" rel=\"noopener noreferrer\"><img loading=\"lazy\" decoding=\"async\" class=\"aligncenter wp-image-746 \" src=\"https:\/\/alialaoui.com\/wp-content\/uploads\/2015\/08\/Img_2109-300x200.jpg\" alt=\"Img_2109\" width=\"308\" height=\"205\" srcset=\"https:\/\/alialaoui.com\/wp-content\/uploads\/2015\/08\/Img_2109-300x200.jpg 300w, https:\/\/alialaoui.com\/wp-content\/uploads\/2015\/08\/Img_2109.jpg 893w\" sizes=\"auto, (max-width: 308px) 100vw, 308px\" \/><\/a><\/p>\n<p><strong>Musique et danse folklorique<\/strong><\/p>\n<p>La r\u00e9gion de Tissa est r\u00e9put\u00e9e pour son art \u00e9questre. Le folklore <strong>Hiyata<\/strong> de le\u00a0tribu arabo-berb\u00e8re des Hyayna, m\u00ealant percussionnistes, danseurs et cavaliers,\u00a0met en valeur les diff\u00e9rentes postures et allures du cheval.<\/p>\n<p><strong>Musique et danse populaire<\/strong><\/p>\n<p>L\u2019<strong>Aita Jabalia<\/strong> est un art populaire traditionnel venu des montagnes du nord-ouest\u00a0du Maroc qui t\u00e9moigne notamment des conflits entre tribus, des souffrances\u00a0des r\u00e9gions rurales enclav\u00e9es et de l\u2019histoire du Rif occidental.<\/p>\n<p><strong>MEKNES<\/strong><\/p>\n<p><a href=\"https:\/\/alialaoui.com\/wp-content\/uploads\/2015\/08\/Dsc_0103.jpg\" target=\"_blank\" rel=\"noopener noreferrer\"><img loading=\"lazy\" decoding=\"async\" class=\"aligncenter wp-image-747 \" src=\"https:\/\/alialaoui.com\/wp-content\/uploads\/2015\/08\/Dsc_0103-300x201.jpg\" alt=\"Dsc_0103\" width=\"312\" height=\"209\" srcset=\"https:\/\/alialaoui.com\/wp-content\/uploads\/2015\/08\/Dsc_0103-300x201.jpg 300w, https:\/\/alialaoui.com\/wp-content\/uploads\/2015\/08\/Dsc_0103-1024x686.jpg 1024w, https:\/\/alialaoui.com\/wp-content\/uploads\/2015\/08\/Dsc_0103.jpg 1162w\" sizes=\"auto, (max-width: 312px) 100vw, 312px\" \/><\/a><strong>Musiques et danses de transe<\/strong><\/p>\n<p>Les <strong>Gnawa du Maroc<\/strong> forment une confr\u00e9rie d\u2019adeptes, de pr\u00eatres-gu\u00e9risseurs\u00a0et de musiciens qui pratiquent une variante du culte populaire des saints teint\u00e9e\u00a0d\u2019africanismes.<\/p>\n<p><strong>MOYEN-ATLAS<\/strong><\/p>\n<p><a href=\"https:\/\/alialaoui.com\/wp-content\/uploads\/2015\/08\/Img_2246.jpg\" target=\"_blank\" rel=\"noopener noreferrer\"><img loading=\"lazy\" decoding=\"async\" class=\"aligncenter wp-image-748 \" src=\"https:\/\/alialaoui.com\/wp-content\/uploads\/2015\/08\/Img_2246-300x200.jpg\" alt=\"Img_2246\" width=\"311\" height=\"207\" srcset=\"https:\/\/alialaoui.com\/wp-content\/uploads\/2015\/08\/Img_2246-300x200.jpg 300w, https:\/\/alialaoui.com\/wp-content\/uploads\/2015\/08\/Img_2246.jpg 749w\" sizes=\"auto, (max-width: 311px) 100vw, 311px\" \/><\/a><br \/>\n<strong>Musique et danse folklorique<\/strong><\/p>\n<p>Le <strong>Ha\u00efdous<\/strong> est la danse des Berb\u00e8res du Moyen Atlas. A cette occasion,\u00a0hommes et femmes, en lignes ou en cercles, chantent en r\u00e9ponse, au son des\u00a0bendirs et parfois de la kamenja. Les th\u00e8mes sont l\u2019amour, l\u2019amiti\u00e9 virile et les\u00a0malheurs de la vie.<\/p>\n<p><strong>Musiques et danses populaires<\/strong><\/p>\n<p>Soit rural, soit citadin, le <strong>Chaabi<\/strong> est la musique populaire associ\u00e9 \u00e0 la f\u00eate. Il\u00a0est jou\u00e9 par des groupes mixtes compos\u00e9s de musiciens, chanteurs, chanteuses\u00a0et danseuses.<\/p>\n<p>&nbsp;<\/p>\n<p>&nbsp;<\/p>\n","protected":false},"excerpt":{"rendered":"<p>https:\/\/youtu.be\/54mcOwBT0EY Participez \u00e0 un voyage exceptionnel \u00e0 la rencontre des traditions musicales marocaines avec Ali Alaoui Au Nord du Maroc, entre les villes imp\u00e9riales de F\u00e8s et de Mekn\u00e8s et les montagnes\u00a0de l\u2019Atlas, vous serez invit\u00e9s \u00e0 un voyage au rythme des musiques populaires,\u00a0des musiques folkloriques ou des musiques de transe, m\u00e9moires profondes\u00a0d\u2019une culture marocaine [&hellip;]<\/p>\n","protected":false},"author":1,"featured_media":0,"parent":0,"menu_order":0,"comment_status":"closed","ping_status":"closed","template":"","meta":{"footnotes":""},"class_list":["post-953","page","type-page","status-publish","hentry"],"_links":{"self":[{"href":"https:\/\/alialaoui.com\/index.php?rest_route=\/wp\/v2\/pages\/953","targetHints":{"allow":["GET"]}}],"collection":[{"href":"https:\/\/alialaoui.com\/index.php?rest_route=\/wp\/v2\/pages"}],"about":[{"href":"https:\/\/alialaoui.com\/index.php?rest_route=\/wp\/v2\/types\/page"}],"author":[{"embeddable":true,"href":"https:\/\/alialaoui.com\/index.php?rest_route=\/wp\/v2\/users\/1"}],"replies":[{"embeddable":true,"href":"https:\/\/alialaoui.com\/index.php?rest_route=%2Fwp%2Fv2%2Fcomments&post=953"}],"version-history":[{"count":9,"href":"https:\/\/alialaoui.com\/index.php?rest_route=\/wp\/v2\/pages\/953\/revisions"}],"predecessor-version":[{"id":1297,"href":"https:\/\/alialaoui.com\/index.php?rest_route=\/wp\/v2\/pages\/953\/revisions\/1297"}],"wp:attachment":[{"href":"https:\/\/alialaoui.com\/index.php?rest_route=%2Fwp%2Fv2%2Fmedia&parent=953"}],"curies":[{"name":"wp","href":"https:\/\/api.w.org\/{rel}","templated":true}]}}