{"id":69,"date":"2023-06-10T10:57:00","date_gmt":"2023-06-10T08:57:00","guid":{"rendered":"http:\/\/alialaoui.com\/?page_id=69"},"modified":"2025-08-01T14:23:08","modified_gmt":"2025-08-01T12:23:08","slug":"videos","status":"publish","type":"page","link":"https:\/\/alialaoui.com\/?page_id=69","title":{"rendered":"Vid\u00e9os"},"content":{"rendered":"<p><iframe loading=\"lazy\" width=\"560\" height=\"315\" src=\"https:\/\/www.youtube.com\/embed\/BBxMM13Qtmw?si=fSO0l-EUArIVoC92\" title=\"YouTube video player\" frameborder=\"0\" allow=\"accelerometer; autoplay; clipboard-write; encrypted-media; gyroscope; picture-in-picture; web-share\" referrerpolicy=\"strict-origin-when-cross-origin\" allowfullscreen><\/iframe><\/p>\n\n\n\n<p>Interview d&rsquo;Ali Alaoui r\u00e9alis\u00e9 en mai 2025 par Klaus Blasquiz, musicien et journaliste, pour Op\u00e9ra Off.<\/p>\n\n\n\n<figure class=\"wp-block-embed is-type-video is-provider-youtube wp-block-embed-youtube wp-embed-aspect-16-9 wp-has-aspect-ratio\"><div class=\"wp-block-embed__wrapper\">\n<iframe loading=\"lazy\" title=\"TARANIM AAA&amp;D 2025\" width=\"600\" height=\"338\" src=\"https:\/\/www.youtube.com\/embed\/v0cUz4WdabY?feature=oembed\" frameborder=\"0\" allow=\"accelerometer; autoplay; clipboard-write; encrypted-media; gyroscope; picture-in-picture; web-share\" referrerpolicy=\"strict-origin-when-cross-origin\" allowfullscreen><\/iframe>\n<\/div><\/figure>\n\n\n\n<p>Fruit d&rsquo;une ann\u00e9e de travail aupr\u00e8s du professeur et arrangeur Ali Alaoui, les \u00e9l\u00e8ves de l&rsquo;atelier orchestre \u00ab\u00a0Musique orientale et cr\u00e9ations\u00a0\u00bb ont enregistr\u00e9 plusieurs morceaux. Celui-ci est un arrangement par Ali Alaoui d&rsquo;une composition instrumentale du luthiste et professeur \u00e9m\u00e9rite marocain Azzedine Montassere. Enregistr\u00e9 au Studio Exp\u00e9riences en octobre 2024.<\/p>\n\n\n\n<figure class=\"wp-block-embed is-type-video is-provider-youtube wp-block-embed-youtube wp-embed-aspect-16-9 wp-has-aspect-ratio\"><div class=\"wp-block-embed__wrapper\">\n<iframe loading=\"lazy\" title=\"KALIMAT\/LA VIE EN ROSE-AAA&amp;D-2025\" width=\"600\" height=\"338\" src=\"https:\/\/www.youtube.com\/embed\/POuUa6Uy0Bw?feature=oembed\" frameborder=\"0\" allow=\"accelerometer; autoplay; clipboard-write; encrypted-media; gyroscope; picture-in-picture; web-share\" referrerpolicy=\"strict-origin-when-cross-origin\" allowfullscreen><\/iframe>\n<\/div><\/figure>\n\n\n\n<p>Fruit d&rsquo;une ann\u00e9e de travail aupr\u00e8s du professeur et arrangeur Ali Alaoui, les \u00e9l\u00e8ves de l&rsquo;atelier orchestre \u00ab\u00a0Musique orientale et cr\u00e9ations\u00a0\u00bb ont enregistr\u00e9 plusieurs morceaux. Celui-ci est un arrangement de la c\u00e9l\u00e8bre chanson \u00ab\u00a0Kalimat\u00a0\u00bb de Majida El Roumi. Enregistr\u00e9 au Studio Exp\u00e9riences en octobre 2024.<\/p>\n\n\n\n<figure class=\"wp-block-embed is-type-video is-provider-youtube wp-block-embed-youtube wp-embed-aspect-16-9 wp-has-aspect-ratio\"><div class=\"wp-block-embed__wrapper\">\n<iframe loading=\"lazy\" title=\"TEMMA AAA&amp;D 2025\" width=\"600\" height=\"338\" src=\"https:\/\/www.youtube.com\/embed\/2cgP7QOcSU8?feature=oembed\" frameborder=\"0\" allow=\"accelerometer; autoplay; clipboard-write; encrypted-media; gyroscope; picture-in-picture; web-share\" referrerpolicy=\"strict-origin-when-cross-origin\" allowfullscreen><\/iframe>\n<\/div><\/figure>\n\n\n\n<p>Fruit d\u2019une ann\u00e9e de travail aupr\u00e8s du professeur et arrangeur Ali Alaoui, les \u00e9l\u00e8ves de l\u2019atelier orchestre \u00ab Musique orientale et cr\u00e9ations \u00bb ont enregistr\u00e9 plusieurs morceaux. Celui-ci est un arrangement d\u2019une composition de la chanteuse marocaine Oum intitul\u00e9 \u00ab\u00a0Temma\u00a0\u00bb. Enregistr\u00e9 au Studio Exp\u00e9riences en octobre 2024.<\/p>\n\n\n\n<p><\/p>\n\n\n<p><iframe loading=\"lazy\" width=\"560\" height=\"315\" src=\"https:\/\/www.youtube.com\/embed\/xWuDBPLWjxo\" title=\"YouTube video player\" frameborder=\"0\" allow=\"accelerometer; autoplay; clipboard-write; encrypted-media; gyroscope; picture-in-picture; web-share\" allowfullscreen=\"\"><\/iframe><\/p>\n\n\n\n<p>L&rsquo;ensemble Moultaqa Salam \u00e0 eu l&rsquo;honneur de participer \u00e0 l&rsquo;\u00e9mission Alhane &lsquo;achaqnaha, pr\u00e9sent\u00e9e par Sanaa Marahati, sur la cha\u00eene marocaine TV 2M le samedi 27 mai 2023.<\/p>\n\n\n\n<p>\u00c0 cette occasion, Ali Alaoui a pr\u00e9sent\u00e9 un ensemble de morceaux issus de registres diff\u00e9rents \u00e0 l&rsquo;image de la richesse du patrimoine musical marocain : une composition originale tout d&rsquo;abord sur la gamme pentatonique des racines gnawas, puis un medley de musique Chaabi aux influences flamenco du compositeur Abdessadeq Cheqara, et enfin un morceau de malhoun patriotique arrang\u00e9 dans les deux langues arabe et fran\u00e7ais mettant \u00e0 l&rsquo;honneur les deux voix f\u00e9minines d&rsquo;Ingrid Panquin, dite Izdihar, et de Ghita Alaoui.<\/p>\n\n\n\n<p><\/p>\n\n\n\n<p>\u00c9cole de Musique Ali Alaoui 2022-2023<\/p>\n\n\n<p><iframe loading=\"lazy\" title=\"\u00c9cole de Musique Ali Alaoui\" width=\"600\" height=\"338\" src=\"https:\/\/www.youtube.com\/embed\/h6h0msN-EnI?feature=oembed\" frameborder=\"0\" allow=\"accelerometer; autoplay; clipboard-write; encrypted-media; gyroscope; picture-in-picture; web-share\" referrerpolicy=\"strict-origin-when-cross-origin\" allowfullscreen><\/iframe><\/p>\n\n\n\n<p>Ali Alaoui &amp; Moultaqa Salam pr\u00e9sentent \u00ab\u00a0Afaq Andalucia-Horizons andalous\u00a0\u00bb \u00e0 l&rsquo;ouverture des journ\u00e9es du Maroc de Tunis le mardi 5 d\u00e9cembre 2017 \u00e0 l&rsquo;Acropolium de Carthage (Tunisie)<\/p>\n\n\n\n<figure class=\"wp-block-embed is-type-video is-provider-youtube wp-block-embed-youtube wp-embed-aspect-16-9 wp-has-aspect-ratio\"><div class=\"wp-block-embed__wrapper\">\n<iframe loading=\"lazy\" title=\"Tunisie: &quot;Horizons andalous&quot;, un concert musical \u00e0 l&#039;ouverture des journ\u00e9es du Maroc\" width=\"600\" height=\"338\" src=\"https:\/\/www.youtube.com\/embed\/zIMb9pFQaPI?feature=oembed\" frameborder=\"0\" allow=\"accelerometer; autoplay; clipboard-write; encrypted-media; gyroscope; picture-in-picture; web-share\" referrerpolicy=\"strict-origin-when-cross-origin\" allowfullscreen><\/iframe>\n<\/div><\/figure>\n\n\n\n<p>Ali Alaoui &amp; Moultaqa Salam invit\u00e9s de l&rsquo;\u00e9mission Alhane 3chaqnaha sur la cha\u00eene nationale marocaine 2M, diffus\u00e9e le 7 octobre 2017.<\/p>\n\n\n\n<figure class=\"wp-block-embed is-type-video is-provider-youtube wp-block-embed-youtube wp-embed-aspect-4-3 wp-has-aspect-ratio\"><div class=\"wp-block-embed__wrapper\">\n<iframe loading=\"lazy\" title=\"&quot;Medley arabo-andalous&quot; Ali Alaoui &amp; Moultaqa Salam\" width=\"600\" height=\"450\" src=\"https:\/\/www.youtube.com\/embed\/DcZr1WYNtGM?feature=oembed\" frameborder=\"0\" allow=\"accelerometer; autoplay; clipboard-write; encrypted-media; gyroscope; picture-in-picture; web-share\" referrerpolicy=\"strict-origin-when-cross-origin\" allowfullscreen><\/iframe>\n<\/div><\/figure>\n\n\n\n<figure class=\"wp-block-embed is-type-video is-provider-youtube wp-block-embed-youtube wp-embed-aspect-4-3 wp-has-aspect-ratio\"><div class=\"wp-block-embed__wrapper\">\n<iframe loading=\"lazy\" title=\"&quot;Hasna&quot;, Ali Alaoui &amp; Moultaqa Salam\" width=\"600\" height=\"450\" src=\"https:\/\/www.youtube.com\/embed\/RTb5_Oy-LSw?feature=oembed\" frameborder=\"0\" allow=\"accelerometer; autoplay; clipboard-write; encrypted-media; gyroscope; picture-in-picture; web-share\" referrerpolicy=\"strict-origin-when-cross-origin\" allowfullscreen><\/iframe>\n<\/div><\/figure>\n\n\n\n<figure class=\"wp-block-embed is-type-video is-provider-youtube wp-block-embed-youtube wp-embed-aspect-4-3 wp-has-aspect-ratio\"><div class=\"wp-block-embed__wrapper\">\n<iframe loading=\"lazy\" title=\"&quot;Nouba&quot;, Ali Alaoui &amp; Moultaqa Salam\" width=\"600\" height=\"450\" src=\"https:\/\/www.youtube.com\/embed\/-E7cDgGglP4?feature=oembed\" frameborder=\"0\" allow=\"accelerometer; autoplay; clipboard-write; encrypted-media; gyroscope; picture-in-picture; web-share\" referrerpolicy=\"strict-origin-when-cross-origin\" allowfullscreen><\/iframe>\n<\/div><\/figure>\n\n\n\n<p>Istinchaq au Festival Les troubadours chantent l&rsquo;art roman en Occitanie, \u00e9glise de Saint Jean de Verges,le 22 septembre 2017<\/p>\n\n\n\n<figure class=\"wp-block-embed\"><div class=\"wp-block-embed__wrapper\">\nhttps:\/\/youtu.be\/lxjoeBmn49c\n<\/div><\/figure>\n\n\n\n<p>Afaq Ifriqia, Festival Andaloussiyat \u00e0 Rabat et Casablanca &#8211; d\u00e9cembre 2016<\/p>\n\n\n<p><iframe loading=\"lazy\" width=\"560\" height=\"315\" src=\"https:\/\/www.youtube.com\/embed\/pJtnrvmcIZM?si=8YNfjNIXRqsiFz4M\" title=\"YouTube video player\" frameborder=\"0\" allow=\"accelerometer; autoplay; clipboard-write; encrypted-media; gyroscope; picture-in-picture; web-share\" referrerpolicy=\"strict-origin-when-cross-origin\" allowfullscreen=\"\"><\/iframe><\/p>\n\n\n\n<p>Ali Alaoui &amp; Moultaqa Salam invit\u00e9s de l&rsquo;\u00e9mission Masar sur la cha\u00eene marocaine 2M en octobre 2016<\/p>\n\n\n\n<figure class=\"wp-block-embed is-type-video is-provider-youtube wp-block-embed-youtube wp-embed-aspect-4-3 wp-has-aspect-ratio\"><div class=\"wp-block-embed__wrapper\">\n<iframe loading=\"lazy\" title=\"masar 2M\" width=\"600\" height=\"450\" src=\"https:\/\/www.youtube.com\/embed\/ze9LYhOi9fE?feature=oembed\" frameborder=\"0\" allow=\"accelerometer; autoplay; clipboard-write; encrypted-media; gyroscope; picture-in-picture; web-share\" referrerpolicy=\"strict-origin-when-cross-origin\" allowfullscreen><\/iframe>\n<\/div><\/figure>\n\n\n\n<p>Festival <em>Voix Vives en M\u00e9diterran\u00e9e<\/em> \u00e0 S\u00e8te &#8211; juillet 2016<\/p>\n\n\n\n<figure class=\"wp-block-embed is-type-video is-provider-youtube wp-block-embed-youtube wp-embed-aspect-4-3 wp-has-aspect-ratio\"><div class=\"wp-block-embed__wrapper\">\n<iframe loading=\"lazy\" title=\"2016 07 29 Ali Alaoui et Patricio Sanchez (Chili)\" width=\"600\" height=\"450\" src=\"https:\/\/www.youtube.com\/embed\/yzbLruqEsDg?feature=oembed\" frameborder=\"0\" allow=\"accelerometer; autoplay; clipboard-write; encrypted-media; gyroscope; picture-in-picture; web-share\" referrerpolicy=\"strict-origin-when-cross-origin\" allowfullscreen><\/iframe>\n<\/div><\/figure>\n\n\n\n<p>Projet d&rsquo;\u00e9change <em>Toulouse la rose &#8211; Marrakech la rouge<\/em> avec les \u00e9l\u00e8ves de l&rsquo;\u00e9cole Music&rsquo;Halle de Toulouse et l&rsquo;orchestre Assil de Marrakech<\/p>\n\n\n\n<figure class=\"wp-block-embed is-type-video is-provider-vimeo wp-block-embed-vimeo wp-embed-aspect-16-9 wp-has-aspect-ratio\"><div class=\"wp-block-embed__wrapper\">\n<iframe loading=\"lazy\" title=\"Toulouse La Rose &amp; Marrakech La Rouge -_Ali Alaoui &amp; Music&#039;Halle\" src=\"https:\/\/player.vimeo.com\/video\/159131344?dnt=1&amp;app_id=122963\" width=\"600\" height=\"338\" frameborder=\"0\" allow=\"autoplay; fullscreen; picture-in-picture; clipboard-write; encrypted-media; web-share\" referrerpolicy=\"strict-origin-when-cross-origin\"><\/iframe>\n<\/div><\/figure>\n\n\n\n<p>Les stages de musique et danse au Maroc<\/p>\n\n\n\n<figure class=\"wp-block-embed\"><div class=\"wp-block-embed__wrapper\">\nhttps:\/\/www.youtube.com\/watch?v=WQRP2kDOCGQ\n<\/div><\/figure>\n\n\n\n<p>Reportage <em>Marocains du monde, \u00ab\u00a0La m\u00e9thode d&rsquo;Ali\u00a0\u00bb, diffus\u00e9 sur TV 2M<\/em>, 2008<\/p>\n\n\n\n<p><iframe loading=\"lazy\" title=\"Ali Alaoui et sa m\u00e9thode MAI-08\" frameborder=\"0\" width=\"600\" height=\"450\" src=\"https:\/\/geo.dailymotion.com\/player.html?video=x6t7bs&#038;\" allowfullscreen allow=\"autoplay; fullscreen; picture-in-picture; web-share\"><\/iframe><\/p>\n\n\n\n<p>Moultaqa Salam \u00e0 Saint Pierre des Cuisines, Toulouse, 2010<\/p>\n\n\n\n<p><iframe loading=\"lazy\" title=\"Ali Alaoui &amp; Moultaqa Salam + guests\" width=\"600\" height=\"338\" src=\"https:\/\/www.youtube.com\/embed\/MNFtFJ5nn1o?feature=oembed\" frameborder=\"0\" allow=\"accelerometer; autoplay; clipboard-write; encrypted-media; gyroscope; picture-in-picture; web-share\" referrerpolicy=\"strict-origin-when-cross-origin\" allowfullscreen><\/iframe><\/p>\n\n\n\n<p>Moultaqa Salam \u00e0 la t\u00e9l\u00e9vision marocaine&nbsp;TV 2M&nbsp; \u00ab\u00a0Chada al alhan\u00a0\u00bb<br>Emission du 15 juillet 2011<\/p>\n\n\n\n<p><iframe loading=\"lazy\" title=\"Hijaz\" width=\"600\" height=\"450\" src=\"https:\/\/www.youtube.com\/embed\/XX3kQnyWOq0?feature=oembed\" frameborder=\"0\" allow=\"accelerometer; autoplay; clipboard-write; encrypted-media; gyroscope; picture-in-picture; web-share\" referrerpolicy=\"strict-origin-when-cross-origin\" allowfullscreen><\/iframe><\/p>\n\n\n\n<p><iframe loading=\"lazy\" title=\"Istinchaq wa raml maya\" width=\"600\" height=\"450\" src=\"https:\/\/www.youtube.com\/embed\/o4Cqeo0ufsE?feature=oembed\" frameborder=\"0\" allow=\"accelerometer; autoplay; clipboard-write; encrypted-media; gyroscope; picture-in-picture; web-share\" referrerpolicy=\"strict-origin-when-cross-origin\" allowfullscreen><\/iframe><\/p>\n\n\n\n<p><iframe loading=\"lazy\" title=\"Moulena Allah &amp; O Salutaris\" width=\"600\" height=\"450\" src=\"https:\/\/www.youtube.com\/embed\/aOord1m_T1s?feature=oembed\" frameborder=\"0\" allow=\"accelerometer; autoplay; clipboard-write; encrypted-media; gyroscope; picture-in-picture; web-share\" referrerpolicy=\"strict-origin-when-cross-origin\" allowfullscreen><\/iframe><\/p>\n\n\n\n<p>Moultaqa Salam \u00e0 la t\u00e9l\u00e9vision marocaine TV 2M dans l&rsquo;\u00e9mission \u00ab\u00a0Mawahib Fi Tajwid Al Qor&rsquo;an Al Karim\u00a0\u00bb&nbsp;Octobre 2007<\/p>\n\n\n\n<p><iframe loading=\"lazy\" title=\"Ali Alaoui &amp; Moultaqa Salam : chants sacr\u00e9es du Maroc\/gospel\" width=\"600\" height=\"450\" src=\"https:\/\/www.youtube.com\/embed\/ttmWF2jxgMo?feature=oembed\" frameborder=\"0\" allow=\"accelerometer; autoplay; clipboard-write; encrypted-media; gyroscope; picture-in-picture; web-share\" referrerpolicy=\"strict-origin-when-cross-origin\" allowfullscreen><\/iframe><\/p>\n\n\n\n<p><iframe loading=\"lazy\" title=\"Ali Alaoui &amp; Moultaqa Salam : chants Malhoun\" width=\"600\" height=\"450\" src=\"https:\/\/www.youtube.com\/embed\/AQkJOTDLkV4?feature=oembed\" frameborder=\"0\" allow=\"accelerometer; autoplay; clipboard-write; encrypted-media; gyroscope; picture-in-picture; web-share\" referrerpolicy=\"strict-origin-when-cross-origin\" allowfullscreen><\/iframe><\/p>\n\n\n\n<p>Moultaqa Salam \u00e0 la t\u00e9l\u00e9vision marocaine&nbsp;TV 2M&nbsp; \u00ab\u00a0Chada al alhan\u00a0\u00bb<br>Ao\u00fbt 2007<\/p>\n\n\n\n<p><iframe loading=\"lazy\" title=\"Ali Alaoui et Moultaqa Salam : musique arabo andalouse\" width=\"600\" height=\"450\" src=\"https:\/\/www.youtube.com\/embed\/46EYz2_vFbs?feature=oembed\" frameborder=\"0\" allow=\"accelerometer; autoplay; clipboard-write; encrypted-media; gyroscope; picture-in-picture; web-share\" referrerpolicy=\"strict-origin-when-cross-origin\" allowfullscreen><\/iframe><\/p>\n\n\n\n<p><iframe loading=\"lazy\" title=\"Ali Alaoui &amp; Moultaqa Salam : soufisme andalou (1st part)\" width=\"600\" height=\"450\" src=\"https:\/\/www.youtube.com\/embed\/RpCaUPcV92s?feature=oembed\" frameborder=\"0\" allow=\"accelerometer; autoplay; clipboard-write; encrypted-media; gyroscope; picture-in-picture; web-share\" referrerpolicy=\"strict-origin-when-cross-origin\" allowfullscreen><\/iframe><\/p>\n\n\n\n<p><iframe loading=\"lazy\" title=\"Ali Alaoui &amp; Moultaqa Salam : soufisme andalou (2nd part)\" width=\"600\" height=\"450\" src=\"https:\/\/www.youtube.com\/embed\/jRprz3xouAA?feature=oembed\" frameborder=\"0\" allow=\"accelerometer; autoplay; clipboard-write; encrypted-media; gyroscope; picture-in-picture; web-share\" referrerpolicy=\"strict-origin-when-cross-origin\" allowfullscreen><\/iframe><\/p>\n\n\n\n<p><iframe loading=\"lazy\" title=\"Ali Alaoui et Moultaqa Salam : polyrythmie du monde arabe\" width=\"600\" height=\"450\" src=\"https:\/\/www.youtube.com\/embed\/I95Sn-V6d0U?feature=oembed\" frameborder=\"0\" allow=\"accelerometer; autoplay; clipboard-write; encrypted-media; gyroscope; picture-in-picture; web-share\" referrerpolicy=\"strict-origin-when-cross-origin\" allowfullscreen><\/iframe><\/p>\n\n\n\n<p>Dans le cadre de la f\u00eate de la musique 2007 organis\u00e9e par l&rsquo;association Classisco, rencontre de trois orchestres <strong>sous la direction d&rsquo;Ali Alaoui<\/strong> : l&rsquo;ensemble&nbsp;Moultaqa Salam,&nbsp;l&rsquo;orchestre de chambre de Toulouse et l&rsquo;orchestre arabo-andalou de Tetouan. au Z\u00e9nith de Toulouse.<\/p>\n\n\n\n<p><a title=\"dossier de presse\" href=\"http:\/\/www.classisco.eu\/doc\/Dialogue_entre_les_cultures_au_Z%C3%A9nith.pdf\" target=\"_blank\" rel=\"noopener noreferrer\">http:\/\/www.classisco.eu\/doc\/Dialogue_entre_les_cultures_au_Z%C3%A9nith.pdf<\/a><\/p>\n\n\n\n<p><iframe loading=\"lazy\" title=\"Nouba Quddam Al Maya (1)\" frameborder=\"0\" width=\"600\" height=\"450\" src=\"https:\/\/geo.dailymotion.com\/player.html?video=x3gkdx&#038;\" allowfullscreen allow=\"autoplay; fullscreen; picture-in-picture; web-share\"><\/iframe><\/p>\n\n\n\n<p>Darboukada-Pulsations du Monde au festival Mawazine, Rabat, Maroc, 2010<\/p>\n\n\n\n<p><iframe loading=\"lazy\" title=\"Pulsations du Monde \u00e0 Mawazine 2010\" width=\"600\" height=\"338\" src=\"https:\/\/www.youtube.com\/embed\/WxZKrAdkdBA?feature=oembed\" frameborder=\"0\" allow=\"accelerometer; autoplay; clipboard-write; encrypted-media; gyroscope; picture-in-picture; web-share\" referrerpolicy=\"strict-origin-when-cross-origin\" allowfullscreen><\/iframe><\/p>\n\n\n\n<p>Le pari d&rsquo;Ali, festival Jazz sur son 31, Toulouse, 2008<\/p>\n\n\n\n<p><iframe loading=\"lazy\" title=\"Le pari d&#039;ali\" frameborder=\"0\" width=\"600\" height=\"486\" src=\"https:\/\/geo.dailymotion.com\/player.html?video=x7d49v&#038;\" allowfullscreen allow=\"autoplay; fullscreen; picture-in-picture; web-share\"><\/iframe><\/p>\n\n\n\n<p>Vid\u00e9o extraite du dvd \u00a0\u00bb la Darbouka avec Ali Alaoui \u00ab\u00a0.&nbsp;R\u00e9alisation : Ali Alaoui, Philippe Nasse, Thibault Laurent<\/p>\n\n\n\n<p>Collection <em>Le salon de musique<\/em>. @ improductions 2006<\/p>\n\n\n\n<p><iframe loading=\"lazy\" title=\"M\u00e9thode de Darbouka avec Ali Alaoui\" frameborder=\"0\" width=\"600\" height=\"450\" src=\"https:\/\/geo.dailymotion.com\/player.html?video=x8gvwx&#038;\" allowfullscreen allow=\"autoplay; fullscreen; picture-in-picture; web-share\"><\/iframe><\/p>\n\n\n\n<p>Solo de darbouka, extrait du film \u00ab\u00a0Le pari d&rsquo;Ali\u00a0\u00bb issu du DVD p\u00e9dagogique&nbsp;\u00ab\u00a0La darbouka avec Ali Alaoui\u00a0\u00bb, &nbsp;@improductions &nbsp;2006<\/p>\n\n\n\n<p>M\u00e9thode&nbsp;r\u00e9alis\u00e9e par Ali Alaoui, Philippe Nasse et Thibault Laurent, <a href=\"http:\/\/www.le-salon-de-musique.com\" target=\"_blank\" rel=\"noopener noreferrer\">www.le-salon-de-musique.com<\/a><\/p>\n\n\n\n<p><iframe loading=\"lazy\" title=\"Darabuka solo by Ali Alaoui\" width=\"600\" height=\"450\" src=\"https:\/\/www.youtube.com\/embed\/v966vNrw4NI?feature=oembed\" frameborder=\"0\" allow=\"accelerometer; autoplay; clipboard-write; encrypted-media; gyroscope; picture-in-picture; web-share\" referrerpolicy=\"strict-origin-when-cross-origin\" allowfullscreen><\/iframe><\/p>\n","protected":false},"excerpt":{"rendered":"<p>Interview d&rsquo;Ali Alaoui r\u00e9alis\u00e9 en mai 2025 par Klaus Blasquiz, musicien et journaliste, pour Op\u00e9ra Off. Fruit d&rsquo;une ann\u00e9e de travail aupr\u00e8s du professeur et arrangeur Ali Alaoui, les \u00e9l\u00e8ves de l&rsquo;atelier orchestre \u00ab\u00a0Musique orientale et cr\u00e9ations\u00a0\u00bb ont enregistr\u00e9 plusieurs morceaux. Celui-ci est un arrangement par Ali Alaoui d&rsquo;une composition instrumentale du luthiste et professeur [&hellip;]<\/p>\n","protected":false},"author":1,"featured_media":0,"parent":0,"menu_order":0,"comment_status":"closed","ping_status":"open","template":"","meta":{"footnotes":""},"class_list":["post-69","page","type-page","status-publish","hentry"],"_links":{"self":[{"href":"https:\/\/alialaoui.com\/index.php?rest_route=\/wp\/v2\/pages\/69","targetHints":{"allow":["GET"]}}],"collection":[{"href":"https:\/\/alialaoui.com\/index.php?rest_route=\/wp\/v2\/pages"}],"about":[{"href":"https:\/\/alialaoui.com\/index.php?rest_route=\/wp\/v2\/types\/page"}],"author":[{"embeddable":true,"href":"https:\/\/alialaoui.com\/index.php?rest_route=\/wp\/v2\/users\/1"}],"replies":[{"embeddable":true,"href":"https:\/\/alialaoui.com\/index.php?rest_route=%2Fwp%2Fv2%2Fcomments&post=69"}],"version-history":[{"count":34,"href":"https:\/\/alialaoui.com\/index.php?rest_route=\/wp\/v2\/pages\/69\/revisions"}],"predecessor-version":[{"id":3017,"href":"https:\/\/alialaoui.com\/index.php?rest_route=\/wp\/v2\/pages\/69\/revisions\/3017"}],"wp:attachment":[{"href":"https:\/\/alialaoui.com\/index.php?rest_route=%2Fwp%2Fv2%2Fmedia&parent=69"}],"curies":[{"name":"wp","href":"https:\/\/api.w.org\/{rel}","templated":true}]}}