{"id":553,"date":"2015-02-27T00:39:51","date_gmt":"2015-02-26T23:39:51","guid":{"rendered":"http:\/\/alialaoui.com\/?page_id=553"},"modified":"2025-09-13T13:13:32","modified_gmt":"2025-09-13T11:13:32","slug":"objectifs-2","status":"publish","type":"page","link":"https:\/\/alialaoui.com\/?page_id=553","title":{"rendered":"Objectifs"},"content":{"rendered":"\n<p>L&rsquo;Association Ali Alaoui Arts &amp; D\u00e9veloppement a pour objectif de promouvoir la culture du monde arabe en d\u00e9veloppant et en diffusant des activit\u00e9s et des manifestations artistiques, p\u00e9dagogiques, sociales, culturelles et inter-culturelles.<\/p>\n\n\n\n<p>L\u2019association \u0153uvre pour la d\u00e9couverte de la culture du monde arabe par des activit\u00e9s artistiques et p\u00e9dagogiques : stages et cours de musique (percussions, chant, orchestre, oud, solf\u00e8ge, piano, culture rythmique&#8230;), \u00e9veil musical, danse, tradition culinaire, langue arabe, conf\u00e9rences et concerts p\u00e9dagogiques, production de m\u00e9thodes p\u00e9dagogiques.<\/p>\n\n\n\n<p>Par ailleurs elle produit et diffuse des spectacles et albums musicaux cr\u00e9\u00e9s par Ali Alaoui, musicien, professeur de musique Dipl\u00f4m\u00e9 d\u2019\u00c9tat et coach musical.<\/p>\n\n\n\n<p>Les activit\u00e9 p\u00e9dagogiques se d\u00e9roulent principalement \u00e0 Toulouse et sa p\u00e9riph\u00e9rie, mais aussi en r\u00e9gion Occitanie pour les master classes et au Maroc pour les stages.<\/p>\n\n\n\n<p>Les spectacles et concerts sont produits dans la r\u00e9gion toulousaine mais aussi dans toute la France et \u00e0 l&rsquo;\u00e9tranger.<\/p>\n\n\n\n<p>Nos partenaires principaux sont la<strong> Mairie de Toulouse<\/strong> pour la mise \u00e0 disposition des salles et le <strong>Minist\u00e8re de la Culture du Royaume du Maroc<\/strong> pour son soutien \u00e0 la logistique des formations au Maroc.<\/p>\n\n\n\n<p>\u00a0<\/p>\n\n\n<div class=\"wp-block-image\">\n<figure class=\"aligncenter size-full is-resized\"><a href=\"https:\/\/alialaoui.com\/wp-content\/uploads\/2021\/07\/toulouse.png\"><img loading=\"lazy\" decoding=\"async\" width=\"500\" height=\"500\" src=\"https:\/\/alialaoui.com\/wp-content\/uploads\/2021\/07\/toulouse.png\" alt=\"\" class=\"wp-image-1652\" style=\"width:238px;height:auto\" srcset=\"https:\/\/alialaoui.com\/wp-content\/uploads\/2021\/07\/toulouse.png 500w, https:\/\/alialaoui.com\/wp-content\/uploads\/2021\/07\/toulouse-150x150.png 150w, https:\/\/alialaoui.com\/wp-content\/uploads\/2021\/07\/toulouse-300x300.png 300w\" sizes=\"auto, (max-width: 500px) 100vw, 500px\" \/><\/a><\/figure><\/div>\n\n<div class=\"wp-block-image\">\n<figure class=\"aligncenter size-full is-resized\"><a href=\"https:\/\/alialaoui.com\/wp-content\/uploads\/2025\/09\/index.jpg\"><img loading=\"lazy\" decoding=\"async\" width=\"303\" height=\"166\" src=\"https:\/\/alialaoui.com\/wp-content\/uploads\/2025\/09\/index.jpg\" alt=\"\" class=\"wp-image-3192\" style=\"width:462px;height:auto\" srcset=\"https:\/\/alialaoui.com\/wp-content\/uploads\/2025\/09\/index.jpg 303w, https:\/\/alialaoui.com\/wp-content\/uploads\/2025\/09\/index-300x164.jpg 300w\" sizes=\"auto, (max-width: 303px) 100vw, 303px\" \/><\/a><\/figure><\/div>","protected":false},"excerpt":{"rendered":"<p>L&rsquo;Association Ali Alaoui Arts &amp; D\u00e9veloppement a pour objectif de promouvoir la culture du monde arabe en d\u00e9veloppant et en diffusant des activit\u00e9s et des manifestations artistiques, p\u00e9dagogiques, sociales, culturelles et inter-culturelles. L\u2019association \u0153uvre pour la d\u00e9couverte de la culture du monde arabe par des activit\u00e9s artistiques et p\u00e9dagogiques : stages et cours de musique [&hellip;]<\/p>\n","protected":false},"author":1,"featured_media":0,"parent":0,"menu_order":0,"comment_status":"closed","ping_status":"open","template":"","meta":{"footnotes":""},"class_list":["post-553","page","type-page","status-publish","hentry"],"_links":{"self":[{"href":"https:\/\/alialaoui.com\/index.php?rest_route=\/wp\/v2\/pages\/553","targetHints":{"allow":["GET"]}}],"collection":[{"href":"https:\/\/alialaoui.com\/index.php?rest_route=\/wp\/v2\/pages"}],"about":[{"href":"https:\/\/alialaoui.com\/index.php?rest_route=\/wp\/v2\/types\/page"}],"author":[{"embeddable":true,"href":"https:\/\/alialaoui.com\/index.php?rest_route=\/wp\/v2\/users\/1"}],"replies":[{"embeddable":true,"href":"https:\/\/alialaoui.com\/index.php?rest_route=%2Fwp%2Fv2%2Fcomments&post=553"}],"version-history":[{"count":11,"href":"https:\/\/alialaoui.com\/index.php?rest_route=\/wp\/v2\/pages\/553\/revisions"}],"predecessor-version":[{"id":3202,"href":"https:\/\/alialaoui.com\/index.php?rest_route=\/wp\/v2\/pages\/553\/revisions\/3202"}],"wp:attachment":[{"href":"https:\/\/alialaoui.com\/index.php?rest_route=%2Fwp%2Fv2%2Fmedia&parent=553"}],"curies":[{"name":"wp","href":"https:\/\/api.w.org\/{rel}","templated":true}]}}