{"id":546,"date":"2015-02-27T00:35:18","date_gmt":"2015-02-26T23:35:18","guid":{"rendered":"http:\/\/alialaoui.com\/?page_id=546"},"modified":"2025-07-18T12:53:37","modified_gmt":"2025-07-18T10:53:37","slug":"audio","status":"publish","type":"page","link":"https:\/\/alialaoui.com\/?page_id=546","title":{"rendered":"Audios"},"content":{"rendered":"<h4><span style=\"color: #800000;\"><strong>Ensemble MOULTAQA SALAM<\/strong><\/span><\/h4>\n<p><a href=\"https:\/\/alialaoui.com\/wp-content\/uploads\/2014\/10\/ALBUM.1.jpg\" target=\"_blank\" rel=\"noopener\"><img loading=\"lazy\" decoding=\"async\" class=\"alignnone wp-image-434\" src=\"https:\/\/alialaoui.com\/wp-content\/uploads\/2014\/10\/ALBUM.1-300x271.jpg\" alt=\"ALBUM.1\" width=\"144\" height=\"130\" srcset=\"https:\/\/alialaoui.com\/wp-content\/uploads\/2014\/10\/ALBUM.1-300x271.jpg 300w, https:\/\/alialaoui.com\/wp-content\/uploads\/2014\/10\/ALBUM.1-1024x925.jpg 1024w, https:\/\/alialaoui.com\/wp-content\/uploads\/2014\/10\/ALBUM.1.jpg 1656w\" sizes=\"auto, (max-width: 144px) 100vw, 144px\" \/><\/a><\/p>\n<p><i>Extraits du double album \u00ab\u00a0Chemins crois\u00e9s en M\u00e9diterran\u00e9e\u00a0\u00bb&nbsp;<\/i><\/p>\n<!--[if lt IE 9]><script>document.createElement('audio');<\/script><![endif]-->\n<audio class=\"wp-audio-shortcode\" id=\"audio-546-1\" preload=\"none\" style=\"width: 100%;\" controls=\"controls\"><source type=\"audio\/mpeg\" src=\"https:\/\/alialaoui.com\/wp-content\/uploads\/2015\/02\/01-Moulena-Allah_extrait.mp3?_=1\" \/><a href=\"https:\/\/alialaoui.com\/wp-content\/uploads\/2015\/02\/01-Moulena-Allah_extrait.mp3\">https:\/\/alialaoui.com\/wp-content\/uploads\/2015\/02\/01-Moulena-Allah_extrait.mp3<\/a><\/audio>\n<p>Moulena Allah<\/p>\n<audio class=\"wp-audio-shortcode\" id=\"audio-546-2\" preload=\"none\" style=\"width: 100%;\" controls=\"controls\"><source type=\"audio\/mpeg\" src=\"https:\/\/alialaoui.com\/wp-content\/uploads\/2015\/02\/04-Hissa-soufia_extrait.mp3?_=2\" \/><a href=\"https:\/\/alialaoui.com\/wp-content\/uploads\/2015\/02\/04-Hissa-soufia_extrait.mp3\">https:\/\/alialaoui.com\/wp-content\/uploads\/2015\/02\/04-Hissa-soufia_extrait.mp3<\/a><\/audio>\n<p>Hissa Soufia<\/p>\n<audio class=\"wp-audio-shortcode\" id=\"audio-546-3\" preload=\"none\" style=\"width: 100%;\" controls=\"controls\"><source type=\"audio\/mpeg\" src=\"https:\/\/alialaoui.com\/wp-content\/uploads\/2015\/02\/05-Ana-sidandi-tabid_extrait1.mp3?_=3\" \/><a href=\"https:\/\/alialaoui.com\/wp-content\/uploads\/2015\/02\/05-Ana-sidandi-tabid_extrait1.mp3\">https:\/\/alialaoui.com\/wp-content\/uploads\/2015\/02\/05-Ana-sidandi-tabid_extrait1.mp3<\/a><\/audio>\n<p>Ana sid&rsquo;andi tabib<\/p>\n<audio class=\"wp-audio-shortcode\" id=\"audio-546-4\" preload=\"none\" style=\"width: 100%;\" controls=\"controls\"><source type=\"audio\/mpeg\" src=\"https:\/\/alialaoui.com\/wp-content\/uploads\/2015\/02\/06-Zawgna-fhmak_extrait.mp3?_=4\" \/><a href=\"https:\/\/alialaoui.com\/wp-content\/uploads\/2015\/02\/06-Zawgna-fhmak_extrait.mp3\">https:\/\/alialaoui.com\/wp-content\/uploads\/2015\/02\/06-Zawgna-fhmak_extrait.mp3<\/a><\/audio>\n<p>Zawgna fhmak<\/p>\n<audio class=\"wp-audio-shortcode\" id=\"audio-546-5\" preload=\"none\" style=\"width: 100%;\" controls=\"controls\"><source type=\"audio\/mpeg\" src=\"https:\/\/alialaoui.com\/wp-content\/uploads\/2015\/02\/01-Istinchaq.mp3?_=5\" \/><a href=\"https:\/\/alialaoui.com\/wp-content\/uploads\/2015\/02\/01-Istinchaq.mp3\">https:\/\/alialaoui.com\/wp-content\/uploads\/2015\/02\/01-Istinchaq.mp3<\/a><\/audio>\n<p>Istinchaq<\/p>\n<audio class=\"wp-audio-shortcode\" id=\"audio-546-6\" preload=\"none\" style=\"width: 100%;\" controls=\"controls\"><source type=\"audio\/mpeg\" src=\"https:\/\/alialaoui.com\/wp-content\/uploads\/2015\/02\/02-Twichia_extrait.mp3?_=6\" \/><a href=\"https:\/\/alialaoui.com\/wp-content\/uploads\/2015\/02\/02-Twichia_extrait.mp3\">https:\/\/alialaoui.com\/wp-content\/uploads\/2015\/02\/02-Twichia_extrait.mp3<\/a><\/audio>\n<p>Twichia<\/p>\n<audio class=\"wp-audio-shortcode\" id=\"audio-546-7\" preload=\"none\" style=\"width: 100%;\" controls=\"controls\"><source type=\"audio\/mpeg\" src=\"https:\/\/alialaoui.com\/wp-content\/uploads\/2015\/02\/04-Ma-kountou-adri_extrait.mp3?_=7\" \/><a href=\"https:\/\/alialaoui.com\/wp-content\/uploads\/2015\/02\/04-Ma-kountou-adri_extrait.mp3\">https:\/\/alialaoui.com\/wp-content\/uploads\/2015\/02\/04-Ma-kountou-adri_extrait.mp3<\/a><\/audio>\n<p>Ma koutou adri<\/p>\n<audio class=\"wp-audio-shortcode\" id=\"audio-546-8\" preload=\"none\" style=\"width: 100%;\" controls=\"controls\"><source type=\"audio\/mpeg\" src=\"https:\/\/alialaoui.com\/wp-content\/uploads\/2015\/02\/05-Ghita_extrait.mp3?_=8\" \/><a href=\"https:\/\/alialaoui.com\/wp-content\/uploads\/2015\/02\/05-Ghita_extrait.mp3\">https:\/\/alialaoui.com\/wp-content\/uploads\/2015\/02\/05-Ghita_extrait.mp3<\/a><\/audio>\n<p>Ghita<\/p>\n","protected":false},"excerpt":{"rendered":"<p>Ensemble MOULTAQA SALAM Extraits du double album \u00ab\u00a0Chemins crois\u00e9s en M\u00e9diterran\u00e9e\u00a0\u00bb&nbsp; Moulena Allah Hissa Soufia Ana sid&rsquo;andi tabib Zawgna fhmak Istinchaq Twichia Ma koutou adri Ghita<\/p>\n","protected":false},"author":1,"featured_media":0,"parent":0,"menu_order":0,"comment_status":"closed","ping_status":"open","template":"","meta":{"footnotes":""},"class_list":["post-546","page","type-page","status-publish","hentry"],"_links":{"self":[{"href":"https:\/\/alialaoui.com\/index.php?rest_route=\/wp\/v2\/pages\/546","targetHints":{"allow":["GET"]}}],"collection":[{"href":"https:\/\/alialaoui.com\/index.php?rest_route=\/wp\/v2\/pages"}],"about":[{"href":"https:\/\/alialaoui.com\/index.php?rest_route=\/wp\/v2\/types\/page"}],"author":[{"embeddable":true,"href":"https:\/\/alialaoui.com\/index.php?rest_route=\/wp\/v2\/users\/1"}],"replies":[{"embeddable":true,"href":"https:\/\/alialaoui.com\/index.php?rest_route=%2Fwp%2Fv2%2Fcomments&post=546"}],"version-history":[{"count":16,"href":"https:\/\/alialaoui.com\/index.php?rest_route=\/wp\/v2\/pages\/546\/revisions"}],"predecessor-version":[{"id":2893,"href":"https:\/\/alialaoui.com\/index.php?rest_route=\/wp\/v2\/pages\/546\/revisions\/2893"}],"wp:attachment":[{"href":"https:\/\/alialaoui.com\/index.php?rest_route=%2Fwp%2Fv2%2Fmedia&parent=546"}],"curies":[{"name":"wp","href":"https:\/\/api.w.org\/{rel}","templated":true}]}}