{"id":46,"date":"2014-10-17T21:34:34","date_gmt":"2014-10-17T20:34:34","guid":{"rendered":"http:\/\/alialaoui.com\/?page_id=46"},"modified":"2016-09-14T20:22:55","modified_gmt":"2016-09-14T18:22:55","slug":"darboukada","status":"publish","type":"page","link":"https:\/\/alialaoui.com\/?page_id=46","title":{"rendered":"Pulsations du monde"},"content":{"rendered":"<p><iframe loading=\"lazy\" title=\"Pulsations du Monde \u00e0 Mawazine 2010\" width=\"600\" height=\"338\" src=\"https:\/\/www.youtube.com\/embed\/WxZKrAdkdBA?feature=oembed\" frameborder=\"0\" allow=\"accelerometer; autoplay; clipboard-write; encrypted-media; gyroscope; picture-in-picture; web-share\" referrerpolicy=\"strict-origin-when-cross-origin\" allowfullscreen><\/iframe><\/p>\n<p>Cr\u00e9ation pour un ensemble d\u00e9ambulatoire<\/p>\n<p>Percussions du monde arabe, du Br\u00e9sil et des Cara\u00efbes<br \/>\nFanfare afro jazz et latino orientale<br \/>\nDanses hip hop, orientale et africaine<\/p>\n<p>Cette cr\u00e9ation, orchestr\u00e9e et dirig\u00e9e par Ali Alaoui, illustre le m\u00e9tissage des cultures du monde entre le monde arabe, le Br\u00e9sil, l\u2019Afrique, les Cara\u00efbes, l\u2019Europe et l\u2019Am\u00e9rique du Nord. C\u2019est une musique de rue puissante et originale qui nous fait voyager d\u2019un continent \u00e0 l\u2019autre dans la lign\u00e9e festive des grands carnavals et des c\u00e9l\u00e9brations populaires o\u00f9 la musique investie et transfigure la rue. Le m\u00e9lange des sonorit\u00e9s, des rythmes, des danses et des costumes \u00e9voque le caract\u00e8re universel de la culture comme patrimoine commun de l\u2019humanit\u00e9. Entre musiques traditionnelles, cr\u00e9ations originales et improvisation, \u00abPulsations du monde\u00bb est un cocktail musical et chor\u00e9graphique \u00e0 savourer sans mod\u00e9ration.<\/p>\n<p><a href=\"https:\/\/alialaoui.com\/wp-content\/uploads\/2015\/02\/Plaquette-1.jpg\"><img loading=\"lazy\" decoding=\"async\" class=\"alignnone wp-image-342\" src=\"https:\/\/alialaoui.com\/wp-content\/uploads\/2015\/02\/Plaquette-1-228x300.jpg\" alt=\"Plaquette 1\" width=\"410\" height=\"539\" srcset=\"https:\/\/alialaoui.com\/wp-content\/uploads\/2015\/02\/Plaquette-1-228x300.jpg 228w, https:\/\/alialaoui.com\/wp-content\/uploads\/2015\/02\/Plaquette-1-780x1024.jpg 780w, https:\/\/alialaoui.com\/wp-content\/uploads\/2015\/02\/Plaquette-1.jpg 909w\" sizes=\"auto, (max-width: 410px) 100vw, 410px\" \/><\/a><\/p>\n<p><a href=\"https:\/\/alialaoui.com\/wp-content\/uploads\/2015\/02\/Plaquette-2.jpg\"><img loading=\"lazy\" decoding=\"async\" class=\"alignnone wp-image-343\" src=\"https:\/\/alialaoui.com\/wp-content\/uploads\/2015\/02\/Plaquette-2-227x300.jpg\" alt=\"Plaquette 2\" width=\"411\" height=\"544\" srcset=\"https:\/\/alialaoui.com\/wp-content\/uploads\/2015\/02\/Plaquette-2-227x300.jpg 227w, https:\/\/alialaoui.com\/wp-content\/uploads\/2015\/02\/Plaquette-2-774x1024.jpg 774w, https:\/\/alialaoui.com\/wp-content\/uploads\/2015\/02\/Plaquette-2.jpg 911w\" sizes=\"auto, (max-width: 411px) 100vw, 411px\" \/><\/a><\/p>\n","protected":false},"excerpt":{"rendered":"<p>Cr\u00e9ation pour un ensemble d\u00e9ambulatoire Percussions du monde arabe, du Br\u00e9sil et des Cara\u00efbes Fanfare afro jazz et latino orientale Danses hip hop, orientale et africaine Cette cr\u00e9ation, orchestr\u00e9e et dirig\u00e9e par Ali Alaoui, illustre le m\u00e9tissage des cultures du monde entre le monde arabe, le Br\u00e9sil, l\u2019Afrique, les Cara\u00efbes, l\u2019Europe et l\u2019Am\u00e9rique du Nord. [&hellip;]<\/p>\n","protected":false},"author":1,"featured_media":0,"parent":0,"menu_order":0,"comment_status":"open","ping_status":"open","template":"","meta":{"footnotes":""},"class_list":["post-46","page","type-page","status-publish","hentry"],"_links":{"self":[{"href":"https:\/\/alialaoui.com\/index.php?rest_route=\/wp\/v2\/pages\/46","targetHints":{"allow":["GET"]}}],"collection":[{"href":"https:\/\/alialaoui.com\/index.php?rest_route=\/wp\/v2\/pages"}],"about":[{"href":"https:\/\/alialaoui.com\/index.php?rest_route=\/wp\/v2\/types\/page"}],"author":[{"embeddable":true,"href":"https:\/\/alialaoui.com\/index.php?rest_route=\/wp\/v2\/users\/1"}],"replies":[{"embeddable":true,"href":"https:\/\/alialaoui.com\/index.php?rest_route=%2Fwp%2Fv2%2Fcomments&post=46"}],"version-history":[{"count":9,"href":"https:\/\/alialaoui.com\/index.php?rest_route=\/wp\/v2\/pages\/46\/revisions"}],"predecessor-version":[{"id":1064,"href":"https:\/\/alialaoui.com\/index.php?rest_route=\/wp\/v2\/pages\/46\/revisions\/1064"}],"wp:attachment":[{"href":"https:\/\/alialaoui.com\/index.php?rest_route=%2Fwp%2Fv2%2Fmedia&parent=46"}],"curies":[{"name":"wp","href":"https:\/\/api.w.org\/{rel}","templated":true}]}}