{"id":34,"date":"2022-08-19T17:49:31","date_gmt":"2022-08-19T15:49:31","guid":{"rendered":"http:\/\/alialaoui.com\/?page_id=34"},"modified":"2023-09-16T18:02:07","modified_gmt":"2023-09-16T16:02:07","slug":"a-propos-dali","status":"publish","type":"page","link":"https:\/\/alialaoui.com\/?page_id=34","title":{"rendered":"BIOGRAPHIE"},"content":{"rendered":"\n<figure class=\"wp-block-image size-large\"><a href=\"https:\/\/alialaoui.com\/wp-content\/uploads\/2014\/10\/Ali-Alaoui-2014.jpg\"><img loading=\"lazy\" decoding=\"async\" width=\"1024\" height=\"748\" src=\"https:\/\/alialaoui.com\/wp-content\/uploads\/2014\/10\/Ali-Alaoui-2014-1024x748.jpg\" alt=\"\" class=\"wp-image-1101\" srcset=\"https:\/\/alialaoui.com\/wp-content\/uploads\/2014\/10\/Ali-Alaoui-2014-1024x748.jpg 1024w, https:\/\/alialaoui.com\/wp-content\/uploads\/2014\/10\/Ali-Alaoui-2014-300x219.jpg 300w, https:\/\/alialaoui.com\/wp-content\/uploads\/2014\/10\/Ali-Alaoui-2014-768x561.jpg 768w, https:\/\/alialaoui.com\/wp-content\/uploads\/2014\/10\/Ali-Alaoui-2014.jpg 1424w\" sizes=\"auto, (max-width: 1024px) 100vw, 1024px\" \/><\/a><\/figure>\n\n\n\n<p>&nbsp;<\/p>\n\n\n\n<div class=\"wp-block-file\"><a href=\"https:\/\/alialaoui.com\/wp-content\/uploads\/2023\/09\/Bio-Ali-2023.pdf\">Biographie Ali Alaoui 2023<\/a><a href=\"https:\/\/alialaoui.com\/wp-content\/uploads\/2023\/09\/Bio-Ali-2023.pdf\" class=\"wp-block-file__button\" download>T\u00e9l\u00e9charger<\/a><\/div>\n\n\n\n<div class=\"wp-block-file\"><a href=\"https:\/\/alialaoui.com\/wp-content\/uploads\/2023\/09\/CV-Ali-2023-ENSEIGNANT-FORMATEUR.pdf\">CV Ali Alaoui 2023 ENSEIGNANT FORMATEUR<\/a><a href=\"https:\/\/alialaoui.com\/wp-content\/uploads\/2023\/09\/CV-Ali-2023-ENSEIGNANT-FORMATEUR.pdf\" class=\"wp-block-file__button\" download>T\u00e9l\u00e9charger<\/a><\/div>\n\n\n\n<div class=\"wp-block-file\"><a href=\"https:\/\/alialaoui.com\/wp-content\/uploads\/2023\/09\/CV-Ali-2023.pdf\">CV Ali Alaoui Complet 2023<\/a><a href=\"https:\/\/alialaoui.com\/wp-content\/uploads\/2023\/09\/CV-Ali-2023.pdf\" class=\"wp-block-file__button\" download>T\u00e9l\u00e9charger<\/a><\/div>\n\n\n\n<p><span style=\"font-family: Liberation Sans,Arial,sans-serif;\"><span style=\"font-size: large;\"><i><b>Ma\u00eetre des percussions arabes<\/b><\/i><\/span><\/span><\/p>\n\n\n\n<p><span style=\"font-family: Liberation Sans,Arial,sans-serif;\"><span style=\"font-size: large;\"><i><b>Professeur de musique Dipl\u00f4m\u00e9 d\u2019\u00c9tat option musiques traditionnelles<\/b><\/i><\/span><\/span><\/p>\n\n\n\n<p><span style=\"font-family: Liberation Sans,Arial,sans-serif;\"><span style=\"font-size: medium;\"><i><b>Ali Alaoui consacre l&rsquo;ensemble de sa carri\u00e8re \u00e0 la diffusion de sa culture. Travaillant \u00e0 la fois sur la transmission, la cr\u00e9ation et l&rsquo;adaptation de r\u00e9pertoires classiques et traditionnels, il rend hommage \u00e0 son patrimoine et tisse des liens entre musiques orientales et occidentales.<\/b><\/i><\/span><\/span><\/p>\n\n\n\n<p><span style=\"color: #800000;\"><span style=\"font-family: URW Chancery L;\"><span style=\"font-size: x-large;\">Enfance et carri\u00e8re au Maroc<\/span><\/span><\/span><\/p>\n\n\n\n<p>N\u00e9 \u00e0 F\u00e8s en 1967, Ali Alaoui \u00e9tudie au conservatoire de musique arabo-andalouse de sa ville natale et pratique l&rsquo;art des percussions depuis son enfance dans un environnement musical h\u00e9rit\u00e9 du Maghreb, du Moyen-Orient, de l&rsquo;Andalousie et de l&rsquo;Afrique.<\/p>\n\n\n\n<p>A 19 ans, il int\u00e8gre l&rsquo;orchestre de la Radio T\u00e9l\u00e9vision Marocaine de F\u00e8s puis est promu soliste dans l&rsquo;Orchestre National du Maroc avec lequel il se produit dans le monde entier aux c\u00f4t\u00e9s des grands noms de la musique arabe tels Abdel Wahab Doukali, Abdelhadi Bel Khayat, Sa\u00efd Chraibi, Lotfi Bouchenak, etc. Cette carri\u00e8re lui a valu la reconnaissance de ses pairs comme musicien mais aussi comme arrangeur et conseiller artistique lors de nombreux enregistrements studio.<\/p>\n\n\n\n<p><span style=\"color: #800000;\"><span style=\"font-family: URW Chancery L;\"><span style=\"font-size: x-large;\">Arriv\u00e9e en France<\/span><\/span><\/span><\/p>\n\n\n\n<p><span style=\"font-family: Liberation Sans,Arial,sans-serif;\">En 1999, lors d&rsquo;une tourn\u00e9e en France qui le m\u00e8ne jusqu&rsquo;au salon du livre de Paris, il d\u00e9couvre que la culture musicale du monde arabe, encore peu diffus\u00e9e hors de ses fronti\u00e8res, suscite un r\u00e9el int\u00e9r\u00eat aupr\u00e8s des artistes et du public occidentaux. L&rsquo;occasion lui est donn\u00e9e d&rsquo;enseigner les percussions orientales \u00e0 Toulouse dans l&rsquo;une des meilleures \u00e9coles de jazz et de musiques actuelles de France \u00ab&nbsp;Music Halle&nbsp;\u00bb. C&rsquo;est l\u00e0 qu&rsquo;il commence \u00e0 transmettre son art et sa culture. Ce travail, unique en son genre, lui ouvre rapidement les portes d&rsquo;autres \u00e9tablissements de formation tels la Facult\u00e9 des Arts et des Lettres de Toulouse et l&rsquo;Institut Universitaire de formation des ma\u00eetres de l&rsquo;\u00e9ducation nationale. <\/span><\/p>\n\n\n\n<p><span style=\"color: #800000;\"><span style=\"font-family: URW Chancery L;\"><span style=\"font-size: x-large;\">D\u00e9veloppement p\u00e9dagogique<\/span><\/span><\/span><\/p>\n\n\n\n<p><span style=\"font-family: Liberation Sans,Arial,sans-serif;\">A partir de 2001, il d\u00e9veloppe des stages de musique au Maroc pour sensibiliser ses \u00e9tudiants \u00e0 la richesse musicale de son pays. Depuis, une dizaine de s\u00e9jours ont \u00e9t\u00e9 r\u00e9alis\u00e9s dans diff\u00e9rentes r\u00e9gions notamment en collaboration avec le conservatoire arabo-andalou de F\u00e8s, l&rsquo;Universit\u00e9 des Arts et des Lettres de Toulouse et le Festival de F\u00e8s de la Culture Soufie, sans oublier tous les ensembles traditionnels marocains que les stagiaires ont pu rencontrer.<\/span><\/p>\n\n\n\n<p><span style=\"font-family: Liberation Sans,Arial,sans-serif;\">A Toulouse, il organise \u00e9galement des s\u00e9ries de master classes et de concerts o\u00f9 il invite des artistes et chefs d&rsquo;orchestre marocains \u00e0 venir transmettre leur savoir et \u00e0 se produire sur les plus belles sc\u00e8nes de la ville rose comme le Th\u00e9\u00e2tre National du Capitole, le Z\u00e9nith, la Halle au Grains et le Th\u00e9\u00e2tre Garonne. Il a notamment re\u00e7u Azzeddine Montassere (chef de l&rsquo;orchestre National du Maroc), Mohammed Briouel (Chef de l&rsquo;orchestre arabo-andalou de F\u00e8s) , Majid Bekkas (ma\u00eetre de la musique gnawa), Mohammed Amine el Akrami et l&rsquo;orchestre arabo-andalou de T\u00e9touan et bien d&rsquo;autres encore. <\/span><\/p>\n\n\n\n<p><span style=\"font-family: Liberation Sans,Arial,sans-serif;\">En 2006, il r\u00e9alise un ouvrage de r\u00e9f\u00e9rence sans pr\u00e9c\u00e9dent qui lui permet de p\u00e9renniser et de diffuser son enseignement \u00e0 plus grande \u00e9chelle. Il s&rsquo;agit d&rsquo;un coffret p\u00e9dagogique appartenant \u00e0 la collection \u00ab&nbsp;Le Salon de Musique&nbsp;\u00bb qui contient un DVD d&rsquo;apprentissage des rythmes et des percussions arabes, un DVD documentaire sur les musiques du Maroc et un livret d&rsquo;une centaine de pages contenant des partitions et des r\u00e9f\u00e9rences musicales et historiques. <\/span><\/p>\n\n\n\n<p><span style=\"font-family: Liberation Sans,Arial,sans-serif;\">Alors qu&rsquo;en 2011, l&rsquo;\u00e9cole Music&rsquo;Halle investit de nouveaux locaux, Ali Alaoui ouvre de nouvelles classes d&rsquo;interpr\u00e9tation dont un atelier de chant, un atelier orchestre et un atelier de culture rythmique. Ce nouveau vivier lui permet d&rsquo;\u00e9largir sa sensibilisation aux musiques du monde arabe.<\/span><\/p>\n\n\n\n<p>En septembre 2021, Ali Alaoui ouvre sa propre \u00c9cole de musique et d\u00e9veloppe la formation aupr\u00e8s de divers publics.&nbsp;<\/p>\n\n\n\n<p><span style=\"color: #800000;\"><span style=\"font-family: URW Chancery L;\"><span style=\"font-size: x-large;\">D\u00e9veloppement artistique<\/span><\/span><\/span><\/p>\n\n\n\n<p><span style=\"font-family: Liberation Sans,Arial,sans-serif;\">Apr\u00e8s avoir quitt\u00e9 l&rsquo;Orchestre National du Maroc pour s&rsquo;installer en France, Ali Alaoui entame une nouvelle carri\u00e8re artistique marqu\u00e9e par de nombreuses collaborations avec des musiciens de jazz (Abdu Salim, Jean-Marc Padovani, Leon Parker, David el Malek, Tom Johnson) de musique classique (orchestre National du Capitole, orchestre philharmonique de Radio France, orchestre de chambre de Toulouse), de musique m\u00e9di\u00e9vale (viellistic orchestra, ensemble Tre fontane) et de musiques du monde (Cheb Khaled, Juan Carmona, Shankar Gosh, Vicente Pradal), etc. Il comprend vite que le partage de sa culture passe avant tout par la transmission et d\u00e9cide de r\u00e9aliser ses propres projets avec des musiciens professionnels qui se passionnent pour la musique arabe et avec les musiciens qu&rsquo;il forme dans ses ateliers. <\/span><\/p>\n\n\n\n<p><span style=\"font-family: Liberation Sans,Arial,sans-serif;\">En 2002, il cr\u00e9e l&rsquo;ensemble \u00ab&nbsp;Torat&nbsp;\u00bb o\u00f9 il r\u00e9unit ses meilleurs \u00e9tudiants en percussions avec un quintet de jazz m\u00e9tiss\u00e9 aux influences orientales et latines. Cet ensemble se produit notamment au Festival des Musiques sacr\u00e9es de F\u00e8s en 2004 et dans plusieurs instituts fran\u00e7ais du Maroc.<\/span><\/p>\n\n\n\n<p><span style=\"font-family: Liberation Sans,Arial,sans-serif;\">En 2004, il cr\u00e9e l&rsquo;ensemble Moultaqa Salam dans lequel il pr\u00e9sente la diversit\u00e9 musicale du Maroc tout en travaillant sur le m\u00e9tissage culturel avec la France et l&rsquo;Espagne. Leur premier double album, \u00ab&nbsp;Chemins crois\u00e9s en M\u00e9diterran\u00e9e&nbsp;\u00bb,&nbsp; est enregistr\u00e9 en 2009. Le groupe se produit pour la premi\u00e8re fois au Maroc en 2006 lors du Festival des musiques sacr\u00e9es de F\u00e8s marquant ainsi le d\u00e9but d&rsquo;un beau parcours avec notamment des passages remarqu\u00e9s \u00e0 la t\u00e9l\u00e9vision marocaine sur la 1\u00e8re cha\u00eene nationale 2M Monde et des centaines de concerts dont les plus marquants au Royce Hall Theater de Los Angeles, \u00e0 l&rsquo;Institut du Monde Arabe de Paris, au Festival Mawazine de Rabat, au Festival des Musiques Sacr\u00e9es de F\u00e8s, au Palais des Nations Unies de Gen\u00e8ve, au Th\u00e9\u00e2tre National du Capitole, au Th\u00e9\u00e2tre National de Rabat, au Festival Andaloussiat de Casablanca, \u00e0 l&rsquo;Auditorium de Barcelone et \u00e0 l&rsquo;Auditorium de l&rsquo;Unesco de Paris. <\/span><\/p>\n\n\n\n<p><span style=\"font-family: Liberation Sans,Arial,sans-serif;\">En 2007, il cr\u00e9e \u00ab&nbsp;Darboukada&nbsp;\u00bb un ensemble d\u00e9ambulatoire de percussions orientales qui se produit au Festival jazz sur son 31 et au Z\u00e9nith de Toulouse. En 2010, il d\u00e9veloppe ce projet pour le festival Mawazine de Rabat et cr\u00e9e l&rsquo;ensemble \u00ab&nbsp;pulsation du monde&nbsp;\u00bb o\u00f9 l&rsquo;on retrouve la darboukada accompagn\u00e9e d&rsquo;une section de batucada br\u00e9silienne, d&rsquo;un ensemble de steel drums des Cara\u00efbes, d&rsquo;un ensemble de cuivres et d&rsquo;une troupe de danse africaine, orientale et hip hop. <\/span><\/p>\n\n\n\n<p><span style=\"font-family: Liberation Sans,Arial,sans-serif;\">En 2008, il pr\u00e9sente au Festival Jazz sur son 31 de Toulouse une cr\u00e9ation qui fait l&rsquo;objet d&rsquo;une r\u00e9sidence, d&rsquo;un concert et d&rsquo;un reportage diffus\u00e9 lors du festival \u00ab&nbsp;Peuples et Musiques au cin\u00e9ma&nbsp;\u00bb de Toulouse. Il y invite quatre percussionnistes solistes \u00e0 interpr\u00e9ter un r\u00e9pertoire rythmique de sa composition&nbsp;: Karim Ziad \u00e0 la batterie, Keyvan Chemirani au zarb iranien, Debashish Brahmachari aux tablas indiennes et Miguel Gomez aux congas. <\/span><\/p>\n\n\n\n<p><span style=\"font-family: Liberation Sans,Arial,sans-serif;\">Aujourd&rsquo;hui, Ali Alaoui continue de promouvoir sa culture en faisant r\u00e9guli\u00e8rement le lien entre sa carri\u00e8re p\u00e9dagogique et sa carri\u00e8re artistique et n&rsquo;a de cesse de cr\u00e9er de nouveaux projets. Ils sont en grande partie r\u00e9alis\u00e9s avec l&rsquo;orchestre Moultaqa Salam port\u00e9 par la voix d&rsquo;Izdihar (Ingrid Panquin) une chanteuse de gospel qui, en int\u00e9grant ses ateliers de percussions en 2002, s&rsquo;est progressivement form\u00e9e au chant arabe, une discipline qu&rsquo;elle enseigne aujourd&rsquo;hui \u00e0 ses c\u00f4t\u00e9s. <br><\/span><\/p>\n\n\n\n<p>&nbsp;<\/p>\n\n\n\n<p><\/p>\n","protected":false},"excerpt":{"rendered":"<p>&nbsp; Ma\u00eetre des percussions arabes Professeur de musique Dipl\u00f4m\u00e9 d\u2019\u00c9tat option musiques traditionnelles Ali Alaoui consacre l&rsquo;ensemble de sa carri\u00e8re \u00e0 la diffusion de sa culture. Travaillant \u00e0 la fois sur la transmission, la cr\u00e9ation et l&rsquo;adaptation de r\u00e9pertoires classiques et traditionnels, il rend hommage \u00e0 son patrimoine et tisse des liens entre musiques orientales [&hellip;]<\/p>\n","protected":false},"author":1,"featured_media":0,"parent":0,"menu_order":0,"comment_status":"open","ping_status":"open","template":"","meta":{"footnotes":""},"class_list":["post-34","page","type-page","status-publish","hentry"],"_links":{"self":[{"href":"https:\/\/alialaoui.com\/index.php?rest_route=\/wp\/v2\/pages\/34","targetHints":{"allow":["GET"]}}],"collection":[{"href":"https:\/\/alialaoui.com\/index.php?rest_route=\/wp\/v2\/pages"}],"about":[{"href":"https:\/\/alialaoui.com\/index.php?rest_route=\/wp\/v2\/types\/page"}],"author":[{"embeddable":true,"href":"https:\/\/alialaoui.com\/index.php?rest_route=\/wp\/v2\/users\/1"}],"replies":[{"embeddable":true,"href":"https:\/\/alialaoui.com\/index.php?rest_route=%2Fwp%2Fv2%2Fcomments&post=34"}],"version-history":[{"count":27,"href":"https:\/\/alialaoui.com\/index.php?rest_route=\/wp\/v2\/pages\/34\/revisions"}],"predecessor-version":[{"id":2423,"href":"https:\/\/alialaoui.com\/index.php?rest_route=\/wp\/v2\/pages\/34\/revisions\/2423"}],"wp:attachment":[{"href":"https:\/\/alialaoui.com\/index.php?rest_route=%2Fwp%2Fv2%2Fmedia&parent=34"}],"curies":[{"name":"wp","href":"https:\/\/api.w.org\/{rel}","templated":true}]}}