{"id":32,"date":"2014-10-17T21:08:42","date_gmt":"2014-10-17T20:08:42","guid":{"rendered":"http:\/\/alialaoui.com\/?page_id=32"},"modified":"2015-01-01T23:24:44","modified_gmt":"2015-01-01T22:24:44","slug":"les-voix-de-la-mediterranee","status":"publish","type":"page","link":"https:\/\/alialaoui.com\/?page_id=32","title":{"rendered":"Les voix de la m\u00e9diterran\u00e9e"},"content":{"rendered":"<p><em>Cr\u00e9ation pr\u00e9sent\u00e9e au Th\u00e9\u00e2tre National du Capitole de Toulouse les 30 juin et 1er juillet 2012\u00a0<\/em><\/p>\n<p>Deux journ\u00e9es consacr\u00e9es \u00e0 l\u2019art musical du monde arabe. Des rives de la m\u00e9diterran\u00e9e aux portes du Sahara, cinq grandes voix se croisent pour exprimer toute la richesse musicale et po\u00e9tique des peuples du Maghreb et de l\u2019Orient dans un esprit de rencontre et d\u2019ouverture.<\/p>\n<p>Direction musicale: \u00a0Ali Alaoui<\/p>\n<p><a href=\"https:\/\/alialaoui.com\/wp-content\/uploads\/2015\/01\/Voix-Mediterran-e-120x176.jpg\" target=\"_blank\"><img loading=\"lazy\" decoding=\"async\" class=\"alignnone size-medium wp-image-135\" src=\"https:\/\/alialaoui.com\/wp-content\/uploads\/2015\/01\/Voix-Mediterran-e-120x176-202x300.jpg\" alt=\"Voix Mediterranee affiche\" width=\"202\" height=\"300\" \/><\/a><\/p>\n<p><a href=\"https:\/\/alialaoui.com\/wp-content\/uploads\/2015\/01\/THEATRE-CAP-Voix-M\u00e9diterran\u00e9e.pdf\" target=\"_blank\">THEATRE CAPITOLE Voix M\u00e9diterran\u00e9e<\/a><\/p>\n<h3 class=\"spip\">Les Jardins d\u2019Andalousie<\/h3>\n<p><strong>Th\u00e9\u00e2tre du Capitole, 30 juin \u00e0 19h<\/strong><\/p>\n<p>\u00ab\u00a0Al Andalus\u00a0\u00bb, p\u00f4le culturel au sein de l\u2019Europe m\u00e9di\u00e9vale, a \u00e9t\u00e9 enrichi par les grands courants de civilisations entre l\u2019Orient et l\u2019Occident. Il a r\u00e9uni des adeptes des trois religions monoth\u00e9istes juive, chr\u00e9tienne et musulmane et a attir\u00e9 de nombreux \u00e9rudits. De cette cohabitation est n\u00e9e une longue p\u00e9riode d\u2019\u00e9panouissement culturel o\u00f9 arabes, berb\u00e8res, juifs et espagnoles contribu\u00e8rent au d\u00e9veloppement des sciences, de l\u2019architecture, de la musique, de la po\u00e9sie et de la pens\u00e9e.<br \/>\nLe spectacle \u00ab\u00a0Les jardins d\u2019Andalousie\u00a0\u00bb rend hommage \u00e0 la grandeur de cette civilisation plurielle, au message culturel qu\u2019elle nous a l\u00e9gu\u00e9 et \u00e0 un h\u00e9ritage musical dont l\u2019influence est encore vivante aujourd\u2019hui.<\/p>\n<p><strong class=\"caractencadre-spip spip\">Ali Alaoui<\/strong> Direction artistique et musicale<\/p>\n<p>Musiciens solistes (Maroc)<br \/>\n<strong class=\"caractencadre-spip spip\">Azeddine Montassere<\/strong> Oud<br \/>\n<strong class=\"caractencadre-spip spip\">Abderrahim Semlali<\/strong> Violon<\/p>\n<p>Orchestre Moultaqa Salam (France)<\/p>\n<p><strong class=\"caractencadre-spip spip\">Abdeslam Khaloufi<\/strong> Chant arabo-andalou (Maroc)<br \/>\n<strong class=\"caractencadre-spip spip\">Syrine Ben Moussa<\/strong> Chant malouf (Tunisie)<br \/>\n<strong class=\"caractencadre-spip spip\">Ingrid Panquin<\/strong> \u00ab\u00a0Izdihar\u00a0\u00bb Chant m\u00e9diterran\u00e9en (Maroc, Alg\u00e9rie, France, Espagne)<\/p>\n<h3 class=\"spip\">Musique contemporaine<\/h3>\n<p><strong>Th\u00e9\u00e2tre du Capitole, 30 juin \u00e0 21h<\/strong><\/p>\n<p>Le XX<sup>e<\/sup> si\u00e8cle est marqu\u00e9 par le renouveau de la musique classique arabe qui se d\u00e9veloppe et se d\u00e9mocratise notamment gr\u00e2ce \u00e0 l\u2019\u00e9mergence de la radiodiffusion, de l\u2019art cin\u00e9matographique et du disque phonographique. Ce spectacle rend un hommage particulier aux grandes voix de l\u2019Orient et du Maghreb qui ont \u00e9t\u00e9 sublim\u00e9es par des compositeurs et des po\u00e8tes contemporains. De l\u2019\u00c9gypte au d\u00e9sert marocain, ce p\u00e9riple nous m\u00e8ne au XXIe si\u00e8cle o\u00f9 la musique continue de se d\u00e9velopper entre tradition et modernit\u00e9.<\/p>\n<p><strong class=\"caractencadre-spip spip\">Ali Alaoui<\/strong> Direction artistique et musicale<\/p>\n<p>Musiciens solistes (Maroc)<br \/>\n<strong class=\"caractencadre-spip spip\">Azeddine Montassere<\/strong> Oud<br \/>\n<strong class=\"caractencadre-spip spip\">Abderrahim Semlali<\/strong> Violon<\/p>\n<p>Orchestre Moultaqa Salam (France)<\/p>\n<p><strong class=\"caractencadre-spip spip\">Rachida Talal<\/strong> Chant du d\u00e9sert (Maroc)<br \/>\n<strong class=\"caractencadre-spip spip\">Ingrid Panquin<\/strong> \u00ab\u00a0Izdihar\u00a0\u00bb Chant classique contemporain (\u00c9gypte, Maroc)<\/p>\n<p><strong class=\"caractencadre-spip spip\">Master class\u00a0: Panorama des grands courants musicaux du Maghreb et de l\u2019Orient<\/strong><br \/>\n<strong>Th\u00e9\u00e2tre du Capitole, 1<sup>er<\/sup> juillet \u00e0 15h<\/strong><\/p>\n<p><strong class=\"caractencadre-spip spip\">Ali Alaoui<\/strong> musicien, compositeur, chef d\u2019orchestre et p\u00e9dagogue. Ancien soliste de l\u2019Orchestre principal de F\u00e8s et de l\u2019Orchestre national du Maroc<br \/>\n<strong class=\"caractencadre-spip spip\">Azeddine Montassere<\/strong> musicien, compositeur, chef d\u2019orchestre et p\u00e9dagogue. Pr\u00e9sident de l\u2019Orchestre national du Maroc, ancien directeur de l\u2019Orchestre principal de F\u00e8s, professeur de oud au Conservatoire national de musique et de danse de Rabat<\/p>\n<p><strong class=\"caractencadre-spip spip\">Concert p\u00e9dagogique\u00a0: Illustration de la master class<\/strong><br \/>\n<strong>Th\u00e9\u00e2tre du Capitole, 1<sup>er<\/sup> juillet \u00e0 16h30<\/strong><\/p>\n<p>Avec Ingrid Panquin \u00ab\u00a0Izdihar\u00a0\u00bb (chant), Azeddine Montassere (oud), Ali Alaoui (percussions), Abderrahim Semlali (violon)<\/p>\n<h3 class=\"spip\">Chemins crois\u00e9s en M\u00e9diterran\u00e9e<\/h3>\n<p><strong>Th\u00e9\u00e2tre du Capitole, 1<sup>er<\/sup> juillet \u00e0 18h<\/strong> \u2013<\/p>\n<p>C\u2019est une histoire de rencontre et de partage qui r\u00e9unit Ali Alaoui, ma\u00eetre des percussions arabes issu de l\u2019Orchestre national du Maroc et les membres de l\u2019ensemble Moultaqa Salam, musiciens aux origines diverses passionn\u00e9s par la musique arabe. Ils sont pour cette occasion accompagn\u00e9s de trois grands artistes marocains, notamment Azeddine Montassere,<br \/>\nPr\u00e9sident de l\u2019Orchestre national du Maroc.<br \/>\nAvec Moultaqa Salam, \u00ab\u00a0Rencontre et Paix\u00a0\u00bb, Ali Alaoui nous transporte au coeur d\u2019une musique vivante \u00e0 la crois\u00e9e des cultures. Cr\u00e9ations originales, h\u00e9ritage arabo-andalou, po\u00e9sie voyageuse des artisans de F\u00e8s et rythmes exalt\u00e9s de la transe r\u00e9v\u00e8lent une richesse musicale aux langages multiples qui suscite ravissement et \u00e9motion.<\/p>\n<p><strong class=\"caractencadre-spip spip\">Ali Alaoui<\/strong> Direction artistique et musicale<\/p>\n<p>Musiciens solistes (Maroc)<br \/>\n<strong class=\"caractencadre-spip spip\">Azeddine Montassere<\/strong> Oud<br \/>\n<strong class=\"caractencadre-spip spip\">Abderrahim Semlali<\/strong> Violon<\/p>\n<p>Orchestre Moultaqa Salam (France)<\/p>\n<p><strong class=\"caractencadre-spip spip\">Ingrid Panquin<\/strong> \u00ab\u00a0Izdihar\u00a0\u00bb Chant m\u00e9diterran\u00e9en (Maroc, France, Espagne)<\/p>\n<p>&nbsp;<\/p>\n<p>&nbsp;<\/p>\n","protected":false},"excerpt":{"rendered":"<p>Cr\u00e9ation pr\u00e9sent\u00e9e au Th\u00e9\u00e2tre National du Capitole de Toulouse les 30 juin et 1er juillet 2012\u00a0 Deux journ\u00e9es consacr\u00e9es \u00e0 l\u2019art musical du monde arabe. Des rives de la m\u00e9diterran\u00e9e aux portes du Sahara, cinq grandes voix se croisent pour exprimer toute la richesse musicale et po\u00e9tique des peuples du Maghreb et de l\u2019Orient dans [&hellip;]<\/p>\n","protected":false},"author":1,"featured_media":0,"parent":0,"menu_order":0,"comment_status":"open","ping_status":"open","template":"","meta":{"footnotes":""},"class_list":["post-32","page","type-page","status-publish","hentry"],"_links":{"self":[{"href":"https:\/\/alialaoui.com\/index.php?rest_route=\/wp\/v2\/pages\/32","targetHints":{"allow":["GET"]}}],"collection":[{"href":"https:\/\/alialaoui.com\/index.php?rest_route=\/wp\/v2\/pages"}],"about":[{"href":"https:\/\/alialaoui.com\/index.php?rest_route=\/wp\/v2\/types\/page"}],"author":[{"embeddable":true,"href":"https:\/\/alialaoui.com\/index.php?rest_route=\/wp\/v2\/users\/1"}],"replies":[{"embeddable":true,"href":"https:\/\/alialaoui.com\/index.php?rest_route=%2Fwp%2Fv2%2Fcomments&post=32"}],"version-history":[{"count":8,"href":"https:\/\/alialaoui.com\/index.php?rest_route=\/wp\/v2\/pages\/32\/revisions"}],"predecessor-version":[{"id":132,"href":"https:\/\/alialaoui.com\/index.php?rest_route=\/wp\/v2\/pages\/32\/revisions\/132"}],"wp:attachment":[{"href":"https:\/\/alialaoui.com\/index.php?rest_route=%2Fwp%2Fv2%2Fmedia&parent=32"}],"curies":[{"name":"wp","href":"https:\/\/api.w.org\/{rel}","templated":true}]}}