{"id":274,"date":"2015-01-28T15:50:22","date_gmt":"2015-01-28T14:50:22","guid":{"rendered":"http:\/\/alialaoui.com\/?page_id=274"},"modified":"2025-07-23T22:14:31","modified_gmt":"2025-07-23T20:14:31","slug":"soirees","status":"publish","type":"page","link":"https:\/\/alialaoui.com\/?page_id=274","title":{"rendered":"Concerts \/ Spectacles"},"content":{"rendered":"\n<p>L&rsquo;association AAA&amp;D programme r\u00e9guli\u00e8rement des concerts et spectacles \u00e0 Toulouse et dans la r\u00e9gion Occitanie. Voir l&rsquo;agenda. <\/p>\n\n\n\n<p>Les diff\u00e9rentes prestations artistiques peuvent aussi \u00eatre programm\u00e9es par d&rsquo;autres associations, institutions ou organisateur priv\u00e9. De nombreuses formules sont possibles. Merci de nous contacter.<\/p>\n\n\n\n<hr class=\"wp-block-separator\"\/>\n\n\n\n<p>Exemples de soir\u00e9es pass\u00e9es:<\/p>\n\n\n\n<div class=\"wp-block-group\"><div class=\"wp-block-group__inner-container is-layout-flow wp-block-group-is-layout-flow\">\n<div class=\"wp-block-columns is-layout-flex wp-container-core-columns-is-layout-9d6595d7 wp-block-columns-is-layout-flex\">\n<div class=\"wp-block-column is-layout-flow wp-block-column-is-layout-flow\" style=\"flex-basis:100%\">\n<div class=\"wp-block-columns is-layout-flex wp-container-core-columns-is-layout-9d6595d7 wp-block-columns-is-layout-flex\">\n<div class=\"wp-block-column is-layout-flow wp-block-column-is-layout-flow\" style=\"flex-basis:100%\">\n<figure class=\"wp-block-gallery columns-1 is-cropped wp-block-gallery-1 is-layout-flex wp-block-gallery-is-layout-flex\"><ul class=\"blocks-gallery-grid\"><li class=\"blocks-gallery-item\"><figure><a href=\"https:\/\/alialaoui.com\/wp-content\/uploads\/2019\/01\/AFFICHE_Soir\u00e9e-Solidaire-2-211x300.jpg\"><img loading=\"lazy\" decoding=\"async\" width=\"211\" height=\"300\" src=\"https:\/\/alialaoui.com\/wp-content\/uploads\/2019\/01\/AFFICHE_Soir\u00e9e-Solidaire-2-211x300.jpg\" alt=\"\" data-id=\"1390\" class=\"wp-image-1390\" srcset=\"https:\/\/alialaoui.com\/wp-content\/uploads\/2019\/01\/AFFICHE_Soir\u00e9e-Solidaire-2-211x300.jpg 211w, https:\/\/alialaoui.com\/wp-content\/uploads\/2019\/01\/AFFICHE_Soir\u00e9e-Solidaire-2-768x1093.jpg 768w, https:\/\/alialaoui.com\/wp-content\/uploads\/2019\/01\/AFFICHE_Soir\u00e9e-Solidaire-2-720x1024.jpg 720w, https:\/\/alialaoui.com\/wp-content\/uploads\/2019\/01\/AFFICHE_Soir\u00e9e-Solidaire-2.jpg 1241w\" sizes=\"auto, (max-width: 211px) 100vw, 211px\" \/><\/a><\/figure><\/li><\/ul><\/figure>\n<\/div>\n<\/div>\n<\/div>\n<\/div>\n<\/div><\/div>\n\n\n\n<p><a href=\"https:\/\/www.facebook.com\/permalink.php?story_fbid=1183997921757876&amp;id=279794868844857\">Lire l&rsquo;Article des Blouses Roses<\/a><\/p>\n\n\n\n<figure class=\"wp-block-image\"><a href=\"https:\/\/alialaoui.com\/wp-content\/uploads\/2015\/01\/51757569_1183997871757881_7383706964087275520_n.jpg\"><img loading=\"lazy\" decoding=\"async\" width=\"300\" height=\"225\" src=\"https:\/\/alialaoui.com\/wp-content\/uploads\/2015\/01\/51757569_1183997871757881_7383706964087275520_n-300x225.jpg\" alt=\"\" class=\"wp-image-1410\" srcset=\"https:\/\/alialaoui.com\/wp-content\/uploads\/2015\/01\/51757569_1183997871757881_7383706964087275520_n-300x225.jpg 300w, https:\/\/alialaoui.com\/wp-content\/uploads\/2015\/01\/51757569_1183997871757881_7383706964087275520_n-768x576.jpg 768w, https:\/\/alialaoui.com\/wp-content\/uploads\/2015\/01\/51757569_1183997871757881_7383706964087275520_n.jpg 960w\" sizes=\"auto, (max-width: 300px) 100vw, 300px\" \/><\/a><\/figure>\n","protected":false},"excerpt":{"rendered":"<p>L&rsquo;association AAA&amp;D programme r\u00e9guli\u00e8rement des concerts et spectacles \u00e0 Toulouse et dans la r\u00e9gion Occitanie. Voir l&rsquo;agenda. Les diff\u00e9rentes prestations artistiques peuvent aussi \u00eatre programm\u00e9es par d&rsquo;autres associations, institutions ou organisateur priv\u00e9. De nombreuses formules sont possibles. Merci de nous contacter. Exemples de soir\u00e9es pass\u00e9es: Lire l&rsquo;Article des Blouses Roses<\/p>\n","protected":false},"author":1,"featured_media":0,"parent":0,"menu_order":0,"comment_status":"closed","ping_status":"open","template":"","meta":{"footnotes":""},"class_list":["post-274","page","type-page","status-publish","hentry"],"_links":{"self":[{"href":"https:\/\/alialaoui.com\/index.php?rest_route=\/wp\/v2\/pages\/274","targetHints":{"allow":["GET"]}}],"collection":[{"href":"https:\/\/alialaoui.com\/index.php?rest_route=\/wp\/v2\/pages"}],"about":[{"href":"https:\/\/alialaoui.com\/index.php?rest_route=\/wp\/v2\/types\/page"}],"author":[{"embeddable":true,"href":"https:\/\/alialaoui.com\/index.php?rest_route=\/wp\/v2\/users\/1"}],"replies":[{"embeddable":true,"href":"https:\/\/alialaoui.com\/index.php?rest_route=%2Fwp%2Fv2%2Fcomments&post=274"}],"version-history":[{"count":11,"href":"https:\/\/alialaoui.com\/index.php?rest_route=\/wp\/v2\/pages\/274\/revisions"}],"predecessor-version":[{"id":2997,"href":"https:\/\/alialaoui.com\/index.php?rest_route=\/wp\/v2\/pages\/274\/revisions\/2997"}],"wp:attachment":[{"href":"https:\/\/alialaoui.com\/index.php?rest_route=%2Fwp%2Fv2%2Fmedia&parent=274"}],"curies":[{"name":"wp","href":"https:\/\/api.w.org\/{rel}","templated":true}]}}