{"id":268,"date":"2015-01-28T15:49:04","date_gmt":"2015-01-28T14:49:04","guid":{"rendered":"http:\/\/alialaoui.com\/?page_id=268"},"modified":"2019-08-28T17:59:47","modified_gmt":"2019-08-28T15:59:47","slug":"eveil-musical","status":"publish","type":"page","link":"https:\/\/alialaoui.com\/?page_id=268","title":{"rendered":"Eveil musical"},"content":{"rendered":"<p><a href=\"https:\/\/alialaoui.com\/wp-content\/uploads\/2015\/02\/Eveil-musical-grands-1.jpg\"><img loading=\"lazy\" decoding=\"async\" class=\"alignnone wp-image-306\" src=\"https:\/\/alialaoui.com\/wp-content\/uploads\/2015\/02\/Eveil-musical-grands-1-300x201.jpg\" alt=\"Eveil musical grands 1\" width=\"316\" height=\"212\" srcset=\"https:\/\/alialaoui.com\/wp-content\/uploads\/2015\/02\/Eveil-musical-grands-1-300x201.jpg 300w, https:\/\/alialaoui.com\/wp-content\/uploads\/2015\/02\/Eveil-musical-grands-1-1024x685.jpg 1024w\" sizes=\"auto, (max-width: 316px) 100vw, 316px\" \/><\/a><\/p>\n<p><strong>Ateliers \u00e0 venir, nous vous invitons \u00e0 consulter cette page prochainement afin de conna\u00eetre le lieu et les horaires.<\/strong><\/p>\n<hr \/>\n<p><strong>Anim\u00e9s par Ingrid Panquin, ces ateliers ont pour objectif de d\u00e9velopper l&rsquo;expression, l&rsquo;\u00e9coute et la cr\u00e9ativit\u00e9 de l&rsquo;enfant et d&rsquo;affiner sa sensibilit\u00e9 \u00e0 l&rsquo;univers de la musique et au monde sonore qui l&rsquo;entoure.<\/strong><\/p>\n<hr \/>\n<p style=\"text-align: center;\"><span style=\"color: #008080;\">ATELIER D&rsquo;\u00c9VEIL MUSICAL DES TOUT PETITS<\/span><\/p>\n<div class=\"yiv6289927682\" align=\"CENTER\"><a class=\"yiv6289927682\" href=\"https:\/\/messagerie-11.sfr.fr\/webmail\/mailbox.html\" target=\"_blank\" rel=\"nofollow noopener noreferrer\" name=\"yui_3_16_0_1_1441356074969_12828\"><\/a>Enfants de 3 mois \u00e0 2 ans accompagn\u00e9s d&rsquo;un ou deux parents ou d&rsquo;une assistante maternelle<\/div>\n<div id=\"yiv6289927682yui_3_16_0_1_1441356074969_13171\" class=\"yiv6289927682\" align=\"LEFT\"><a class=\"yiv6289927682\" href=\"https:\/\/messagerie-11.sfr.fr\/webmail\/mailbox.html\" target=\"_blank\" rel=\"nofollow noopener noreferrer\" name=\"yui_3_16_0_1_1441356074969_12827\"><\/a><\/div>\n<div class=\"yiv6289927682\" style=\"text-align: left;\" align=\"CENTER\">C&rsquo;est un moment privil\u00e9gi\u00e9 d&rsquo;\u00e9coute et d&rsquo;\u00e9changes entre enfants et adultes autour de la musique et du chant. Par une approche ludique et sensorielle du monde sonore, le jeune enfant est accompagn\u00e9 dans le d\u00e9veloppement de son expression, de sa motricit\u00e9 et de sa relation \u00e0 l&rsquo;autre. Comptines, jeux d&rsquo;\u00e9coute, jeux de doigts, chansons \u00e0 geste, rythmes corporels, d\u00e9couverte des instruments, rondes et danses l&rsquo;initient aux notions fondamentales de la musique (rythme, son et nuances)<\/div>\n<div class=\"yiv6289927682\" align=\"CENTER\"><\/div>\n<div class=\"yiv6289927682\" align=\"CENTER\">\n<hr \/>\n<\/div>\n<div class=\"yiv6289927682\" align=\"CENTER\"><a class=\"yiv6289927682\" href=\"https:\/\/messagerie-11.sfr.fr\/webmail\/mailbox.html\" target=\"_blank\" rel=\"nofollow noopener noreferrer\" name=\"yui_3_16_0_1_1441356074969_12814\"><\/a><a class=\"yiv6289927682\" href=\"https:\/\/messagerie-11.sfr.fr\/webmail\/mailbox.html\" target=\"_blank\" rel=\"nofollow noopener noreferrer\" name=\"yui_3_16_0_1_1441356074969_11555\"><\/a><span style=\"color: #008080;\">CHORALE ENFANTS DE 7 \u00e0 11 ANS \u00ab\u00a0BOUZOUKIDS\u00a0\u00bb<\/span><\/div>\n<div class=\"yiv6289927682\" align=\"CENTER\"><a class=\"yiv6289927682\" href=\"https:\/\/messagerie-11.sfr.fr\/webmail\/mailbox.html\" target=\"_blank\" rel=\"nofollow noopener noreferrer\" name=\"yui_3_16_0_1_1441356074969_12826\"><\/a>Chants &amp; rythmes du monde<\/div>\n<div class=\"yiv6289927682\" style=\"text-align: left;\" align=\"CENTER\"><\/div>\n<div class=\"yiv6289927682\" style=\"text-align: left;\" align=\"CENTER\"><a class=\"yiv6289927682\" href=\"https:\/\/messagerie-11.sfr.fr\/webmail\/mailbox.html\" target=\"_blank\" rel=\"nofollow noopener noreferrer\" name=\"yui_3_16_0_1_1441356074969_12825\"><\/a>Pour l&rsquo;enfant qui veut d\u00e9couvrir le plaisir de chanter en ch\u0153ur, la chorale \u00ab\u00a0Bouzoukids\u00a0\u00bb est un espace d&rsquo;\u00e9coute et de partage autour du rythme et de la m\u00e9lodie. Dans cet atelier, l&rsquo;enfant est amen\u00e9 \u00e0 sentir sa voix, jouer avec le rythme, chercher la justesse par l&rsquo;\u00e9quilibre du son et du souffle, \u00e9couter le groupe et s&rsquo;harmoniser, faire vivre une chanson, d\u00e9velopper un r\u00e9pertoire vari\u00e9 et un univers \u00e0 partager en public.<\/div>\n<div class=\"yiv6289927682\" align=\"CENTER\"><\/div>\n<div class=\"yiv6289927682\" align=\"CENTER\">\n<hr \/>\n<\/div>\n<div class=\"yiv6289927682\" align=\"CENTER\"><span style=\"color: #008080;\">ATELIERS D&rsquo;\u00c9VEIL MUSICAL 3\/6 ANS<\/span><\/div>\n<div id=\"yiv6289927682yui_3_16_0_1_1441356074969_13269\" class=\"yiv6289927682\" align=\"CENTER\"><\/div>\n<div id=\"yiv6289927682yui_3_16_0_1_1441356074969_13267\" class=\"yiv6289927682\">C\u2019est un \u00e9veil \u00e0 l\u2019univers des sons et de la musique par une approche sensorielle et motrice \u00e0 travers le chant, l&rsquo;\u00e9coute, le jeu, la relation, le mouvement, la pratique instrumentale, la cr\u00e9ation d\u2019objets sonores et l\u2019apprentissage de th\u00e8mes m\u00e9lodiques et rythmiques. Les enfants d\u00e9veloppent leurs capacit\u00e9s d&rsquo;expression, de m\u00e9morisation, de coordination, leur imagination, leur sensibilit\u00e9 et leur cr\u00e9ativit\u00e9 et d\u00e9couvrent les premi\u00e8res notions musicales : rythme et pulsation, hauteur de son, timbre, nuances, musiques et instruments<\/div>\n<div class=\"yiv6289927682\"><\/div>\n<div class=\"yiv6289927682\"><\/div>\n<div class=\"yiv6289927682\"><\/div>\n<p>&nbsp;<\/p>\n","protected":false},"excerpt":{"rendered":"<p>Ateliers \u00e0 venir, nous vous invitons \u00e0 consulter cette page prochainement afin de conna\u00eetre le lieu et les horaires. Anim\u00e9s par Ingrid Panquin, ces ateliers ont pour objectif de d\u00e9velopper l&rsquo;expression, l&rsquo;\u00e9coute et la cr\u00e9ativit\u00e9 de l&rsquo;enfant et d&rsquo;affiner sa sensibilit\u00e9 \u00e0 l&rsquo;univers de la musique et au monde sonore qui l&rsquo;entoure. ATELIER D&rsquo;\u00c9VEIL MUSICAL [&hellip;]<\/p>\n","protected":false},"author":1,"featured_media":0,"parent":0,"menu_order":0,"comment_status":"closed","ping_status":"open","template":"","meta":{"footnotes":""},"class_list":["post-268","page","type-page","status-publish","hentry"],"_links":{"self":[{"href":"https:\/\/alialaoui.com\/index.php?rest_route=\/wp\/v2\/pages\/268","targetHints":{"allow":["GET"]}}],"collection":[{"href":"https:\/\/alialaoui.com\/index.php?rest_route=\/wp\/v2\/pages"}],"about":[{"href":"https:\/\/alialaoui.com\/index.php?rest_route=\/wp\/v2\/types\/page"}],"author":[{"embeddable":true,"href":"https:\/\/alialaoui.com\/index.php?rest_route=\/wp\/v2\/users\/1"}],"replies":[{"embeddable":true,"href":"https:\/\/alialaoui.com\/index.php?rest_route=%2Fwp%2Fv2%2Fcomments&post=268"}],"version-history":[{"count":26,"href":"https:\/\/alialaoui.com\/index.php?rest_route=\/wp\/v2\/pages\/268\/revisions"}],"predecessor-version":[{"id":1474,"href":"https:\/\/alialaoui.com\/index.php?rest_route=\/wp\/v2\/pages\/268\/revisions\/1474"}],"wp:attachment":[{"href":"https:\/\/alialaoui.com\/index.php?rest_route=%2Fwp%2Fv2%2Fmedia&parent=268"}],"curies":[{"name":"wp","href":"https:\/\/api.w.org\/{rel}","templated":true}]}}