{"id":26,"date":"2014-10-17T20:44:04","date_gmt":"2014-10-17T19:44:04","guid":{"rendered":"http:\/\/alialaoui.com\/?page_id=26"},"modified":"2015-12-20T01:40:07","modified_gmt":"2015-12-20T00:40:07","slug":"methode-pedagogique","status":"publish","type":"page","link":"https:\/\/alialaoui.com\/?page_id=26","title":{"rendered":"M\u00e9thodes p\u00e9dagogiques"},"content":{"rendered":"<p><a href=\"http:\/\/www.le-salon-de-musique.com\/darbouka-fr.html\" target=\"_blank\"><img loading=\"lazy\" decoding=\"async\" class=\"alignnone wp-image-337\" src=\"https:\/\/alialaoui.com\/wp-content\/uploads\/2015\/02\/la-darbouka-ali-alaoui-200x300.jpg\" alt=\"la-darbouka-ali-alaoui\" width=\"222\" height=\"333\" srcset=\"https:\/\/alialaoui.com\/wp-content\/uploads\/2015\/02\/la-darbouka-ali-alaoui-200x300.jpg 200w, https:\/\/alialaoui.com\/wp-content\/uploads\/2015\/02\/la-darbouka-ali-alaoui.jpg 400w\" sizes=\"auto, (max-width: 222px) 100vw, 222px\" \/><\/a><\/p>\n<p>En 2006, Ali Alaoui r\u00e9alise un ouvrage de r\u00e9f\u00e9rence sans pr\u00e9c\u00e9dent qui lui permet de p\u00e9renniser et de diffuser son enseignement \u00e0 plus grande \u00e9chelle. Il s&rsquo;agit d&rsquo;un coffret p\u00e9dagogique appartenant \u00e0 la collection \u00ab Le Salon de Musique \u00bb qui contient un DVD d&rsquo;apprentissage des rythmes et des percussions arabes, un DVD documentaire sur les musiques du Maroc et la fabrication artisanale des percussions traditionnelles et un livret d&rsquo;une centaine de pages contenant des partitions et des r\u00e9f\u00e9rences musicales et historiques li\u00e9es \u00e0 chaque rythme.<\/p>\n<p>Pour avoir plus d&rsquo;informations ou pour vous procurer la m\u00e9thode, suivez le lien du <a href=\"http:\/\/www.le-salon-de-musique.com\/darbouka-fr.html\" target=\"_blank\">Salon de Musique<\/a>.<\/p>\n","protected":false},"excerpt":{"rendered":"<p>En 2006, Ali Alaoui r\u00e9alise un ouvrage de r\u00e9f\u00e9rence sans pr\u00e9c\u00e9dent qui lui permet de p\u00e9renniser et de diffuser son enseignement \u00e0 plus grande \u00e9chelle. Il s&rsquo;agit d&rsquo;un coffret p\u00e9dagogique appartenant \u00e0 la collection \u00ab Le Salon de Musique \u00bb qui contient un DVD d&rsquo;apprentissage des rythmes et des percussions arabes, un DVD documentaire sur [&hellip;]<\/p>\n","protected":false},"author":1,"featured_media":0,"parent":0,"menu_order":0,"comment_status":"open","ping_status":"open","template":"","meta":{"footnotes":""},"class_list":["post-26","page","type-page","status-publish","hentry"],"_links":{"self":[{"href":"https:\/\/alialaoui.com\/index.php?rest_route=\/wp\/v2\/pages\/26","targetHints":{"allow":["GET"]}}],"collection":[{"href":"https:\/\/alialaoui.com\/index.php?rest_route=\/wp\/v2\/pages"}],"about":[{"href":"https:\/\/alialaoui.com\/index.php?rest_route=\/wp\/v2\/types\/page"}],"author":[{"embeddable":true,"href":"https:\/\/alialaoui.com\/index.php?rest_route=\/wp\/v2\/users\/1"}],"replies":[{"embeddable":true,"href":"https:\/\/alialaoui.com\/index.php?rest_route=%2Fwp%2Fv2%2Fcomments&post=26"}],"version-history":[{"count":9,"href":"https:\/\/alialaoui.com\/index.php?rest_route=\/wp\/v2\/pages\/26\/revisions"}],"predecessor-version":[{"id":952,"href":"https:\/\/alialaoui.com\/index.php?rest_route=\/wp\/v2\/pages\/26\/revisions\/952"}],"wp:attachment":[{"href":"https:\/\/alialaoui.com\/index.php?rest_route=%2Fwp%2Fv2%2Fmedia&parent=26"}],"curies":[{"name":"wp","href":"https:\/\/api.w.org\/{rel}","templated":true}]}}