{"id":259,"date":"2015-01-28T15:43:03","date_gmt":"2015-01-28T14:43:03","guid":{"rendered":"http:\/\/alialaoui.com\/?page_id=259"},"modified":"2024-02-28T23:10:55","modified_gmt":"2024-02-28T22:10:55","slug":"eimset","status":"publish","type":"page","link":"https:\/\/alialaoui.com\/?page_id=259","title":{"rendered":"EIMSET"},"content":{"rendered":"\n<figure class=\"wp-block-image size-large is-resized\"><a href=\"https:\/\/alialaoui.com\/wp-content\/uploads\/2024\/02\/0022.jpg\"><img loading=\"lazy\" decoding=\"async\" src=\"https:\/\/alialaoui.com\/wp-content\/uploads\/2024\/02\/0022-1024x682.jpg\" alt=\"\" class=\"wp-image-2471\" width=\"729\" height=\"485\" srcset=\"https:\/\/alialaoui.com\/wp-content\/uploads\/2024\/02\/0022-1024x682.jpg 1024w, https:\/\/alialaoui.com\/wp-content\/uploads\/2024\/02\/0022-300x200.jpg 300w, https:\/\/alialaoui.com\/wp-content\/uploads\/2024\/02\/0022-768x512.jpg 768w, https:\/\/alialaoui.com\/wp-content\/uploads\/2024\/02\/0022.jpg 1280w\" sizes=\"auto, (max-width: 729px) 100vw, 729px\" \/><\/a><\/figure>\n\n\n\n<figure class=\"wp-block-image size-full\"><a href=\"https:\/\/alialaoui.com\/wp-content\/uploads\/2024\/02\/201002131575.jpg\"><img loading=\"lazy\" decoding=\"async\" width=\"850\" height=\"430\" src=\"https:\/\/alialaoui.com\/wp-content\/uploads\/2024\/02\/201002131575.jpg\" alt=\"\" class=\"wp-image-2473\" srcset=\"https:\/\/alialaoui.com\/wp-content\/uploads\/2024\/02\/201002131575.jpg 850w, https:\/\/alialaoui.com\/wp-content\/uploads\/2024\/02\/201002131575-300x152.jpg 300w, https:\/\/alialaoui.com\/wp-content\/uploads\/2024\/02\/201002131575-768x389.jpg 768w\" sizes=\"auto, (max-width: 850px) 100vw, 850px\" \/><\/a><\/figure>\n\n\n\n<h1 class=\"wp-block-heading\">RENCONTRE DES MUSIQUES SAVANTES<\/h1>\n\n\n\n<p><strong>ENTRE LES RIVES DE LA MEDITERRANEE<\/strong><\/p>\n\n\n\n<p><strong>ALI ALAOUI DIRIGE L\u2019ORCHESTRE DE L\u2019EIMSET<\/strong><\/p>\n\n\n\n<p>Pour f\u00eater ses 20 ans d\u2019existence, L\u2019EIMSET, Ecole Intercommunale de Musique du Sud Est Toulousain, a organis\u00e9 deux soir\u00e9es musicales autour des Musiques du Monde en mai 2008. Lors de ces concerts, diff\u00e9rents tableaux musicaux furent interpr\u00e9t\u00e9s&nbsp;: musique celte, arabo andalouse, tzigane, p\u00e9ruvienne, cubaine, yiddish, jazz et africaine.<\/p>\n\n\n\n<p>L\u2019objectif de ces concerts \u00e9tait de r\u00e9unir les \u00e9l\u00e8ves de l&rsquo;EIMSET et des musiciens professionnels autour d\u2019un m\u00eame art : la Musique, langage universel qui favorise les \u00e9changes et la compr\u00e9hension entre les diff\u00e9rentes cultures.<\/p>\n\n\n\n<p>L\u2019aboutissement de cette d\u00e9marche s&rsquo;est concr\u00e9tis\u00e9e par un voyage de l\u2019orchestre de l\u2019Ecole Intercommunale de Musique du Sud Est Toulousain au Maroc, \u00e0 Casablanca, dans le cadre du Salon International de l\u2019Edition et du Livre \u00ab\u00a0SIEL 2010\u00a0\u00bb. Cette manifestation culturelle \u00e9tait organis\u00e9e par l\u2019Office des Foires et Expositions de Casablanca en partenariat avec le Minist\u00e8re de la Culture et le Minist\u00e8re charg\u00e9 de la Communaut\u00e9 Marocaine r\u00e9sidant \u00e0 l\u2019\u00e9tranger.<\/p>\n\n\n\n\n\n<figure class=\"wp-block-image size-large\"><a href=\"https:\/\/alialaoui.com\/wp-content\/uploads\/2024\/02\/article2.jpg\"><img loading=\"lazy\" decoding=\"async\" width=\"724\" height=\"1024\" src=\"https:\/\/alialaoui.com\/wp-content\/uploads\/2024\/02\/article2-724x1024.jpg\" alt=\"\" class=\"wp-image-2476\" srcset=\"https:\/\/alialaoui.com\/wp-content\/uploads\/2024\/02\/article2-724x1024.jpg 724w, https:\/\/alialaoui.com\/wp-content\/uploads\/2024\/02\/article2-212x300.jpg 212w, https:\/\/alialaoui.com\/wp-content\/uploads\/2024\/02\/article2-768x1087.jpg 768w, https:\/\/alialaoui.com\/wp-content\/uploads\/2024\/02\/article2-1086x1536.jpg 1086w, https:\/\/alialaoui.com\/wp-content\/uploads\/2024\/02\/article2-1448x2048.jpg 1448w, https:\/\/alialaoui.com\/wp-content\/uploads\/2024\/02\/article2.jpg 1654w\" sizes=\"auto, (max-width: 724px) 100vw, 724px\" \/><\/a><\/figure>\n\n\n\n<p><\/p>\n","protected":false},"excerpt":{"rendered":"<p>RENCONTRE DES MUSIQUES SAVANTES ENTRE LES RIVES DE LA MEDITERRANEE ALI ALAOUI DIRIGE L\u2019ORCHESTRE DE L\u2019EIMSET Pour f\u00eater ses 20 ans d\u2019existence, L\u2019EIMSET, Ecole Intercommunale de Musique du Sud Est Toulousain, a organis\u00e9 deux soir\u00e9es musicales autour des Musiques du Monde en mai 2008. Lors de ces concerts, diff\u00e9rents tableaux musicaux furent interpr\u00e9t\u00e9s&nbsp;: musique celte, [&hellip;]<\/p>\n","protected":false},"author":1,"featured_media":0,"parent":0,"menu_order":0,"comment_status":"closed","ping_status":"open","template":"","meta":{"footnotes":""},"class_list":["post-259","page","type-page","status-publish","hentry"],"_links":{"self":[{"href":"https:\/\/alialaoui.com\/index.php?rest_route=\/wp\/v2\/pages\/259","targetHints":{"allow":["GET"]}}],"collection":[{"href":"https:\/\/alialaoui.com\/index.php?rest_route=\/wp\/v2\/pages"}],"about":[{"href":"https:\/\/alialaoui.com\/index.php?rest_route=\/wp\/v2\/types\/page"}],"author":[{"embeddable":true,"href":"https:\/\/alialaoui.com\/index.php?rest_route=\/wp\/v2\/users\/1"}],"replies":[{"embeddable":true,"href":"https:\/\/alialaoui.com\/index.php?rest_route=%2Fwp%2Fv2%2Fcomments&post=259"}],"version-history":[{"count":5,"href":"https:\/\/alialaoui.com\/index.php?rest_route=\/wp\/v2\/pages\/259\/revisions"}],"predecessor-version":[{"id":2480,"href":"https:\/\/alialaoui.com\/index.php?rest_route=\/wp\/v2\/pages\/259\/revisions\/2480"}],"wp:attachment":[{"href":"https:\/\/alialaoui.com\/index.php?rest_route=%2Fwp%2Fv2%2Fmedia&parent=259"}],"curies":[{"name":"wp","href":"https:\/\/api.w.org\/{rel}","templated":true}]}}