{"id":257,"date":"2015-01-28T15:41:12","date_gmt":"2015-01-28T14:41:12","guid":{"rendered":"http:\/\/alialaoui.com\/?page_id=257"},"modified":"2015-02-15T22:27:10","modified_gmt":"2015-02-15T21:27:10","slug":"classisco","status":"publish","type":"page","link":"https:\/\/alialaoui.com\/?page_id=257","title":{"rendered":"Classisco"},"content":{"rendered":"<p style=\"text-align: center;\">\u00a0<a href=\"https:\/\/alialaoui.com\/wp-content\/uploads\/2015\/02\/2013-fete-de-la-musique-Syl.jpg\"><img loading=\"lazy\" decoding=\"async\" class=\"alignnone size-medium wp-image-372\" src=\"https:\/\/alialaoui.com\/wp-content\/uploads\/2015\/02\/2013-fete-de-la-musique-Syl-300x203.jpg\" alt=\"2013-fete-de-la-musique Syl\" width=\"300\" height=\"203\" srcset=\"https:\/\/alialaoui.com\/wp-content\/uploads\/2015\/02\/2013-fete-de-la-musique-Syl-300x203.jpg 300w, https:\/\/alialaoui.com\/wp-content\/uploads\/2015\/02\/2013-fete-de-la-musique-Syl.jpg 850w\" sizes=\"auto, (max-width: 300px) 100vw, 300px\" \/><\/a><\/p>\n<p>Depuis 2007, Ali Alaoui participe r\u00e9guli\u00e8rement aux concerts p\u00e9dagogiques et f\u00eates de la musique organis\u00e9s par l&rsquo;association Classisco.<\/p>\n<p>Cette association \u00ab\u00a0<em>a \u00e9t\u00e9 cr\u00e9e par des enseignants pour r\u00e9pondre \u00e0 des besoins p\u00e9dagogiques et culturels. Elle se propose d&rsquo;aider les enseignants \u00e0 mettre en place des projets par l&rsquo;utilisation de la musique classique et de l&rsquo;art lyrique comme nouveaux vecteurs p\u00e9dagogiques et nouveaux horizons.<\/em><\/p>\n<p><em>Ces nouveaux horizons peuvent \u00eatre purement musicaux (les sons, les m\u00e9lodies, les harmonies, les rythmes) ou li\u00e9s \u00e0 l&rsquo;univers musical (les artistes, les instruments, les \u0153uvres, l&rsquo;op\u00e9ra).<\/em>\u00a0\u00bb (www.classisco.eu)<\/p>\n<p>2007<\/p>\n<p>Dans le cadre de la f\u00eate de la musique 2007 organis\u00e9e par l\u2019association Classisco, rencontre de trois orchestres <strong>sous la direction d\u2019Ali Alaoui<\/strong> : l\u2019ensemble\u00a0Moultaqa Salam,\u00a0l\u2019orchestre de chambre de Toulouse et l\u2019orchestre arabo-andalou de T\u00e9touan au Z\u00e9nith de Toulouse.<\/p>\n<p><iframe loading=\"lazy\" title=\"Nouba Quddam Al Maya (1)\" frameborder=\"0\" width=\"600\" height=\"450\" src=\"https:\/\/geo.dailymotion.com\/player.html?video=x3gkdx&#038;\" allowfullscreen allow=\"autoplay; fullscreen; picture-in-picture; web-share\"><\/iframe><\/p>\n<p>2008<\/p>\n<p>Mardi 11 d\u00e9cembre \u00e0 la<strong>\u00a0<\/strong>Halle aux Grains, pour\u00a0sa nouvelle saison de concerts destin\u00e9s au public scolaire,\u00a0le programme propose une d\u00e9couverte des musiques sacr\u00e9e du monde, avec la participation de deux musiciens marocains r\u00e9put\u00e9s : Abdel Majid Bekkas et Ali Alaoui.<\/p>\n<p>2009<\/p>\n<p>Participation de l&rsquo;ensemble de percussions <em>Darboukada<\/em> dirig\u00e9 par Ali Alaoui \u00e0 la f\u00eate de la musique au Z\u00e9nith de Toulouse. Cette prestation a \u00e9t\u00e9 film\u00e9e pour la cr\u00e9ation du <strong>DVD\u00a0G\u00e9n\u00e9ration Classisco \u2013 Du Baroque au Rock.<\/strong><\/p>\n<p><a href=\"https:\/\/alialaoui.com\/wp-content\/uploads\/2015\/02\/Jaquette-Generation-Classisco_b.jpg\"><img loading=\"lazy\" decoding=\"async\" class=\"alignnone size-medium wp-image-294\" src=\"https:\/\/alialaoui.com\/wp-content\/uploads\/2015\/02\/Jaquette-Generation-Classisco_b-300x268.jpg\" alt=\"Jaquette Generation Classisco_b\" width=\"300\" height=\"268\" srcset=\"https:\/\/alialaoui.com\/wp-content\/uploads\/2015\/02\/Jaquette-Generation-Classisco_b-300x268.jpg 300w, https:\/\/alialaoui.com\/wp-content\/uploads\/2015\/02\/Jaquette-Generation-Classisco_b.jpg 483w\" sizes=\"auto, (max-width: 300px) 100vw, 300px\" \/><\/a><\/p>\n<p>2011<\/p>\n<p>Extrait d&rsquo;un article du journal <em>La D\u00e9p\u00eache du Midi\u00a0<\/em>du 18 janvier 2011<\/p>\n<p><em>\u00ab\u00a0Mille enfants des \u00e9coles primaires de Toulouse et de la r\u00e9gion ont assist\u00e9 hier apr\u00e8s-midi \u00e0 un concert de musique arabo-andalouse donn\u00e9 \u00e0 la Halle aux grains par l&rsquo;ensemble d&rsquo;Ali Alaoui.\u00a0\u00bb<\/em><\/p>\n<p>2012<\/p>\n<p>Extrait d&rsquo;un article du journal <em>La D\u00e9p\u00eache du Midi\u00a0<\/em>du 19 janvier 2012:<\/p>\n<p><em>\u00ab\u00a0Lundi dernier, [<\/em>dans la salle de la Halle aux grains de Toulouse<em>], le concert de Classisco affichait un beau programme de musique arabe classique et contemporaine. Cet apr\u00e8s-midi-l\u00e0, le percussionniste franco-marocain Ali Alaoui s&rsquo;est entour\u00e9 de la chanteuse Syrine Ben Moussa (une voix lumineuse qui rappelle celle de Fairouz), et d&rsquo;instrumentistes de haut vol venant de plusieurs pays : Maroc, Tunisie, \u00c9gypte et Syrie. Un millier d&rsquo;\u00e9coliers du d\u00e9partement assistent \u00e0 l&rsquo;\u00e9v\u00e9nement. \u00ab Cette initiative vise \u00e0 faire conna\u00eetre aux plus jeunes la musique classique s\u00e9culaire du monde arabo-musulman, t\u00e9moignage d&rsquo;une riche civilisation au plan artistique. Le concert est une preuve de plus que la musique est un vecteur universel d&rsquo;\u00e9motion et de bonheur partag\u00e9 \u00bb, souligne Jean-Christophe Sellin, fondateur et coordinateur de Classisco.\u00a0\u00bb<\/em><\/p>\n<p><a href=\"https:\/\/alialaoui.com\/wp-content\/uploads\/2015\/02\/2012-01-17-Syrine-et-Nidal-Gad.jpg\"><img loading=\"lazy\" decoding=\"async\" class=\"alignnone size-medium wp-image-293\" src=\"https:\/\/alialaoui.com\/wp-content\/uploads\/2015\/02\/2012-01-17-Syrine-et-Nidal-Gad-300x249.jpg\" alt=\"2012-01-17 Syrine et Nidal Gad\" width=\"300\" height=\"249\" srcset=\"https:\/\/alialaoui.com\/wp-content\/uploads\/2015\/02\/2012-01-17-Syrine-et-Nidal-Gad-300x249.jpg 300w, https:\/\/alialaoui.com\/wp-content\/uploads\/2015\/02\/2012-01-17-Syrine-et-Nidal-Gad.jpg 723w\" sizes=\"auto, (max-width: 300px) 100vw, 300px\" \/><\/a><\/p>\n<p>2013<\/p>\n<p>Participation de l&rsquo;ensemble <em>Pulsations du Monde<\/em>\u00a0dirig\u00e9 par Ali Alaoui \u00e0 la f\u00eate de la musique au Z\u00e9nith de Toulouse, devant un public de 6600 \u00e9coliers de Toulouse.<\/p>\n","protected":false},"excerpt":{"rendered":"<p>\u00a0 Depuis 2007, Ali Alaoui participe r\u00e9guli\u00e8rement aux concerts p\u00e9dagogiques et f\u00eates de la musique organis\u00e9s par l&rsquo;association Classisco. Cette association \u00ab\u00a0a \u00e9t\u00e9 cr\u00e9e par des enseignants pour r\u00e9pondre \u00e0 des besoins p\u00e9dagogiques et culturels. Elle se propose d&rsquo;aider les enseignants \u00e0 mettre en place des projets par l&rsquo;utilisation de la musique classique et de [&hellip;]<\/p>\n","protected":false},"author":1,"featured_media":0,"parent":0,"menu_order":0,"comment_status":"closed","ping_status":"open","template":"","meta":{"footnotes":""},"class_list":["post-257","page","type-page","status-publish","hentry"],"_links":{"self":[{"href":"https:\/\/alialaoui.com\/index.php?rest_route=\/wp\/v2\/pages\/257","targetHints":{"allow":["GET"]}}],"collection":[{"href":"https:\/\/alialaoui.com\/index.php?rest_route=\/wp\/v2\/pages"}],"about":[{"href":"https:\/\/alialaoui.com\/index.php?rest_route=\/wp\/v2\/types\/page"}],"author":[{"embeddable":true,"href":"https:\/\/alialaoui.com\/index.php?rest_route=\/wp\/v2\/users\/1"}],"replies":[{"embeddable":true,"href":"https:\/\/alialaoui.com\/index.php?rest_route=%2Fwp%2Fv2%2Fcomments&post=257"}],"version-history":[{"count":5,"href":"https:\/\/alialaoui.com\/index.php?rest_route=\/wp\/v2\/pages\/257\/revisions"}],"predecessor-version":[{"id":378,"href":"https:\/\/alialaoui.com\/index.php?rest_route=\/wp\/v2\/pages\/257\/revisions\/378"}],"wp:attachment":[{"href":"https:\/\/alialaoui.com\/index.php?rest_route=%2Fwp%2Fv2%2Fmedia&parent=257"}],"curies":[{"name":"wp","href":"https:\/\/api.w.org\/{rel}","templated":true}]}}