{"id":2546,"date":"2024-08-08T14:59:36","date_gmt":"2024-08-08T12:59:36","guid":{"rendered":"https:\/\/alialaoui.com\/?page_id=2546"},"modified":"2024-12-18T22:57:26","modified_gmt":"2024-12-18T21:57:26","slug":"atelier-dharmonisation-dans-la-musique-arabe","status":"publish","type":"page","link":"https:\/\/alialaoui.com\/?page_id=2546","title":{"rendered":"Atelier d&rsquo;analyse et de pratique orchestrale"},"content":{"rendered":"\n<p class=\"has-black-color has-pale-cyan-blue-background-color has-text-color has-background\"><strong>Samedi de 10h \u00e0 12h \/ quinzaine, soit 10 s\u00e9ances de 2h de f\u00e9vrier \u00e0 juin 2025 <\/strong>\/ <strong>Local A C\u00f4t\u00e9<\/strong> (5 avenue des Mazades, 31200 Toulouse)<\/p>\n\n\n\n<div class=\"wp-block-columns alignwide are-vertically-aligned-top is-layout-flex wp-container-core-columns-is-layout-9d6595d7 wp-block-columns-is-layout-flex\">\n<div class=\"wp-block-column is-layout-flow wp-block-column-is-layout-flow\" style=\"flex-basis:46%\">\n<figure class=\"wp-block-image is-style-rounded\"><img loading=\"lazy\" decoding=\"async\" width=\"682\" height=\"1024\" src=\"https:\/\/alialaoui.com\/wp-content\/uploads\/2024\/08\/Ali-dirige-682x1024.jpg\" alt=\"\" class=\"wp-image-2557\" srcset=\"https:\/\/alialaoui.com\/wp-content\/uploads\/2024\/08\/Ali-dirige-682x1024.jpg 682w, https:\/\/alialaoui.com\/wp-content\/uploads\/2024\/08\/Ali-dirige-200x300.jpg 200w, https:\/\/alialaoui.com\/wp-content\/uploads\/2024\/08\/Ali-dirige-768x1154.jpg 768w, https:\/\/alialaoui.com\/wp-content\/uploads\/2024\/08\/Ali-dirige-1022x1536.jpg 1022w, https:\/\/alialaoui.com\/wp-content\/uploads\/2024\/08\/Ali-dirige-1363x2048.jpg 1363w, https:\/\/alialaoui.com\/wp-content\/uploads\/2024\/08\/Ali-dirige-scaled.jpg 1704w\" sizes=\"auto, (max-width: 682px) 100vw, 682px\" \/><\/figure>\n<\/div>\n\n\n\n<div class=\"wp-block-column is-layout-flow wp-block-column-is-layout-flow\" style=\"flex-basis:54%\">\n<p>La musique arabe est une musique modale qui se joue \u00e0 l\u2019unisson. Cependant, l\u2019art de l\u2019arrangement permet d\u2019y apporter une dimension harmonique. <\/p>\n\n\n\n<p>Cet atelier de pratique musicale, ouvert \u00e0 tout instrumentiste ou chanteur ayant des bases en lecture musicale et en harmonie, a pour but d\u2019initier les \u00e9l\u00e8ves \u00e0 l\u2019arrangement et \u00e0 la cr\u00e9ation.<\/p>\n\n\n\n<p>\u00c0 mi-chemin entre un groupe d\u2019orchestre et un cours th\u00e9orique, cet atelier participatif proposera aux \u00e9l\u00e8ves d\u2019\u00e9tudier (\u00e9coute et analyse musicale) puis d&rsquo;arranger ensemble un morceau du r\u00e9pertoire classique arabe (jeu \u00e0 l&rsquo;unisson puis recherche des accords et contre-chants&#8230;)<\/p>\n\n\n\n<p>Le travail d&rsquo;atelier fera l&rsquo;objet d&rsquo;une restitution lors du concert de fin d\u2019ann\u00e9e.<\/p>\n\n\n\n<p>Pr\u00e9requis&nbsp;: connaissance de base du solf\u00e8ge (lecture, harmonie)<\/p>\n<\/div>\n<\/div>\n\n\n\n<p class=\"has-text-align-right\">Professeurs : Ali Alaoui et Johann Debard<\/p>\n\n\n\n<figure class=\"wp-block-image size-large\"><a href=\"https:\/\/alialaoui.com\/wp-content\/uploads\/2024\/08\/groupe.jpg\"><img loading=\"lazy\" decoding=\"async\" width=\"1024\" height=\"793\" src=\"https:\/\/alialaoui.com\/wp-content\/uploads\/2024\/08\/groupe-1024x793.jpg\" alt=\"\" class=\"wp-image-2551\" srcset=\"https:\/\/alialaoui.com\/wp-content\/uploads\/2024\/08\/groupe-1024x793.jpg 1024w, https:\/\/alialaoui.com\/wp-content\/uploads\/2024\/08\/groupe-300x232.jpg 300w, https:\/\/alialaoui.com\/wp-content\/uploads\/2024\/08\/groupe-768x594.jpg 768w, https:\/\/alialaoui.com\/wp-content\/uploads\/2024\/08\/groupe-1536x1189.jpg 1536w, https:\/\/alialaoui.com\/wp-content\/uploads\/2024\/08\/groupe-2048x1585.jpg 2048w\" sizes=\"auto, (max-width: 1024px) 100vw, 1024px\" \/><\/a><\/figure>\n\n\n\n<p><\/p>\n","protected":false},"excerpt":{"rendered":"<p>Samedi de 10h \u00e0 12h \/ quinzaine, soit 10 s\u00e9ances de 2h de f\u00e9vrier \u00e0 juin 2025 \/ Local A C\u00f4t\u00e9 (5 avenue des Mazades, 31200 Toulouse) La musique arabe est une musique modale qui se joue \u00e0 l\u2019unisson. Cependant, l\u2019art de l\u2019arrangement permet d\u2019y apporter une dimension harmonique. Cet atelier de pratique musicale, ouvert [&hellip;]<\/p>\n","protected":false},"author":3,"featured_media":0,"parent":0,"menu_order":0,"comment_status":"closed","ping_status":"closed","template":"","meta":{"footnotes":""},"class_list":["post-2546","page","type-page","status-publish","hentry"],"_links":{"self":[{"href":"https:\/\/alialaoui.com\/index.php?rest_route=\/wp\/v2\/pages\/2546","targetHints":{"allow":["GET"]}}],"collection":[{"href":"https:\/\/alialaoui.com\/index.php?rest_route=\/wp\/v2\/pages"}],"about":[{"href":"https:\/\/alialaoui.com\/index.php?rest_route=\/wp\/v2\/types\/page"}],"author":[{"embeddable":true,"href":"https:\/\/alialaoui.com\/index.php?rest_route=\/wp\/v2\/users\/3"}],"replies":[{"embeddable":true,"href":"https:\/\/alialaoui.com\/index.php?rest_route=%2Fwp%2Fv2%2Fcomments&post=2546"}],"version-history":[{"count":19,"href":"https:\/\/alialaoui.com\/index.php?rest_route=\/wp\/v2\/pages\/2546\/revisions"}],"predecessor-version":[{"id":2768,"href":"https:\/\/alialaoui.com\/index.php?rest_route=\/wp\/v2\/pages\/2546\/revisions\/2768"}],"wp:attachment":[{"href":"https:\/\/alialaoui.com\/index.php?rest_route=%2Fwp%2Fv2%2Fmedia&parent=2546"}],"curies":[{"name":"wp","href":"https:\/\/api.w.org\/{rel}","templated":true}]}}