{"id":2540,"date":"2024-08-08T14:59:30","date_gmt":"2024-08-08T12:59:30","guid":{"rendered":"https:\/\/alialaoui.com\/?page_id=2540"},"modified":"2024-09-12T20:15:25","modified_gmt":"2024-09-12T18:15:25","slug":"cours-de-solfege","status":"publish","type":"page","link":"https:\/\/alialaoui.com\/?page_id=2540","title":{"rendered":"COURS DE SOLFEGE"},"content":{"rendered":"\n<figure class=\"wp-block-image size-large\"><a href=\"https:\/\/alialaoui.com\/wp-content\/uploads\/2024\/08\/music-3393017_1280.webp\"><img loading=\"lazy\" decoding=\"async\" width=\"1024\" height=\"682\" src=\"https:\/\/alialaoui.com\/wp-content\/uploads\/2024\/08\/music-3393017_1280-1024x682.webp\" alt=\"\" class=\"wp-image-2541\" srcset=\"https:\/\/alialaoui.com\/wp-content\/uploads\/2024\/08\/music-3393017_1280-1024x682.webp 1024w, https:\/\/alialaoui.com\/wp-content\/uploads\/2024\/08\/music-3393017_1280-300x200.webp 300w, https:\/\/alialaoui.com\/wp-content\/uploads\/2024\/08\/music-3393017_1280-768x512.webp 768w, https:\/\/alialaoui.com\/wp-content\/uploads\/2024\/08\/music-3393017_1280.webp 1280w\" sizes=\"auto, (max-width: 1024px) 100vw, 1024px\" \/><\/a><\/figure>\n\n\n\n<p>Professeurs : JOHANN DEBARD et ALI ALAOUI<\/p>\n\n\n\n<p class=\"has-black-color has-luminous-vivid-amber-background-color has-text-color has-background\"><strong>Le cours<\/strong><\/p>\n\n\n\n<p>Ce cours s\u2019adresse \u00e0 tous les instrumentistes et chanteurs. Il permet d\u2019apprendre le langage musical et les \u00e9l\u00e9ments th\u00e9oriques permettant de comprendre la musique en profondeur. Mais il permet \u00e9galement de s\u2019entra\u00eener et de progresser dans la pratique de diverses disciplines musicales, comme la lecture rythmique, le d\u00e9chiffrage, l\u2019analyse ou la dict\u00e9e musicale, essentiels pour acqu\u00e9rir une plus grande aisance et une meilleure autonomie dans la pratique du chant ou d\u2019un instrument.<\/p>\n\n\n\n<p>Il s\u2019articule en deux niveaux&nbsp;:<\/p>\n\n\n\n<p><strong>D\u00e9butant\u00a0:<\/strong><\/p>\n\n\n\n<p>Ce cours permet d\u2019aborder les bases de la lecture ainsi que divers \u00e9l\u00e9ments th\u00e9oriques fondamentaux comme la notion de tonalit\u00e9 ou la construction des gammes et les modes arabes.<\/p>\n\n\n\n<p>Des exercices concrets comme la lecture rythmique ou la dict\u00e9e musicale permettront d\u00e8s le d\u00e9but d\u2019habituer son oreille aux rythmes parfois complexes, aux m\u00e9lodies ornement\u00e9es ou encore aux quarts de ton, qu\u2019on retrouve r\u00e9guli\u00e8rement dans la musique arabe.<\/p>\n\n\n\n<p><strong>Avanc\u00e9\u00a0:<\/strong><\/p>\n\n\n\n<p>Ce cours s\u2019adresse \u00e0 un plus large \u00e9ventail de personnes, quel que soit leur bagage musical, pour peu qu\u2019elles soient familiaris\u00e9es avec les bases de la lecture et de la th\u00e9orie (tonalit\u00e9s, gammes).<\/p>\n\n\n\n<p>Des cours d\u2019harmonie et des exercices d\u2019analyse leur permettront d\u2019approfondir leur compr\u00e9hension de la musique et de progresser dans des activit\u00e9s o\u00f9 la cr\u00e9ation prend une part plus importante (improvisation, accompagnement, arrangement\u2026).<\/p>\n\n\n\n<p>Ils pourront \u00e9galement am\u00e9liorer leurs comp\u00e9tences en lecture, d\u00e9chiffrage, et relev\u00e9 musical, entra\u00eenant leur oreille \u00e0 des rythmes et m\u00e9lodies encore plus complexes, \u00e0 la justesse, aux quarts de ton etc.<\/p>\n\n\n\n<p class=\"has-black-color has-luminous-vivid-amber-background-color has-text-color has-background\"><strong>Biographie<\/strong><\/p>\n\n\n\n<p>Apr\u00e8s 12 ans d\u2019\u00e9tudes au conservatoire de musique de Montauban et l\u2019obtention du certificat de fin d\u2019\u00e9tudes en piano, percussions d\u2019orchestre, solf\u00e8ge et musique de chambre, Johann Debard \u00ab&nbsp;Youssef&nbsp;\u00bb continue de vivre sa passion et de d\u00e9velopper sa pratique artistique \u00e0 travers son instrument de pr\u00e9dilection, le piano. Tout en donnant des cours particuliers, il continue de faire \u00e9voluer sa pratique du piano, notamment \u00e0 travers l\u2019improvisation, tout en la nourrissant de diverses influences&nbsp;: classique, jazz, musiques du monde&#8230; Il se produit seul ou en groupe entre sc\u00e8nes ouvertes et festivals, proposant diff\u00e9rentes performances (cin\u00e9-concerts, improvisation libre, piano pr\u00e9par\u00e9).<\/p>\n\n\n\n<p>Son int\u00e9r\u00eat prononc\u00e9 pour la musique arabe dans sa forme classique ou plus contemporaine, l\u2019a amen\u00e9 \u00e0 se rapprocher de l\u2019\u00e9cole de musique Ali Alaoui, o\u00f9 il a pu explorer davantage les r\u00f4les que peut avoir le piano dans cet univers musical. Il propose aujourd\u2019hui des cours de piano et de solf\u00e8ge en son sein, et participe avec Ali Alaoui \u00e0 l\u2019animation d\u2019un atelier abordant l\u2019harmonisation dans la musique arabe.<\/p>\n\n\n","protected":false},"excerpt":{"rendered":"<p>Professeurs : JOHANN DEBARD et ALI ALAOUI Le cours Ce cours s\u2019adresse \u00e0 tous les instrumentistes et chanteurs. Il permet d\u2019apprendre le langage musical et les \u00e9l\u00e9ments th\u00e9oriques permettant de comprendre la musique en profondeur. Mais il permet \u00e9galement de s\u2019entra\u00eener et de progresser dans la pratique de diverses disciplines musicales, comme la lecture rythmique, [&hellip;]<\/p>\n","protected":false},"author":3,"featured_media":0,"parent":0,"menu_order":0,"comment_status":"closed","ping_status":"closed","template":"","meta":{"footnotes":""},"class_list":["post-2540","page","type-page","status-publish","hentry"],"_links":{"self":[{"href":"https:\/\/alialaoui.com\/index.php?rest_route=\/wp\/v2\/pages\/2540","targetHints":{"allow":["GET"]}}],"collection":[{"href":"https:\/\/alialaoui.com\/index.php?rest_route=\/wp\/v2\/pages"}],"about":[{"href":"https:\/\/alialaoui.com\/index.php?rest_route=\/wp\/v2\/types\/page"}],"author":[{"embeddable":true,"href":"https:\/\/alialaoui.com\/index.php?rest_route=\/wp\/v2\/users\/3"}],"replies":[{"embeddable":true,"href":"https:\/\/alialaoui.com\/index.php?rest_route=%2Fwp%2Fv2%2Fcomments&post=2540"}],"version-history":[{"count":10,"href":"https:\/\/alialaoui.com\/index.php?rest_route=\/wp\/v2\/pages\/2540\/revisions"}],"predecessor-version":[{"id":2675,"href":"https:\/\/alialaoui.com\/index.php?rest_route=\/wp\/v2\/pages\/2540\/revisions\/2675"}],"wp:attachment":[{"href":"https:\/\/alialaoui.com\/index.php?rest_route=%2Fwp%2Fv2%2Fmedia&parent=2540"}],"curies":[{"name":"wp","href":"https:\/\/api.w.org\/{rel}","templated":true}]}}