{"id":227,"date":"2015-01-28T15:10:47","date_gmt":"2015-01-28T14:10:47","guid":{"rendered":"http:\/\/alialaoui.com\/?page_id=227"},"modified":"2021-07-06T03:01:50","modified_gmt":"2021-07-06T01:01:50","slug":"master-class-en-france","status":"publish","type":"page","link":"https:\/\/alialaoui.com\/?page_id=227","title":{"rendered":"Interventions \u00c9coles et Coll\u00e8ges"},"content":{"rendered":"<p><a href=\"https:\/\/alialaoui.com\/wp-content\/uploads\/2021\/07\/toulouse.png\"><img loading=\"lazy\" decoding=\"async\" class=\"alignnone  wp-image-1652\" src=\"https:\/\/alialaoui.com\/wp-content\/uploads\/2021\/07\/toulouse-300x300.png\" alt=\"\" width=\"197\" height=\"197\" srcset=\"https:\/\/alialaoui.com\/wp-content\/uploads\/2021\/07\/toulouse-300x300.png 300w, https:\/\/alialaoui.com\/wp-content\/uploads\/2021\/07\/toulouse-150x150.png 150w, https:\/\/alialaoui.com\/wp-content\/uploads\/2021\/07\/toulouse.png 500w\" sizes=\"auto, (max-width: 197px) 100vw, 197px\" \/><\/a><\/p>\n<p><strong>Passeport Pour l&rsquo;Art dans les \u00e9coles de Toulouse<\/strong> :<em> INITIATION \u00c0 LA MUSIQUE ANDALOUSE : UNE APPROCHE PAR LE RYTHME<\/em><\/p>\n<p>Nous souhaitons initier les \u00e9l\u00e8ves \u00e0 la musique andalouse. Celle-ci englobe des styles tels que le flamenco en Espagne ou la musique arabo-andalouse au Maghreb et a inspir\u00e9 des artistes de vari\u00e9t\u00e9 tel que Kendji Girac. Dans ce style, le rythme est omnipr\u00e9sent \u00e0 travers ses instruments de percussions ou ses danses folkloriques. Apr\u00e8s une d\u00e9couverte par l&rsquo;\u00e9coute de cet univers sonore \u00e0 travers des vid\u00e9os et extraits musicaux (s\u00e9ance 1), plusieurs champs artistiques seront abord\u00e9s : initiation \u00e0 la percussion corporelle (s\u00e9ances 2, 6), pratique de petites percussions traditionnelles (s\u00e9ances 3, 7), approche du chant (s\u00e9ance 4), initiation \u00e0 une danse folklorique accompagn\u00e9e de tambours (s\u00e9ance 5). Les s\u00e9ances 8 et 9 sont une r\u00e9p\u00e9tition g\u00e9n\u00e9rale et le concert de restitution aupr\u00e8s des parents.<\/p>\n<p><a href=\"https:\/\/alialaoui.com\/wp-content\/uploads\/2021\/07\/CD31.png\"><img loading=\"lazy\" decoding=\"async\" class=\"alignnone  wp-image-1651\" src=\"https:\/\/alialaoui.com\/wp-content\/uploads\/2021\/07\/CD31-222x300.png\" alt=\"\" width=\"173\" height=\"234\" srcset=\"https:\/\/alialaoui.com\/wp-content\/uploads\/2021\/07\/CD31-222x300.png 222w, https:\/\/alialaoui.com\/wp-content\/uploads\/2021\/07\/CD31.png 283w\" sizes=\"auto, (max-width: 173px) 100vw, 173px\" \/><\/a><\/p>\n<p><strong>Parcours La\u00efque et Citoyen dans les coll\u00e8ges du D\u00e9partement de la Haute-Garonne<\/strong> : <em>La\u00efcit\u00e9 et rencontres des cultures : un exemple par la musique andalouse.<\/em><\/p>\n<p>Conf\u00e9rence-d\u00e9bat illustr\u00e9e sur la musique andalouse avec les musiciens de Moultaqa Salam (\u00ab\u00a0rencontre et paix\u00a0\u00bb) suivie d&rsquo;une pratique musicale. Objectifs : faire prendre conscience que la diff\u00e9rence, si elle est entendue, reconnue et respect\u00e9e, est source de richesse, de nouveaut\u00e9s et d&rsquo;\u00e9panouissement pour l&rsquo;individu et le groupe. Aborder le th\u00e8me \u00abmusique et libert\u00e9 d&rsquo;expression\u00bb et la musique comme principe d&rsquo;identit\u00e9 et d&rsquo;appartenance \u00e0 un groupe (force et limites). Le hip-hop, le slam, le beat-box, sont des exemples vivants et actuels de ces rencontres entre cultures.<\/p>\n","protected":false},"excerpt":{"rendered":"<p>Passeport Pour l&rsquo;Art dans les \u00e9coles de Toulouse : INITIATION \u00c0 LA MUSIQUE ANDALOUSE : UNE APPROCHE PAR LE RYTHME Nous souhaitons initier les \u00e9l\u00e8ves \u00e0 la musique andalouse. Celle-ci englobe des styles tels que le flamenco en Espagne ou la musique arabo-andalouse au Maghreb et a inspir\u00e9 des artistes de vari\u00e9t\u00e9 tel que Kendji [&hellip;]<\/p>\n","protected":false},"author":1,"featured_media":0,"parent":0,"menu_order":0,"comment_status":"closed","ping_status":"open","template":"","meta":{"footnotes":""},"class_list":["post-227","page","type-page","status-publish","hentry"],"_links":{"self":[{"href":"https:\/\/alialaoui.com\/index.php?rest_route=\/wp\/v2\/pages\/227","targetHints":{"allow":["GET"]}}],"collection":[{"href":"https:\/\/alialaoui.com\/index.php?rest_route=\/wp\/v2\/pages"}],"about":[{"href":"https:\/\/alialaoui.com\/index.php?rest_route=\/wp\/v2\/types\/page"}],"author":[{"embeddable":true,"href":"https:\/\/alialaoui.com\/index.php?rest_route=\/wp\/v2\/users\/1"}],"replies":[{"embeddable":true,"href":"https:\/\/alialaoui.com\/index.php?rest_route=%2Fwp%2Fv2%2Fcomments&post=227"}],"version-history":[{"count":4,"href":"https:\/\/alialaoui.com\/index.php?rest_route=\/wp\/v2\/pages\/227\/revisions"}],"predecessor-version":[{"id":1654,"href":"https:\/\/alialaoui.com\/index.php?rest_route=\/wp\/v2\/pages\/227\/revisions\/1654"}],"wp:attachment":[{"href":"https:\/\/alialaoui.com\/index.php?rest_route=%2Fwp%2Fv2%2Fmedia&parent=227"}],"curies":[{"name":"wp","href":"https:\/\/api.w.org\/{rel}","templated":true}]}}