{"id":217,"date":"2023-07-26T15:06:00","date_gmt":"2023-07-26T13:06:00","guid":{"rendered":"http:\/\/alialaoui.com\/?page_id=217"},"modified":"2026-01-16T16:42:39","modified_gmt":"2026-01-16T15:42:39","slug":"chant-arabe","status":"publish","type":"page","link":"https:\/\/alialaoui.com\/?page_id=217","title":{"rendered":"Chorale de chant arabe"},"content":{"rendered":"\n<p class=\"has-black-color has-luminous-vivid-amber-background-color has-text-color has-background has-link-color wp-elements-936e8265fea3fe169e2ebbb7e05f09c0\"><strong>DEUX SAMEDIS PAR MOIS, 10h-13h \/ <strong>MAISON DE QUARTIER LA VACHE<\/strong>&nbsp;: 7 rue Marguerite Duras, 31200 Toulouse<\/strong><\/p>\n\n\n\n<p>Avec Ingrid Panquin.<\/p>\n\n\n\n<p class=\"has-white-color has-text-color has-background has-link-color has-medium-font-size wp-elements-c2756c4e5aa99dabc80e7dc2f642bc8d\" style=\"background-color:#0d2b3e\"><strong>Objectif:<\/strong> <strong>D\u00e9couvrir la diversit\u00e9 des expressions musicales du monde arabe.<\/strong><\/p>\n\n\n<p>Les cours se d\u00e9rouleront 2 samedis par mois de septembre \u00e0 juin. Chaque mois sera consacr\u00e9 \u00e0 un style et morceau du r\u00e9pertoire diff\u00e9rent.<\/p>\n<p>Le premier samedi sera plus consacr\u00e9 \u00e0 l&rsquo;apprentissage du morceau du point de vue du texte, paroles, prononciation (parl\u00e9e, po\u00e9tique, rythmique) et dans son contexte musical (style, histoire, \u00e9coute). Mais aussi au chant et \u00e0 son interpr\u00e9tation (expression, nuances).\u00a0<\/p>\n<p>Le deuxi\u00e8me samedi sera plus particuli\u00e8rement ax\u00e9 sur la technique vocale (\u00e9chauffement, travail de la posture, du souffle, de la r\u00e9sonnance) et les ornementations ainsi que l&rsquo;apprentissage des m\u00e9lodies des morceaux du r\u00e9pertoire.<\/p>\n<p>Un temps sera consacr\u00e9 \u00e0 la r\u00e9vision des morceaux appris au fur et \u00e0 mesure de l&rsquo;ann\u00e9e avec l&rsquo;objectif de pr\u00e9senter le r\u00e9pertoire lors de la soir\u00e9e de fin d&rsquo;ann\u00e9e le 27 juin 2026.<\/p>\n<p>Cependant les cours peuvent \u00eatre pris ind\u00e9pendamment (par mois : 6h de cours autour du m\u00eame style de musique).<\/p>\n\n\n<figure class=\"wp-block-table is-style-regular\"><table class=\"has-black-color has-white-background-color has-text-color has-background has-link-color has-fixed-layout\"><thead><tr><th class=\"has-text-align-center\" data-align=\"center\">Planning<\/th><\/tr><\/thead><tbody><tr><td class=\"has-text-align-center\" data-align=\"center\">20 et 27 septembre : Stage #1 : le chant arabo-andalou <\/td><\/tr><tr><td class=\"has-text-align-center\" data-align=\"center\">18 et 25 octobre : Stage #2 : le chant classique oriental<\/td><\/tr><tr><td class=\"has-text-align-center\" data-align=\"center\">29 novembre et 6 d\u00e9cembre<\/td><\/tr><tr><td class=\"has-text-align-center\" data-align=\"center\">13 et 20 d\u00e9cembre : Stage #3 : le chant gnaoua (musique de transe)<\/td><\/tr><tr><td class=\"has-text-align-center\" data-align=\"center\">10 et 24 janvier : Stage #4 : la musique sacr\u00e9e<\/td><\/tr><tr><td class=\"has-text-align-center\" data-align=\"center\">7 et 14 f\u00e9vrier<\/td><\/tr><tr><td class=\"has-text-align-center\" data-align=\"center\">14 et 28 mars<\/td><\/tr><tr><td class=\"has-text-align-center\" data-align=\"center\">4 et 11 avril<\/td><\/tr><tr><td class=\"has-text-align-center\" data-align=\"center\">9 et 23 mai<\/td><\/tr><tr><td class=\"has-text-align-center\" data-align=\"center\">13 et 20 juin<\/td><\/tr><\/tbody><\/table><\/figure>\n\n\n\n<p><\/p>\n\n\n<p><iframe id=\"haWidget\" allowtransparency=\"true\" src=\"https:\/\/www.helloasso.com\/associations\/ali-alaoui-arts-et-developpement\/adhesions\/cours-de-chant-arabe\/widget-bouton\" style=\"width: 100%; height: 70px; border: none;\" onload=\"window.addEventListener( 'message', function(e) { const dataHeight = e.data.height; const haWidgetElement = document.getElementById('haWidget'); haWidgetElement.height = dataHeight + 'px'; } )\" ><\/iframe><\/p>\n\n\n\n<p class=\"has-white-color has-vivid-red-background-color has-text-color has-background has-link-color wp-elements-69687f6165d233ae715ff353a5d7a8ed\"><a href=\"https:\/\/www.helloasso.com\/associations\/ali-alaoui-arts-et-developpement\/adhesions\/stage-de-chant-arabe\" data-type=\"link\" data-id=\"https:\/\/www.helloasso.com\/associations\/ali-alaoui-arts-et-developpement\/adhesions\/stage-de-chant-arabe\">FORMULE STAGE : D\u00e9couvrez un style de musique en deux samedis<\/a><\/p>\n\n\n\n<p><\/p>\n","protected":false},"excerpt":{"rendered":"<p>DEUX SAMEDIS PAR MOIS, 10h-13h \/ MAISON DE QUARTIER LA VACHE&nbsp;: 7 rue Marguerite Duras, 31200 Toulouse Avec Ingrid Panquin. Objectif: D\u00e9couvrir la diversit\u00e9 des expressions musicales du monde arabe. Les cours se d\u00e9rouleront 2 samedis par mois de septembre \u00e0 juin. Chaque mois sera consacr\u00e9 \u00e0 un style et morceau du r\u00e9pertoire diff\u00e9rent. Le [&hellip;]<\/p>\n","protected":false},"author":3,"featured_media":0,"parent":0,"menu_order":0,"comment_status":"closed","ping_status":"open","template":"","meta":{"footnotes":""},"class_list":["post-217","page","type-page","status-publish","hentry"],"_links":{"self":[{"href":"https:\/\/alialaoui.com\/index.php?rest_route=\/wp\/v2\/pages\/217","targetHints":{"allow":["GET"]}}],"collection":[{"href":"https:\/\/alialaoui.com\/index.php?rest_route=\/wp\/v2\/pages"}],"about":[{"href":"https:\/\/alialaoui.com\/index.php?rest_route=\/wp\/v2\/types\/page"}],"author":[{"embeddable":true,"href":"https:\/\/alialaoui.com\/index.php?rest_route=\/wp\/v2\/users\/3"}],"replies":[{"embeddable":true,"href":"https:\/\/alialaoui.com\/index.php?rest_route=%2Fwp%2Fv2%2Fcomments&post=217"}],"version-history":[{"count":55,"href":"https:\/\/alialaoui.com\/index.php?rest_route=\/wp\/v2\/pages\/217\/revisions"}],"predecessor-version":[{"id":3381,"href":"https:\/\/alialaoui.com\/index.php?rest_route=\/wp\/v2\/pages\/217\/revisions\/3381"}],"wp:attachment":[{"href":"https:\/\/alialaoui.com\/index.php?rest_route=%2Fwp%2Fv2%2Fmedia&parent=217"}],"curies":[{"name":"wp","href":"https:\/\/api.w.org\/{rel}","templated":true}]}}