{"id":204,"date":"2015-01-28T14:57:30","date_gmt":"2015-01-28T13:57:30","guid":{"rendered":"http:\/\/alialaoui.com\/?page_id=204"},"modified":"2015-02-17T00:51:32","modified_gmt":"2015-02-16T23:51:32","slug":"liqaa","status":"publish","type":"page","link":"https:\/\/alialaoui.com\/?page_id=204","title":{"rendered":"Liqaa"},"content":{"rendered":"<p style=\"text-align: center;\"><a href=\"https:\/\/alialaoui.com\/wp-content\/uploads\/2015\/02\/Liqaa2_web.jpg\" target=\"_blank\"><img loading=\"lazy\" decoding=\"async\" class=\"alignnone  wp-image-404\" src=\"https:\/\/alialaoui.com\/wp-content\/uploads\/2015\/02\/Liqaa2_web-300x200.jpg\" alt=\"Liqaa2_web\" width=\"386\" height=\"257\" srcset=\"https:\/\/alialaoui.com\/wp-content\/uploads\/2015\/02\/Liqaa2_web-300x200.jpg 300w, https:\/\/alialaoui.com\/wp-content\/uploads\/2015\/02\/Liqaa2_web-1024x683.jpg 1024w, https:\/\/alialaoui.com\/wp-content\/uploads\/2015\/02\/Liqaa2_web.jpg 1248w\" sizes=\"auto, (max-width: 386px) 100vw, 386px\" \/><\/a><\/p>\n<p><strong>Jean-Marc Padovani (saxophone) \/ Philippe L\u00e9og\u00e9 (piano) \/\u00a0Majid Bekkas (Gembri \u2013 guitare) \/ Ali Alaoui (percussions)<\/strong><\/p>\n<p>Voici une belle rencontre ! Celle de quatre passionn\u00e9s de musique ou plut\u00f4t de \u201cmusiques\u201d. Quatre \u201ctouche-\u00e0-tout\u201d qui tentent avec bonheur d\u2019ouvrir \u00e0 l\u2019autre leur propre champ musical et cela avec d\u00e9termination et passion. Chacun d\u2019entre eux s\u2019est frott\u00e9 \u00e0 d\u2019autres cultures musicales m\u00eame si le jazz et l\u2019improvisation semblent constituer le lien qui les r\u00e9unit aujourd\u2019hui. Leur r\u00e9pertoire : une s\u00e9rie de compositions et d\u2019airs traditionnels re-compos\u00e9s, de rythmes et de chants revus et corrig\u00e9s par l\u2019immense talent de ces quatre virtuoses, heureux de partager et de faire partager leur amour d\u2019une musique m\u00e9tiss\u00e9e et g\u00e9n\u00e9reuse. D\u2019une musique qui voudrait lib\u00e9rer ce territoire d&rsquo;\u00e9change entre les musiques \u00ab\u00a0savantes\u00a0\u00bb et les musiques \u201cpopulaires\u201d.<\/p>\n<p style=\"text-align: center;\"><a href=\"https:\/\/alialaoui.com\/wp-content\/uploads\/2015\/02\/liqaa1.jpg\" target=\"_blank\"><img loading=\"lazy\" decoding=\"async\" class=\"alignnone  wp-image-400\" src=\"https:\/\/alialaoui.com\/wp-content\/uploads\/2015\/02\/liqaa1-300x200.jpg\" alt=\"liqaa1\" width=\"395\" height=\"263\" srcset=\"https:\/\/alialaoui.com\/wp-content\/uploads\/2015\/02\/liqaa1-300x200.jpg 300w, https:\/\/alialaoui.com\/wp-content\/uploads\/2015\/02\/liqaa1.jpg 720w\" sizes=\"auto, (max-width: 395px) 100vw, 395px\" \/><\/a><\/p>\n<p style=\"text-align: center;\"><a href=\"https:\/\/alialaoui.com\/wp-content\/uploads\/2015\/01\/Liqaa_M-Laborde_2009-1.jpg\" target=\"_blank\"><img loading=\"lazy\" decoding=\"async\" class=\"alignnone size-medium wp-image-422\" src=\"https:\/\/alialaoui.com\/wp-content\/uploads\/2015\/01\/Liqaa_M-Laborde_2009-1-300x200.jpg\" alt=\"Liqaa_M-Laborde_2009-1\" width=\"300\" height=\"200\" srcset=\"https:\/\/alialaoui.com\/wp-content\/uploads\/2015\/01\/Liqaa_M-Laborde_2009-1-300x200.jpg 300w, https:\/\/alialaoui.com\/wp-content\/uploads\/2015\/01\/Liqaa_M-Laborde_2009-1.jpg 425w\" sizes=\"auto, (max-width: 300px) 100vw, 300px\" \/><\/a>\u00a0Photo: M. Laborde<\/p>\n<p style=\"text-align: center;\">\n","protected":false},"excerpt":{"rendered":"<p>Jean-Marc Padovani (saxophone) \/ Philippe L\u00e9og\u00e9 (piano) \/\u00a0Majid Bekkas (Gembri \u2013 guitare) \/ Ali Alaoui (percussions) Voici une belle rencontre ! Celle de quatre passionn\u00e9s de musique ou plut\u00f4t de \u201cmusiques\u201d. Quatre \u201ctouche-\u00e0-tout\u201d qui tentent avec bonheur d\u2019ouvrir \u00e0 l\u2019autre leur propre champ musical et cela avec d\u00e9termination et passion. Chacun d\u2019entre eux s\u2019est frott\u00e9 [&hellip;]<\/p>\n","protected":false},"author":1,"featured_media":0,"parent":0,"menu_order":0,"comment_status":"closed","ping_status":"open","template":"","meta":{"footnotes":""},"class_list":["post-204","page","type-page","status-publish","hentry"],"_links":{"self":[{"href":"https:\/\/alialaoui.com\/index.php?rest_route=\/wp\/v2\/pages\/204","targetHints":{"allow":["GET"]}}],"collection":[{"href":"https:\/\/alialaoui.com\/index.php?rest_route=\/wp\/v2\/pages"}],"about":[{"href":"https:\/\/alialaoui.com\/index.php?rest_route=\/wp\/v2\/types\/page"}],"author":[{"embeddable":true,"href":"https:\/\/alialaoui.com\/index.php?rest_route=\/wp\/v2\/users\/1"}],"replies":[{"embeddable":true,"href":"https:\/\/alialaoui.com\/index.php?rest_route=%2Fwp%2Fv2%2Fcomments&post=204"}],"version-history":[{"count":10,"href":"https:\/\/alialaoui.com\/index.php?rest_route=\/wp\/v2\/pages\/204\/revisions"}],"predecessor-version":[{"id":424,"href":"https:\/\/alialaoui.com\/index.php?rest_route=\/wp\/v2\/pages\/204\/revisions\/424"}],"wp:attachment":[{"href":"https:\/\/alialaoui.com\/index.php?rest_route=%2Fwp%2Fv2%2Fmedia&parent=204"}],"curies":[{"name":"wp","href":"https:\/\/api.w.org\/{rel}","templated":true}]}}