{"id":200,"date":"2015-01-28T14:56:58","date_gmt":"2015-01-28T13:56:58","guid":{"rendered":"http:\/\/alialaoui.com\/?page_id=200"},"modified":"2015-08-18T11:18:09","modified_gmt":"2015-08-18T09:18:09","slug":"resonessence","status":"publish","type":"page","link":"https:\/\/alialaoui.com\/?page_id=200","title":{"rendered":"R\u00e9sonessence"},"content":{"rendered":"<div id=\"body_layer\">\n<div id=\"widget1\" class=\"com-apple-iweb-widget-YouTube aboveStrokesAndFrames\">\n<div id=\"widget1-youTube\" class=\"youtube_widget\">\n<div id=\"widget1-movie\" class=\"YouTubeMovie\">\n<div class=\"tinyText style_SkipStroke_1\"><img loading=\"lazy\" decoding=\"async\" class=\" aligncenter\" src=\"http:\/\/www.frederiquemusic.com\/Francais\/Resonessence_files\/P1000099.jpg\" alt=\"\" width=\"396\" height=\"298\" \/><\/div>\n<div class=\"tinyText style_SkipStroke_1\">\n<div id=\"id7\" class=\"style_SkipStroke_2 shape-with-text\">\n<div class=\"text-content graphic_textbox_layout_style_default_External_135_21\">\n<div class=\"graphic_textbox_layout_style_default\">\n<p class=\"paragraph_style_3\"><em>photo: Aristote Veilla\u00a0\u00a0\u00a0\u00a0\u00a0\u00a0\u00a0 concert @ Espace JOB Toulouse<\/em><\/p>\n<\/div>\n<\/div>\n<\/div>\n<\/div>\n<\/div>\n<\/div>\n<\/div>\n<div id=\"id5\" class=\"style_SkipStroke_2 shape-with-text\">\n<div class=\"text-content graphic_textbox_layout_style_default_External_294_161\">\n<div class=\"graphic_textbox_layout_style_default\">\n<p class=\"paragraph_style_4\"><strong>Thierry Di Filippo : Oud <\/strong><\/p>\n<p class=\"paragraph_style_4\"><strong>Ali Alaoui :\u00a0 Percussions <\/strong><\/p>\n<p class=\"paragraph_style_4\"><strong>Maxime Dupuis : Violoncelle\u00a0 <\/strong><\/p>\n<p class=\"paragraph_style_5\"><strong>Fr\u00e9d\u00e9rique Trunk : Piano, Voix &amp; Composition<\/strong><\/p>\n<div id=\"id6\" class=\"style_SkipStroke shape-with-text\">\n<div class=\"text-content style_External_739_378\">\n<div class=\"style\">\n<p class=\"paragraph_style_8\"><a href=\"http:\/\/www.frederiquemusic.com\/Francais\/Resonessence.html\" target=\"_blank\"><em><span class=\"style_4\">Resonessence<\/span><\/em><\/a> fond\u00e9 \u00e0 Barcelone en 2008 et recr\u00e9\u00e9 \u00e0 Toulouse en 2012 a pour principale essence d&rsquo;explorer diff\u00e9rentes inspirations musicales de sa fondatrice la pianiste et compositrice fran\u00e7aise Fr\u00e9d\u00e9rique Trunk, co-fondatrice d&rsquo;un groupe similaire \u00e0 New York de 1991 \u00e0 2006 (groupe Myriade, CD Soukoun 1999). Le concept g\u00e9n\u00e9ral est le m\u00eame, cr\u00e9er des ponts entre les cultures et les genres musicaux au travers d&rsquo;un son unique fait de voix et r\u00e9sonances multiples.<\/p>\n<p class=\"paragraph_style_8\"><span class=\"style_4\">Resonessence<\/span> comprenant piano, violoncelle, oud et percussion, offre un programme de compositions originales &#8211; et quelques arrangements de pi\u00e8ces du r\u00e9pertoire traditionnel &#8211; voyageant entre le classique et le jazz avec des accents de musique orientales et autres parfums exotiques. <span class=\"style_5\"><br \/>\n<\/span><\/p>\n<p class=\"paragraph_style_9\">Le groupe s\u2019est produit sur diff\u00e9rentes sc<span class=\"style_4\">\u00e8<\/span>nes de Barcelone notamment au Jazz Si et Jamboree Jazz Club.<\/p>\n<p class=\"paragraph_style_9\">Le 22 mai 2011 il a \u00e9t\u00e9 l\u2019invit\u00e9 de l\u2019\u00e9mission <span class=\"style_6\">de <\/span>Radio 3 \u00e0\u00a0Barcelone : <a title=\"http:\/\/www.rtve.es\/alacarta\/audios\/mediterraneo\/\" href=\"http:\/\/www.rtve.es\/alacarta\/audios\/mediterraneo\/\">http:\/\/www.rtve.es\/alacarta\/audios\/mediterraneo\/<\/a><\/p>\n<p class=\"paragraph_style_10\">Depuis sa fondation \u00e0 Toulouse<span class=\"style_4\"> Resonessence <\/span>s\u2019est produit \u00e0 la Cave Po\u00e9sie, au Mandala Jazz Club, \u00e0 l\u2019Espace JOB et a particip\u00e9 au FESTIVAL JAZZ SUR SON 31 le 26 octobre 2013.<span class=\"style_8\"><br \/>\n<\/span><\/p>\n<\/div>\n<\/div>\n<\/div>\n<p><strong><span class=\"style_10\">VIDEOS <\/span><\/strong><\/p>\n<p><strong><span class=\"style_10\">RESONESSENCE AU FESTIVAL JAZZ SUR SON 31<\/span>\u00a0<\/strong><\/p>\n<div id=\"id11\" class=\"style_SkipStroke_2 shape-with-text\">\n<div class=\"text-content graphic_textbox_layout_style_default_External_551_140\">\n<div class=\"graphic_textbox_layout_style_default\">\n<div class=\"paragraph Body\">\n<div id=\"id10\" class=\"style_SkipStroke_2 shape-with-text inline-block\">\n<div>\n<div class=\"text-content graphic_textbox_layout_style_default_External_543_132\">\n<div class=\"graphic_textbox_layout_style_default\">\n<p class=\"paragraph_style_15\">Conseil G\u00e9n\u00e9ral de la Haute-Garonne, 26 octobre 2013. Vid\u00e9os r\u00e9alis\u00e9es par Christian Kitzinger.<\/p>\n<p class=\"paragraph_style_18\">MYRIADANCE<\/p>\n<p class=\"paragraph_style_19\"><a href=\"http:\/\/vimeo.com\/79984459\" target=\"_blank\">http:\/\/vimeo.com\/79984459<\/a><\/p>\n<p class=\"paragraph_style_20\">WITHOUT YOU<\/p>\n<p class=\"paragraph_style_21\"><a href=\"http:\/\/vimeo.com\/80485927\" target=\"_blank\">http:\/\/vimeo.com\/80485927<\/a><\/p>\n<p class=\"paragraph_style_22\">A TOUT ZAHAR<\/p>\n<p class=\"paragraph_style_21\"><a href=\"http:\/\/www.dailymotion.com\/video\/x1jr96m_atout-zahar_music\" target=\"_blank\">http:\/\/www.dailymotion.com\/video\/x1jr96m_atout-zahar_music<\/a><\/p>\n<p class=\"paragraph_style_23\">LO QUE ME DIJO EL MAR<\/p>\n<p class=\"paragraph_style_24\"><a href=\"http:\/\/www.dailymotion.com\/video\/x1jqtai_lo-que-me-dijo-el-mar_music\" target=\"_blank\">http:\/\/www.dailymotion.com\/video\/x1jqtai_lo-que-me-dijo-el-mar_music<\/a><\/p>\n<p>&nbsp;<\/p>\n<p class=\"paragraph_style_15\">\n<\/div>\n<div class=\"graphic_textbox_layout_style_default\"><\/div>\n<\/div>\n<\/div>\n<\/div>\n<\/div>\n<\/div>\n<\/div>\n<\/div>\n<\/div>\n<\/div>\n<\/div>\n<div class=\"tinyText style_SkipStroke_1\"><\/div>\n<\/div>\n","protected":false},"excerpt":{"rendered":"<p>photo: Aristote Veilla\u00a0\u00a0\u00a0\u00a0\u00a0\u00a0\u00a0 concert @ Espace JOB Toulouse Thierry Di Filippo : Oud Ali Alaoui :\u00a0 Percussions Maxime Dupuis : Violoncelle\u00a0 Fr\u00e9d\u00e9rique Trunk : Piano, Voix &amp; Composition Resonessence fond\u00e9 \u00e0 Barcelone en 2008 et recr\u00e9\u00e9 \u00e0 Toulouse en 2012 a pour principale essence d&rsquo;explorer diff\u00e9rentes inspirations musicales de sa fondatrice la pianiste et compositrice [&hellip;]<\/p>\n","protected":false},"author":1,"featured_media":0,"parent":0,"menu_order":0,"comment_status":"closed","ping_status":"open","template":"","meta":{"footnotes":""},"class_list":["post-200","page","type-page","status-publish","hentry"],"_links":{"self":[{"href":"https:\/\/alialaoui.com\/index.php?rest_route=\/wp\/v2\/pages\/200","targetHints":{"allow":["GET"]}}],"collection":[{"href":"https:\/\/alialaoui.com\/index.php?rest_route=\/wp\/v2\/pages"}],"about":[{"href":"https:\/\/alialaoui.com\/index.php?rest_route=\/wp\/v2\/types\/page"}],"author":[{"embeddable":true,"href":"https:\/\/alialaoui.com\/index.php?rest_route=\/wp\/v2\/users\/1"}],"replies":[{"embeddable":true,"href":"https:\/\/alialaoui.com\/index.php?rest_route=%2Fwp%2Fv2%2Fcomments&post=200"}],"version-history":[{"count":9,"href":"https:\/\/alialaoui.com\/index.php?rest_route=\/wp\/v2\/pages\/200\/revisions"}],"predecessor-version":[{"id":726,"href":"https:\/\/alialaoui.com\/index.php?rest_route=\/wp\/v2\/pages\/200\/revisions\/726"}],"wp:attachment":[{"href":"https:\/\/alialaoui.com\/index.php?rest_route=%2Fwp%2Fv2%2Fmedia&parent=200"}],"curies":[{"name":"wp","href":"https:\/\/api.w.org\/{rel}","templated":true}]}}