{"id":191,"date":"2015-01-28T14:47:45","date_gmt":"2015-01-28T13:47:45","guid":{"rendered":"http:\/\/alialaoui.com\/?page_id=191"},"modified":"2015-03-01T01:14:43","modified_gmt":"2015-03-01T00:14:43","slug":"music-from-source-vol-ii","status":"publish","type":"page","link":"https:\/\/alialaoui.com\/?page_id=191","title":{"rendered":"Music from source vol II"},"content":{"rendered":"<p style=\"text-align: center;\"><a href=\"https:\/\/alialaoui.com\/wp-content\/uploads\/2015\/01\/cover_music-from-source-vol-ii_300.jpg\" target=\"_blank\"><img loading=\"lazy\" decoding=\"async\" class=\"alignnone  wp-image-571\" src=\"https:\/\/alialaoui.com\/wp-content\/uploads\/2015\/01\/cover_music-from-source-vol-ii_300-300x300.jpg\" alt=\"cover_music-from-source-vol-ii_300\" width=\"349\" height=\"349\" srcset=\"https:\/\/alialaoui.com\/wp-content\/uploads\/2015\/01\/cover_music-from-source-vol-ii_300.jpg 300w, https:\/\/alialaoui.com\/wp-content\/uploads\/2015\/01\/cover_music-from-source-vol-ii_300-150x150.jpg 150w\" sizes=\"auto, (max-width: 349px) 100vw, 349px\" \/><\/a><\/p>\n<h4><strong>David El-Malek:\u00a0<\/strong>saxophones<br \/>\n<strong>Ali Alaoui:<\/strong>\u00a0bendir, riqq, darbouka, tabla<br \/>\n<strong>Ingrid Panquin:<\/strong>\u00a0chant<br \/>\n<strong>Thierry Di Fillipo:<\/strong>\u00a0oud<br \/>\n<strong>Spyros Halaris:<\/strong>\u00a0qan\u00fbn<br \/>\n<strong>Sabrina Mauchet:<\/strong>\u00a0violon<br \/>\n<strong>Mathilde Vrech:<\/strong>\u00a0alto<br \/>\n<strong>Vladimir Tserabun:<\/strong>\u00a0violoncelle<br \/>\n<strong>Thibault Laurent:<\/strong> percussions<br \/>\n<strong>Jamal Benyahya:<\/strong>\u00a0percussions<br \/>\n<strong>Jules Bikoko:<\/strong>\u00a0contrebasse<\/h4>\n<p><a href=\"http:\/\/davidelmalek.com\/fr\/albums\/12-music-from-source-music-from-source-vol-ii\" target=\"_blank\">ECOUTER\u00a0des extraits de l&rsquo;album<\/a><\/p>\n<p>A l\u2019ombre d\u2019un r\u00e9pertoire traditionnel, <b class=\"texte_rouge\">David El-Malek s\u2019\u00e9chappe vers une forme de jazz original, peupl\u00e9 de sonorit\u00e9s prot\u00e9iformes, riches, inspir\u00e9es, habit\u00e9es.<\/b> L\u2019album <i>Music from Source\u00a0<\/i>(2008) illustre \u00e0 merveille cet engagement. Dans sa nouvelle cr\u00e9ation, le volume II de <i>Music from Source<\/i>, David El-Malek approfondit l\u2019hybridation des cultures musicales d\u2019Isra\u00ebl, du Maroc et d\u2019Espagne et fait appel \u00e0 Ali Alaoui, sp\u00e9cialiste reconnu du style arabo-andalou et de la musique classique et populaire du Maghreb. Il r\u00e9unit sur sc\u00e8ne dix musiciens d\u2019horizons divers avec, <b class=\"texte_rouge\">d\u2019un c\u00f4t\u00e9, les cordes br\u00fblantes d\u2019un orchestre de chambre et, de l\u2019autre, les sonorit\u00e9s hors d\u2019\u00e2ge et envo\u00fbtantes des percussions arabes traditionnelles.<\/b> De passeur, El-Malek devient explorateur, revisitant les contr\u00e9es lointaines de la transe et de la polyrythmie marocaine.<\/p>\n<p><strong>CONCERTS<\/strong><\/p>\n<p>Salle JOB, Toulouse, 29 mai 2012<\/p>\n<p>Mus\u00e9e d&rsquo;Art et d&rsquo;Histoire du Juda\u00efsme, Paris, 31 mai 2012<\/p>\n<p>La Coursive, La Rochelle, 20 octobre 2012<\/p>\n<p>New Morning, Paris, 24 octobre 2012<\/p>\n<p>Festival Pr\u00e9sences 2013, Aix-en-Provence, 25 janvier 2013<\/p>\n<p>Th\u00e9\u00e2tre National du Capitole, Toulouse, 22 juin 2013<\/p>\n<p style=\"text-align: center;\">\u00a0<a href=\"https:\/\/alialaoui.com\/wp-content\/uploads\/2015\/01\/Music-from-source-39web.jpg\" target=\"_blank\"><img loading=\"lazy\" decoding=\"async\" class=\"alignnone  wp-image-581\" src=\"https:\/\/alialaoui.com\/wp-content\/uploads\/2015\/01\/Music-from-source-39web-300x201.jpg\" alt=\"Music from source 39web\" width=\"349\" height=\"237\" \/><\/a><\/p>\n<p style=\"text-align: center;\"><a href=\"https:\/\/alialaoui.com\/wp-content\/uploads\/2015\/01\/Music-from-source-9-web.jpg\" target=\"_blank\"><img loading=\"lazy\" decoding=\"async\" class=\"alignnone  wp-image-573\" src=\"https:\/\/alialaoui.com\/wp-content\/uploads\/2015\/01\/Music-from-source-9-web-300x146.jpg\" alt=\"Music from source 9-web\" width=\"350\" height=\"170\" srcset=\"https:\/\/alialaoui.com\/wp-content\/uploads\/2015\/01\/Music-from-source-9-web-300x146.jpg 300w, https:\/\/alialaoui.com\/wp-content\/uploads\/2015\/01\/Music-from-source-9-web-1024x497.jpg 1024w, https:\/\/alialaoui.com\/wp-content\/uploads\/2015\/01\/Music-from-source-9-web.jpg 1850w\" sizes=\"auto, (max-width: 350px) 100vw, 350px\" \/><\/a><\/p>\n<p style=\"text-align: center;\"><a href=\"https:\/\/alialaoui.com\/wp-content\/uploads\/2015\/01\/Music-from-source-25web.jpg\" target=\"_blank\"><img loading=\"lazy\" decoding=\"async\" class=\"alignnone  wp-image-582\" src=\"https:\/\/alialaoui.com\/wp-content\/uploads\/2015\/01\/Music-from-source-25web-300x217.jpg\" alt=\"Music from source 25web\" width=\"351\" height=\"254\" srcset=\"https:\/\/alialaoui.com\/wp-content\/uploads\/2015\/01\/Music-from-source-25web-300x217.jpg 300w, https:\/\/alialaoui.com\/wp-content\/uploads\/2015\/01\/Music-from-source-25web-1024x742.jpg 1024w, https:\/\/alialaoui.com\/wp-content\/uploads\/2015\/01\/Music-from-source-25web.jpg 1802w\" sizes=\"auto, (max-width: 351px) 100vw, 351px\" \/><\/a><\/p>\n<p style=\"text-align: center;\"><a href=\"https:\/\/alialaoui.com\/wp-content\/uploads\/2015\/01\/DEM-Symphonique-web.jpg\" target=\"_blank\"><img loading=\"lazy\" decoding=\"async\" class=\"alignnone  wp-image-574\" src=\"https:\/\/alialaoui.com\/wp-content\/uploads\/2015\/01\/DEM-Symphonique-web-300x201.jpg\" alt=\"DEM Symphonique-web\" width=\"353\" height=\"237\" srcset=\"https:\/\/alialaoui.com\/wp-content\/uploads\/2015\/01\/DEM-Symphonique-web-300x201.jpg 300w, https:\/\/alialaoui.com\/wp-content\/uploads\/2015\/01\/DEM-Symphonique-web-1024x685.jpg 1024w, https:\/\/alialaoui.com\/wp-content\/uploads\/2015\/01\/DEM-Symphonique-web.jpg 1936w\" sizes=\"auto, (max-width: 353px) 100vw, 353px\" \/><\/a><\/p>\n<p><a href=\"http:\/\/davidelmalek.com\/fr\/radio\/19-music-from-source-version-symphonique-festival-de-creation-musicale-radio-france\" target=\"_blank\"><strong>ECOUTER la version symphonique<\/strong><\/a><\/p>\n","protected":false},"excerpt":{"rendered":"<p>David El-Malek:\u00a0saxophones Ali Alaoui:\u00a0bendir, riqq, darbouka, tabla Ingrid Panquin:\u00a0chant Thierry Di Fillipo:\u00a0oud Spyros Halaris:\u00a0qan\u00fbn Sabrina Mauchet:\u00a0violon Mathilde Vrech:\u00a0alto Vladimir Tserabun:\u00a0violoncelle Thibault Laurent: percussions Jamal Benyahya:\u00a0percussions Jules Bikoko:\u00a0contrebasse ECOUTER\u00a0des extraits de l&rsquo;album A l\u2019ombre d\u2019un r\u00e9pertoire traditionnel, David El-Malek s\u2019\u00e9chappe vers une forme de jazz original, peupl\u00e9 de sonorit\u00e9s prot\u00e9iformes, riches, inspir\u00e9es, habit\u00e9es. L\u2019album Music from [&hellip;]<\/p>\n","protected":false},"author":1,"featured_media":0,"parent":0,"menu_order":0,"comment_status":"closed","ping_status":"open","template":"","meta":{"footnotes":""},"class_list":["post-191","page","type-page","status-publish","hentry"],"_links":{"self":[{"href":"https:\/\/alialaoui.com\/index.php?rest_route=\/wp\/v2\/pages\/191","targetHints":{"allow":["GET"]}}],"collection":[{"href":"https:\/\/alialaoui.com\/index.php?rest_route=\/wp\/v2\/pages"}],"about":[{"href":"https:\/\/alialaoui.com\/index.php?rest_route=\/wp\/v2\/types\/page"}],"author":[{"embeddable":true,"href":"https:\/\/alialaoui.com\/index.php?rest_route=\/wp\/v2\/users\/1"}],"replies":[{"embeddable":true,"href":"https:\/\/alialaoui.com\/index.php?rest_route=%2Fwp%2Fv2%2Fcomments&post=191"}],"version-history":[{"count":14,"href":"https:\/\/alialaoui.com\/index.php?rest_route=\/wp\/v2\/pages\/191\/revisions"}],"predecessor-version":[{"id":569,"href":"https:\/\/alialaoui.com\/index.php?rest_route=\/wp\/v2\/pages\/191\/revisions\/569"}],"wp:attachment":[{"href":"https:\/\/alialaoui.com\/index.php?rest_route=%2Fwp%2Fv2%2Fmedia&parent=191"}],"curies":[{"name":"wp","href":"https:\/\/api.w.org\/{rel}","templated":true}]}}