{"id":1658,"date":"2023-07-26T19:58:00","date_gmt":"2023-07-26T17:58:00","guid":{"rendered":"http:\/\/alialaoui.com\/?page_id=1658"},"modified":"2026-01-16T16:40:27","modified_gmt":"2026-01-16T15:40:27","slug":"cours-de-technique-vocale","status":"publish","type":"page","link":"https:\/\/alialaoui.com\/?page_id=1658","title":{"rendered":"Coaching vocal"},"content":{"rendered":"\n<p class=\"has-medium-font-size\"><strong>Un travail d\u2019accompagnement et de pr\u00e9paration cibl\u00e9 selon votre projet<\/strong><\/p>\n\n\n\n<p class=\"has-black-color has-luminous-vivid-amber-background-color has-text-color has-background has-link-color wp-elements-f6f76069198d24a243cd4d22de31fdd0\"><strong>COURS INDIVIDUELS <\/strong>(apr\u00e8s un rdv t\u00e9l\u00e9phonique avec Ingrid Panquin) Le JEUDI entre 12h30 et 14h \u00e0 la Maison de Quartier La Vache. (Possibilit\u00e9 d&rsquo;autres cr\u00e9neaux horaires \u00e0 discuter.)<\/p>\n\n\n\n<p>Formule de 15 s\u00e9ances d&rsquo;1h ou 10 s\u00e9ances d&rsquo;1h30.<\/p>\n\n\n\n<div class=\"wp-block-columns is-layout-flex wp-container-core-columns-is-layout-9d6595d7 wp-block-columns-is-layout-flex\">\n<div class=\"wp-block-column is-layout-flow wp-block-column-is-layout-flow\" style=\"flex-basis:50%\"><div class=\"wp-block-image is-style-rounded\">\n<figure class=\"alignleft size-medium\"><a href=\"https:\/\/alialaoui.com\/wp-content\/uploads\/2023\/02\/Ingrid-Panquin-3.jpg\"><img loading=\"lazy\" decoding=\"async\" width=\"258\" height=\"300\" src=\"https:\/\/alialaoui.com\/wp-content\/uploads\/2023\/02\/Ingrid-Panquin-3-258x300.jpg\" alt=\"\" class=\"wp-image-2172\" srcset=\"https:\/\/alialaoui.com\/wp-content\/uploads\/2023\/02\/Ingrid-Panquin-3-258x300.jpg 258w, https:\/\/alialaoui.com\/wp-content\/uploads\/2023\/02\/Ingrid-Panquin-3-768x892.jpg 768w, https:\/\/alialaoui.com\/wp-content\/uploads\/2023\/02\/Ingrid-Panquin-3.jpg 841w\" sizes=\"auto, (max-width: 258px) 100vw, 258px\" \/><\/a><\/figure><\/div><\/div>\n\n\n\n<div class=\"wp-block-column is-vertically-aligned-center is-layout-flow wp-block-column-is-layout-flow\" style=\"flex-basis:50%\">\n<div class=\"wp-block-group\"><div class=\"wp-block-group__inner-container is-layout-flow wp-block-group-is-layout-flow\"><\/div><\/div>\n<\/div>\n<\/div>\n","protected":false},"excerpt":{"rendered":"<p>Un travail d\u2019accompagnement et de pr\u00e9paration cibl\u00e9 selon votre projet COURS INDIVIDUELS (apr\u00e8s un rdv t\u00e9l\u00e9phonique avec Ingrid Panquin) Le JEUDI entre 12h30 et 14h \u00e0 la Maison de Quartier La Vache. (Possibilit\u00e9 d&rsquo;autres cr\u00e9neaux horaires \u00e0 discuter.) Formule de 15 s\u00e9ances d&rsquo;1h ou 10 s\u00e9ances d&rsquo;1h30.<\/p>\n","protected":false},"author":3,"featured_media":0,"parent":0,"menu_order":0,"comment_status":"closed","ping_status":"closed","template":"","meta":{"footnotes":""},"class_list":["post-1658","page","type-page","status-publish","hentry"],"_links":{"self":[{"href":"https:\/\/alialaoui.com\/index.php?rest_route=\/wp\/v2\/pages\/1658","targetHints":{"allow":["GET"]}}],"collection":[{"href":"https:\/\/alialaoui.com\/index.php?rest_route=\/wp\/v2\/pages"}],"about":[{"href":"https:\/\/alialaoui.com\/index.php?rest_route=\/wp\/v2\/types\/page"}],"author":[{"embeddable":true,"href":"https:\/\/alialaoui.com\/index.php?rest_route=\/wp\/v2\/users\/3"}],"replies":[{"embeddable":true,"href":"https:\/\/alialaoui.com\/index.php?rest_route=%2Fwp%2Fv2%2Fcomments&post=1658"}],"version-history":[{"count":13,"href":"https:\/\/alialaoui.com\/index.php?rest_route=\/wp\/v2\/pages\/1658\/revisions"}],"predecessor-version":[{"id":3379,"href":"https:\/\/alialaoui.com\/index.php?rest_route=\/wp\/v2\/pages\/1658\/revisions\/3379"}],"wp:attachment":[{"href":"https:\/\/alialaoui.com\/index.php?rest_route=%2Fwp%2Fv2%2Fmedia&parent=1658"}],"curies":[{"name":"wp","href":"https:\/\/api.w.org\/{rel}","templated":true}]}}