{"id":1633,"date":"2023-07-26T01:59:00","date_gmt":"2023-07-25T23:59:00","guid":{"rendered":"http:\/\/alialaoui.com\/?page_id=1633"},"modified":"2025-09-18T09:51:16","modified_gmt":"2025-09-18T07:51:16","slug":"cours-de-handpan","status":"publish","type":"page","link":"https:\/\/alialaoui.com\/?page_id=1633","title":{"rendered":"Cours de handpan"},"content":{"rendered":"\n<p class=\"has-black-color has-luminous-vivid-amber-background-color has-text-color has-background has-link-color wp-elements-df8e165152da1bd9b4d1ab0ba17f8336\"><strong>COURS INDIVIDUELS <\/strong>(apr\u00e8s un rdv t\u00e9l\u00e9phonique avec Ali Alaoui) Le JEUDI entre 12h30 et 14h \u00e0 la Maison de Quartier La Vache. (Possibilit\u00e9 d&rsquo;autres cr\u00e9neaux horaires \u00e0 discuter.) <\/p>\n\n\n\n<p>Le handpan est une percussion m\u00e9lodique constitu\u00e9e de deux coques d\u2019acier coll\u00e9es ou  soud\u00e9es invent\u00e9 en Suisse en l\u2019an 2000. Cet instrument, accord\u00e9 au  marteau, poss\u00e8de une richesse de sons aux harmoniques envo\u00fbtantes qui en  font un support id\u00e9al \u00e0 toutes les cr\u00e9ations musicales mais aussi \u00e0 la  musicoth\u00e9rapie ou \u00e0 la relaxation.<\/p>\n\n\n\n<p class=\"has-black-color has-luminous-vivid-amber-background-color has-text-color has-background has-link-color wp-elements-c12f44ad1bac1522736b4b1de163a8c2\">Formule de 15 s\u00e9ances d&rsquo;1h ou 10 s\u00e9ances d&rsquo;1h30.<\/p>\n\n\n<p><iframe id=\"haWidget\" allowtransparency=\"true\" src=\"https:\/\/www.helloasso.com\/associations\/ali-alaoui-arts-et-developpement\/adhesions\/cours-de-handpan\/widget-vignette\" style=\"width:350px;border:none;\" onload=\"window.addEventListener( 'message', e => { const dataHeight = e.data.height; const haWidgetElement = document.getElementById(&lsquo;haWidget&rsquo;); haWidgetElement.height = dataHeight + &lsquo;px&rsquo;; } )\u00a0\u00bb><\/iframe><\/p>\n\n\n\n<figure class=\"wp-block-image size-large\"><a href=\"https:\/\/alialaoui.com\/wp-content\/uploads\/2022\/08\/COURS-DE-HANDPAN-2.jpg\"><img loading=\"lazy\" decoding=\"async\" width=\"724\" height=\"1024\" src=\"https:\/\/alialaoui.com\/wp-content\/uploads\/2022\/08\/COURS-DE-HANDPAN-2-724x1024.jpg\" alt=\"\" class=\"wp-image-1947\" srcset=\"https:\/\/alialaoui.com\/wp-content\/uploads\/2022\/08\/COURS-DE-HANDPAN-2-724x1024.jpg 724w, https:\/\/alialaoui.com\/wp-content\/uploads\/2022\/08\/COURS-DE-HANDPAN-2-212x300.jpg 212w, https:\/\/alialaoui.com\/wp-content\/uploads\/2022\/08\/COURS-DE-HANDPAN-2-768x1086.jpg 768w, https:\/\/alialaoui.com\/wp-content\/uploads\/2022\/08\/COURS-DE-HANDPAN-2-1086x1536.jpg 1086w, https:\/\/alialaoui.com\/wp-content\/uploads\/2022\/08\/COURS-DE-HANDPAN-2.jpg 1414w\" sizes=\"auto, (max-width: 724px) 100vw, 724px\" \/><\/a><\/figure>\n\n\n\n<p><\/p>\n","protected":false},"excerpt":{"rendered":"<p>COURS INDIVIDUELS (apr\u00e8s un rdv t\u00e9l\u00e9phonique avec Ali Alaoui) Le JEUDI entre 12h30 et 14h \u00e0 la Maison de Quartier La Vache. (Possibilit\u00e9 d&rsquo;autres cr\u00e9neaux horaires \u00e0 discuter.) Le handpan est une percussion m\u00e9lodique constitu\u00e9e de deux coques d\u2019acier coll\u00e9es ou soud\u00e9es invent\u00e9 en Suisse en l\u2019an 2000. Cet instrument, accord\u00e9 au marteau, poss\u00e8de une [&hellip;]<\/p>\n","protected":false},"author":3,"featured_media":0,"parent":0,"menu_order":0,"comment_status":"closed","ping_status":"closed","template":"","meta":{"footnotes":""},"class_list":["post-1633","page","type-page","status-publish","hentry"],"_links":{"self":[{"href":"https:\/\/alialaoui.com\/index.php?rest_route=\/wp\/v2\/pages\/1633","targetHints":{"allow":["GET"]}}],"collection":[{"href":"https:\/\/alialaoui.com\/index.php?rest_route=\/wp\/v2\/pages"}],"about":[{"href":"https:\/\/alialaoui.com\/index.php?rest_route=\/wp\/v2\/types\/page"}],"author":[{"embeddable":true,"href":"https:\/\/alialaoui.com\/index.php?rest_route=\/wp\/v2\/users\/3"}],"replies":[{"embeddable":true,"href":"https:\/\/alialaoui.com\/index.php?rest_route=%2Fwp%2Fv2%2Fcomments&post=1633"}],"version-history":[{"count":13,"href":"https:\/\/alialaoui.com\/index.php?rest_route=\/wp\/v2\/pages\/1633\/revisions"}],"predecessor-version":[{"id":3255,"href":"https:\/\/alialaoui.com\/index.php?rest_route=\/wp\/v2\/pages\/1633\/revisions\/3255"}],"wp:attachment":[{"href":"https:\/\/alialaoui.com\/index.php?rest_route=%2Fwp%2Fv2%2Fmedia&parent=1633"}],"curies":[{"name":"wp","href":"https:\/\/api.w.org\/{rel}","templated":true}]}}